{"id":1234,"date":"2019-09-20T13:30:29","date_gmt":"2019-09-20T13:30:29","guid":{"rendered":"http:\/\/www.promostore.com.ar\/web\/?post_type=product&#038;p=1234"},"modified":"2019-09-20T13:30:29","modified_gmt":"2019-09-20T13:30:29","slug":"mochila-urbana","status":"publish","type":"product","link":"https:\/\/www.promostore.com.ar\/web\/producto\/mochila-urbana\/","title":{"rendered":"MOCHILA URBANA"},"content":{"rendered":"<p>Mochila urbana. Con solapa imantada, compartimento para notebook de 14&#8243; y m\u00faltiples bolsillos organizadores. La mejor compa\u00f1era para el d\u00eda a d\u00eda en la ciudad. Algod\u00f3n + Nylon + PU. 32 x 41 x 12 cm.<\/p>\n<p>Mochilas &#8211; Marroquineria<\/p>\n\n    <div class=\"xs_social_share_widget xs_share_url after_content \t\tmain_content  wslu-style-1 wslu-share-box-shaped wslu-fill-colored wslu-none wslu-share-horizontal wslu-theme-font-no wslu-main_content\">\n\n\t\t\n        <ul>\n\t\t\t        <\/ul>\n    <\/div> \n","protected":false},"excerpt":{"rendered":"<p>Mochila urbana. Con solapa imantada, compartimento para notebook de 14&#8243; y m\u00faltiples bolsillos organizadores. La mejor compa\u00f1era para el d\u00eda a d\u00eda en la ciudad. Algod\u00f3n + Nylon + PU. 32 x 41 x 12 cm. Mochilas &#8211; Marroquineria<\/p>\n","protected":false},"featured_media":1235,"comment_status":"open","ping_status":"closed","template":"","meta":{"postBodyCss":"","postBodyMargin":[],"postBodyPadding":[],"postBodyBackground":{"backgroundType":"classic","gradient":""}},"product_brand":[],"product_cat":[125,32,52,41,97,91],"product_tag":[133,135,136,134],"class_list":{"0":"post-1234","1":"product","2":"type-product","3":"status-publish","4":"has-post-thumbnail","6":"product_cat-gatostore","7":"product_cat-marroquineria","8":"product_cat-marroquineria-mochilas","9":"product_cat-novedades","10":"product_cat-regalos-empresariales","11":"product_cat-tiempo-libre-viajes","12":"product_tag-mochila","13":"product_tag-mochila-urbana","14":"product_tag-mochila-urbana-gato","15":"product_tag-mochilas","17":"first","18":"instock","19":"shipping-taxable","20":"purchasable","21":"product-type-simple"},"_links":{"self":[{"href":"https:\/\/www.promostore.com.ar\/web\/wp-json\/wp\/v2\/product\/1234","targetHints":{"allow":["GET"]}}],"collection":[{"href":"https:\/\/www.promostore.com.ar\/web\/wp-json\/wp\/v2\/product"}],"about":[{"href":"https:\/\/www.promostore.com.ar\/web\/wp-json\/wp\/v2\/types\/product"}],"replies":[{"embeddable":true,"href":"https:\/\/www.promostore.com.ar\/web\/wp-json\/wp\/v2\/comments?post=1234"}],"wp:featuredmedia":[{"embeddable":true,"href":"https:\/\/www.promostore.com.ar\/web\/wp-json\/wp\/v2\/media\/1235"}],"wp:attachment":[{"href":"https:\/\/www.promostore.com.ar\/web\/wp-json\/wp\/v2\/media?parent=1234"}],"wp:term":[{"taxonomy":"product_brand","embeddable":true,"href":"https:\/\/www.promostore.com.ar\/web\/wp-json\/wp\/v2\/product_brand?post=1234"},{"taxonomy":"product_cat","embeddable":true,"href":"https:\/\/www.promostore.com.ar\/web\/wp-json\/wp\/v2\/product_cat?post=1234"},{"taxonomy":"product_tag","embeddable":true,"href":"https:\/\/www.promostore.com.ar\/web\/wp-json\/wp\/v2\/product_tag?post=1234"}],"curies":[{"name":"wp","href":"https:\/\/api.w.org\/{rel}","templated":true}]}}