{"id":1703,"date":"2025-07-31T15:48:00","date_gmt":"2025-07-31T15:48:00","guid":{"rendered":"https:\/\/www.promostore.com.ar\/web\/?post_type=product&#038;p=1703"},"modified":"2025-08-05T01:07:11","modified_gmt":"2025-08-05T01:07:11","slug":"lunchera-bambox","status":"publish","type":"product","link":"https:\/\/www.promostore.com.ar\/web\/producto\/lunchera-bambox\/","title":{"rendered":"Lunchera BAMBOX CDO"},"content":{"rendered":"<p>Organiza tus comidas de manera inteligente.<\/p>\n<p>Contenedor de alimentos con tapa de Bamb\u00fa. Posee dos compartimentos pl\u00e1sticos, un separador y bandeja porta set de 3 cubiertos (cuchillo, tenedor, cuchara). La tapa de bamb\u00fa debe presionar firmemente la bandeja donde se fija el juego de cubiertos. Cierre con sujeci\u00f3n el\u00e1stica color gris. Producto apto para microondas (sin la tapa). Importante: solo se puede calentar la comida, NO sirve para cocinarla.<\/p>\n<p>Medidas: 18.5 x 10.5 x 9.7 cm.<br \/>\nMateriales: Bamb\u00fa + Polipropileno.<br \/>\nPeso: 410 g.<\/p>\n\n    <div class=\"xs_social_share_widget xs_share_url after_content \t\tmain_content  wslu-style-1 wslu-share-box-shaped wslu-fill-colored wslu-none wslu-share-horizontal wslu-theme-font-no wslu-main_content\">\n\n\t\t\n        <ul>\n\t\t\t        <\/ul>\n    <\/div> \n","protected":false},"excerpt":{"rendered":"<p>Organiza tus comidas de manera inteligente.<\/p>\n<p>Contenedor de alimentos con tapa de Bamb\u00fa. Posee dos compartimentos pl\u00e1sticos, un separador y bandeja porta set de 3 cubiertos (cuchillo, tenedor, cuchara). La tapa de bamb\u00fa debe presionar firmemente la bandeja donde se fija el juego de cubiertos. Cierre con sujeci\u00f3n el\u00e1stica color gris. Producto apto para microondas (sin la tapa). Importante: solo se puede calentar la comida, NO sirve para cocinarla.<\/p>\n<p>Medidas: 18.5 x 10.5 x 9.7 cm.<br \/>\nMateriales: Bamb\u00fa + Polipropileno.<br \/>\nPeso: 410 g.<\/p>\n","protected":false},"featured_media":1705,"comment_status":"closed","ping_status":"closed","template":"","meta":{"postBodyCss":"","postBodyMargin":[],"postBodyPadding":[],"postBodyBackground":{"backgroundType":"classic","gradient":""}},"product_brand":[],"product_cat":[23,284,22,98,41,283,97,218,42,30],"product_tag":[235,233,224,231,230,234,220,221,225,223,228,227,222,219,232],"class_list":{"0":"post-1703","1":"product","2":"type-product","3":"status-publish","4":"has-post-thumbnail","6":"product_cat-hogar-bazar","7":"product_cat-bazar","8":"product_cat-hogar","9":"product_cat-merchandising","10":"product_cat-novedades","11":"product_cat-oficina-sustentable","12":"product_cat-regalos-empresariales","13":"product_cat-sustentable","14":"product_cat-tiempo-libre-termicos","15":"product_cat-tiempo-libre","16":"product_tag-bambox","17":"product_tag-contenedor","18":"product_tag-ecoproductos","19":"product_tag-lonchera","20":"product_tag-lunchera","21":"product_tag-lunchera-bambox","22":"product_tag-merchandising-eco","23":"product_tag-merchandising-ecologico","24":"product_tag-objetos-promocionales-ecologicos","25":"product_tag-productos-para-regalara-sustentables","26":"product_tag-regalos-bambu","27":"product_tag-regalos-de-madera","28":"product_tag-regalos-empresariales-eco","29":"product_tag-sustentable","30":"product_tag-tupper","32":"first","33":"instock","34":"shipping-taxable","35":"purchasable","36":"product-type-simple"},"_links":{"self":[{"href":"https:\/\/www.promostore.com.ar\/web\/wp-json\/wp\/v2\/product\/1703","targetHints":{"allow":["GET"]}}],"collection":[{"href":"https:\/\/www.promostore.com.ar\/web\/wp-json\/wp\/v2\/product"}],"about":[{"href":"https:\/\/www.promostore.com.ar\/web\/wp-json\/wp\/v2\/types\/product"}],"replies":[{"embeddable":true,"href":"https:\/\/www.promostore.com.ar\/web\/wp-json\/wp\/v2\/comments?post=1703"}],"wp:featuredmedia":[{"embeddable":true,"href":"https:\/\/www.promostore.com.ar\/web\/wp-json\/wp\/v2\/media\/1705"}],"wp:attachment":[{"href":"https:\/\/www.promostore.com.ar\/web\/wp-json\/wp\/v2\/media?parent=1703"}],"wp:term":[{"taxonomy":"product_brand","embeddable":true,"href":"https:\/\/www.promostore.com.ar\/web\/wp-json\/wp\/v2\/product_brand?post=1703"},{"taxonomy":"product_cat","embeddable":true,"href":"https:\/\/www.promostore.com.ar\/web\/wp-json\/wp\/v2\/product_cat?post=1703"},{"taxonomy":"product_tag","embeddable":true,"href":"https:\/\/www.promostore.com.ar\/web\/wp-json\/wp\/v2\/product_tag?post=1703"}],"curies":[{"name":"wp","href":"https:\/\/api.w.org\/{rel}","templated":true}]}}