{"id":1725,"date":"2025-08-01T17:27:51","date_gmt":"2025-08-01T17:27:51","guid":{"rendered":"https:\/\/www.promostore.com.ar\/web\/?post_type=product&#038;p=1725"},"modified":"2025-08-04T22:34:36","modified_gmt":"2025-08-04T22:34:36","slug":"libreta-magic-cdo","status":"publish","type":"product","link":"https:\/\/www.promostore.com.ar\/web\/producto\/libreta-magic-cdo\/","title":{"rendered":"Libreta MAGIC CDO"},"content":{"rendered":"<p>13 x 18 cm. Libreta color Kraft, anillado met\u00e1lico y 70 hojas punteadas de 70g. Bol\u00edgrafo met\u00e1lico (BP295) color negro con tinta negra. Mediante sistema de imanes el bol\u00edgrafo queda sujetado a la tapa, causando un efecto sorprendente. <\/p>\n\n    <div class=\"xs_social_share_widget xs_share_url after_content \t\tmain_content  wslu-style-1 wslu-share-box-shaped wslu-fill-colored wslu-none wslu-share-horizontal wslu-theme-font-no wslu-main_content\">\n\n\t\t\n        <ul>\n\t\t\t        <\/ul>\n    <\/div> \n","protected":false},"excerpt":{"rendered":"<p>13 x 18 cm. Libreta color Kraft, anillado met\u00e1lico y 70 hojas punteadas de 70g. Bol\u00edgrafo met\u00e1lico (BP295) color negro con tinta negra. Mediante sistema de imanes el bol\u00edgrafo queda sujetado a la tapa, causando un efecto sorprendente. <\/p>\n","protected":false},"featured_media":1729,"comment_status":"closed","ping_status":"closed","template":"","meta":{"postBodyCss":"","postBodyMargin":[],"postBodyPadding":[],"postBodyBackground":{"backgroundType":"classic","gradient":""}},"product_brand":[],"product_cat":[69,98,41,35,97,288],"product_tag":[243,253,242,246,224,254,241,252,220,221,225,223,228,240,227,222,219],"class_list":{"0":"post-1725","1":"product","2":"type-product","3":"status-publish","4":"has-post-thumbnail","6":"product_cat-oficina-libreria","7":"product_cat-merchandising","8":"product_cat-novedades","9":"product_cat-oficina","10":"product_cat-regalos-empresariales","11":"product_cat-tecnologia-sustentable","12":"product_tag-anotador-eco","13":"product_tag-anotador-kraft","14":"product_tag-cuaderno-eco","15":"product_tag-cuaderno-sustentable","16":"product_tag-ecoproductos","17":"product_tag-librea-sustentable","18":"product_tag-libreta-eco","19":"product_tag-libreta-magic","20":"product_tag-merchandising-eco","21":"product_tag-merchandising-ecologico","22":"product_tag-objetos-promocionales-ecologicos","23":"product_tag-productos-para-regalara-sustentables","24":"product_tag-regalos-bambu","25":"product_tag-regalos-de-bazar","26":"product_tag-regalos-de-madera","27":"product_tag-regalos-empresariales-eco","28":"product_tag-sustentable","30":"first","31":"instock","32":"shipping-taxable","33":"purchasable","34":"product-type-simple"},"_links":{"self":[{"href":"https:\/\/www.promostore.com.ar\/web\/wp-json\/wp\/v2\/product\/1725","targetHints":{"allow":["GET"]}}],"collection":[{"href":"https:\/\/www.promostore.com.ar\/web\/wp-json\/wp\/v2\/product"}],"about":[{"href":"https:\/\/www.promostore.com.ar\/web\/wp-json\/wp\/v2\/types\/product"}],"replies":[{"embeddable":true,"href":"https:\/\/www.promostore.com.ar\/web\/wp-json\/wp\/v2\/comments?post=1725"}],"wp:featuredmedia":[{"embeddable":true,"href":"https:\/\/www.promostore.com.ar\/web\/wp-json\/wp\/v2\/media\/1729"}],"wp:attachment":[{"href":"https:\/\/www.promostore.com.ar\/web\/wp-json\/wp\/v2\/media?parent=1725"}],"wp:term":[{"taxonomy":"product_brand","embeddable":true,"href":"https:\/\/www.promostore.com.ar\/web\/wp-json\/wp\/v2\/product_brand?post=1725"},{"taxonomy":"product_cat","embeddable":true,"href":"https:\/\/www.promostore.com.ar\/web\/wp-json\/wp\/v2\/product_cat?post=1725"},{"taxonomy":"product_tag","embeddable":true,"href":"https:\/\/www.promostore.com.ar\/web\/wp-json\/wp\/v2\/product_tag?post=1725"}],"curies":[{"name":"wp","href":"https:\/\/api.w.org\/{rel}","templated":true}]}}