{"id":1761,"date":"2025-08-19T14:35:11","date_gmt":"2025-08-19T14:35:11","guid":{"rendered":"https:\/\/www.promostore.com.ar\/web\/?post_type=product&#038;p=1761"},"modified":"2025-08-19T15:13:34","modified_gmt":"2025-08-19T15:13:34","slug":"contigo-streeterville-mug","status":"publish","type":"product","link":"https:\/\/www.promostore.com.ar\/web\/producto\/contigo-streeterville-mug\/","title":{"rendered":"Contigo Streeterville Mug"},"content":{"rendered":"<p>Mug t\u00e9rmico 414 ml con asa, tapa segura y base antideslizante.<\/p>\n<p>Taza t\u00e9rmica de acero inoxidable con aislamiento al vac\u00edo que mantiene bebidas calientes hasta 5 h y fr\u00edas hasta 15 h. Asa c\u00f3moda, tapa a prueba de salpicaduras y base antideslizante. Capacidad de 414 ml, compatible con cafeteras monodosis. Apta para lavavajillas (bandeja superior) y libre de BPA.<\/p>\n<p>Marca: Contigo<br \/>\nMedidas: 12,45 cm \u00d7 8,89 cm \u00d7 13,21 cm (alto)<br \/>\nPeso: 280 gr<br \/>\nTecnolog\u00eda de decoraci\u00f3n: L\u00e1ser CO2, L\u00e1ser Fibra, L\u00e1ser Fibra Rotativo, Serigraf\u00eda, Serigraf\u00eda Rotativa, Digital, Digital Rotativo, Tampograf\u00eda<br \/>\nMateriales principales: Acero<\/p>\n\n    <div class=\"xs_social_share_widget xs_share_url after_content \t\tmain_content  wslu-style-1 wslu-share-box-shaped wslu-fill-colored wslu-none wslu-share-horizontal wslu-theme-font-no wslu-main_content\">\n\n\t\t\n        <ul>\n\t\t\t        <\/ul>\n    <\/div> \n","protected":false},"excerpt":{"rendered":"<p>Mug t\u00e9rmico 414 ml con asa, tapa segura y base antideslizante.<\/p>\n<p>Taza t\u00e9rmica de acero inoxidable con aislamiento al vac\u00edo que mantiene bebidas calientes hasta 5 h y fr\u00edas hasta 15 h. Asa c\u00f3moda, tapa a prueba de salpicaduras y base antideslizante. Capacidad de 414 ml, compatible con cafeteras monodosis. Apta para lavavajillas (bandeja superior) y libre de BPA.<\/p>\n<p>Marca: Contigo<br \/>\nMedidas: 12,45 cm \u00d7 8,89 cm \u00d7 13,21 cm (alto)<br \/>\nPeso: 280 gr<br \/>\nTecnolog\u00eda de decoraci\u00f3n: L\u00e1ser CO2, L\u00e1ser Fibra, L\u00e1ser Fibra Rotativo, Serigraf\u00eda, Serigraf\u00eda Rotativa, Digital, Digital Rotativo, Tampograf\u00eda<br \/>\nMateriales principales: Acero<\/p>\n","protected":false},"featured_media":1767,"comment_status":"closed","ping_status":"closed","template":"","meta":{"postBodyCss":"","postBodyMargin":[],"postBodyPadding":[],"postBodyBackground":{"backgroundType":"classic","gradient":""}},"product_brand":[],"product_cat":[67,23,292,22,98,41,35,97,42,30],"product_tag":[239,293,295,220,294,297,225,260,240,222,296,219],"class_list":{"0":"post-1761","1":"product","2":"type-product","3":"status-publish","4":"has-post-thumbnail","6":"product_cat-oficina-accesorios","7":"product_cat-hogar-bazar","8":"product_cat-contigo","9":"product_cat-hogar","10":"product_cat-merchandising","11":"product_cat-novedades","12":"product_cat-oficina","13":"product_cat-regalos-empresariales","14":"product_cat-tiempo-libre-termicos","15":"product_cat-tiempo-libre","16":"product_tag-bazar","17":"product_tag-contigo","18":"product_tag-contigo-streeterville-mug","19":"product_tag-merchandising-eco","20":"product_tag-mug-contigo","21":"product_tag-mug-termico","22":"product_tag-objetos-promocionales-ecologicos","23":"product_tag-productos-para-regalar-sustentables","24":"product_tag-regalos-de-bazar","25":"product_tag-regalos-empresariales-eco","26":"product_tag-streeterville-mug","27":"product_tag-sustentable","29":"first","30":"instock","31":"shipping-taxable","32":"purchasable","33":"product-type-simple"},"_links":{"self":[{"href":"https:\/\/www.promostore.com.ar\/web\/wp-json\/wp\/v2\/product\/1761","targetHints":{"allow":["GET"]}}],"collection":[{"href":"https:\/\/www.promostore.com.ar\/web\/wp-json\/wp\/v2\/product"}],"about":[{"href":"https:\/\/www.promostore.com.ar\/web\/wp-json\/wp\/v2\/types\/product"}],"replies":[{"embeddable":true,"href":"https:\/\/www.promostore.com.ar\/web\/wp-json\/wp\/v2\/comments?post=1761"}],"wp:featuredmedia":[{"embeddable":true,"href":"https:\/\/www.promostore.com.ar\/web\/wp-json\/wp\/v2\/media\/1767"}],"wp:attachment":[{"href":"https:\/\/www.promostore.com.ar\/web\/wp-json\/wp\/v2\/media?parent=1761"}],"wp:term":[{"taxonomy":"product_brand","embeddable":true,"href":"https:\/\/www.promostore.com.ar\/web\/wp-json\/wp\/v2\/product_brand?post=1761"},{"taxonomy":"product_cat","embeddable":true,"href":"https:\/\/www.promostore.com.ar\/web\/wp-json\/wp\/v2\/product_cat?post=1761"},{"taxonomy":"product_tag","embeddable":true,"href":"https:\/\/www.promostore.com.ar\/web\/wp-json\/wp\/v2\/product_tag?post=1761"}],"curies":[{"name":"wp","href":"https:\/\/api.w.org\/{rel}","templated":true}]}}