{"id":1768,"date":"2025-08-19T14:48:13","date_gmt":"2025-08-19T14:48:13","guid":{"rendered":"https:\/\/www.promostore.com.ar\/web\/?post_type=product&#038;p=1768"},"modified":"2025-08-19T15:11:21","modified_gmt":"2025-08-19T15:11:21","slug":"contigo-vaso-termico-westloop-3-0","status":"publish","type":"product","link":"https:\/\/www.promostore.com.ar\/web\/producto\/contigo-vaso-termico-westloop-3-0\/","title":{"rendered":"Contigo vaso t\u00e9rmico Westloop 3.0"},"content":{"rendered":"<p>A prueba de derrames y fugas<\/p>\n<p>\u2022 Vaso t\u00e9rmico con bot\u00f3n vertical de cierre. Funci\u00f3n de bloqueo: evita presionar accidentalmente. \u2022 Material: acero inoxidable de doble pared insulado \u2022 De f\u00e1cil limpieza, sin partes sueltas y con control de flujo superior. \u2022 Libre de BPA \u2022 Sistema AUTOSEAL\u00ae: cierre autom\u00e1tico despu\u00e9s de cada sorbo. \u2022 Mantiene la temperatura durante 5 hs caliente y 12 hs fr\u00edo \u2022 Permite beber con una sola mano \u2022 Capacidad: 473ml \u2022 Cod. 2070899<\/p>\n<p>*El producto presenta el logo de Contigo al frente y al dorso.<br \/>\nMarca: Contigo<br \/>\nMedidas: 20 cm alto x 24,5 cm circunferencia en base x 27 cm circunferencia en tapa<br \/>\nPeso: 310.3 gr<br \/>\nTecnolog\u00eda de decoraci\u00f3n: Serigraf\u00eda, Serigraf\u00eda Rotativa, Digital, Digital Rotativo, Tampograf\u00eda, L\u00e1ser CO2, L\u00e1ser Fibra, L\u00e1ser Fibra Rotativo<br \/>\nMateriales principales: Acero<\/p>\n\n    <div class=\"xs_social_share_widget xs_share_url after_content \t\tmain_content  wslu-style-1 wslu-share-box-shaped wslu-fill-colored wslu-none wslu-share-horizontal wslu-theme-font-no wslu-main_content\">\n\n\t\t\n        <ul>\n\t\t\t        <\/ul>\n    <\/div> \n","protected":false},"excerpt":{"rendered":"<p>Vaso t\u00e9rmico AUTOSEAL\u00ae 100% a prueba de derrames.<\/p>\n<p>Vaso t\u00e9rmico de acero inoxidable con tecnolog\u00eda AUTOSEAL\u00ae 100% a prueba de derrames y fugas. Mantiene bebidas calientes hasta 11 h y fr\u00edas hasta 24 h gracias a su aislaci\u00f3n THERMALOCK. Incluye traba de seguridad, gancho para saquitos de t\u00e9 y tapa Easy-Clean Lid apta para lavavajillas (solo la tapa). Dise\u00f1o pr\u00e1ctico, resistente y elegante para usar en cualquier lugar. Capacidad 473ml.<\/p>\n<p>Marca: Contigo<br \/>\nMedidas: \u00d8 7,5 cm \u00d7 21 cm (alto)<br \/>\nPeso: 340 gr<br \/>\nTecnolog\u00eda de decoraci\u00f3n: L\u00e1ser CO2, L\u00e1ser Fibra, L\u00e1ser Fibra Rotativo, Serigraf\u00eda, Serigraf\u00eda Rotativa, Digital, Digital Rotativo, Tampograf\u00eda<br \/>\nMateriales principales: Acero<\/p>\n","protected":false},"featured_media":1769,"comment_status":"closed","ping_status":"closed","template":"","meta":{"postBodyCss":"","postBodyMargin":[],"postBodyPadding":[],"postBodyBackground":{"backgroundType":"classic","gradient":""}},"product_brand":[],"product_cat":[67,23,292,22,98,41,35,97,42,30],"product_tag":[239,293,298,220,294,297,260,240,222],"class_list":{"0":"post-1768","1":"product","2":"type-product","3":"status-publish","4":"has-post-thumbnail","6":"product_cat-oficina-accesorios","7":"product_cat-hogar-bazar","8":"product_cat-contigo","9":"product_cat-hogar","10":"product_cat-merchandising","11":"product_cat-novedades","12":"product_cat-oficina","13":"product_cat-regalos-empresariales","14":"product_cat-tiempo-libre-termicos","15":"product_cat-tiempo-libre","16":"product_tag-bazar","17":"product_tag-contigo","18":"product_tag-contigo-vaso-termico-westloop","19":"product_tag-merchandising-eco","20":"product_tag-mug-contigo","21":"product_tag-mug-termico","22":"product_tag-productos-para-regalar-sustentables","23":"product_tag-regalos-de-bazar","24":"product_tag-regalos-empresariales-eco","26":"first","27":"instock","28":"shipping-taxable","29":"purchasable","30":"product-type-simple"},"_links":{"self":[{"href":"https:\/\/www.promostore.com.ar\/web\/wp-json\/wp\/v2\/product\/1768","targetHints":{"allow":["GET"]}}],"collection":[{"href":"https:\/\/www.promostore.com.ar\/web\/wp-json\/wp\/v2\/product"}],"about":[{"href":"https:\/\/www.promostore.com.ar\/web\/wp-json\/wp\/v2\/types\/product"}],"replies":[{"embeddable":true,"href":"https:\/\/www.promostore.com.ar\/web\/wp-json\/wp\/v2\/comments?post=1768"}],"wp:featuredmedia":[{"embeddable":true,"href":"https:\/\/www.promostore.com.ar\/web\/wp-json\/wp\/v2\/media\/1769"}],"wp:attachment":[{"href":"https:\/\/www.promostore.com.ar\/web\/wp-json\/wp\/v2\/media?parent=1768"}],"wp:term":[{"taxonomy":"product_brand","embeddable":true,"href":"https:\/\/www.promostore.com.ar\/web\/wp-json\/wp\/v2\/product_brand?post=1768"},{"taxonomy":"product_cat","embeddable":true,"href":"https:\/\/www.promostore.com.ar\/web\/wp-json\/wp\/v2\/product_cat?post=1768"},{"taxonomy":"product_tag","embeddable":true,"href":"https:\/\/www.promostore.com.ar\/web\/wp-json\/wp\/v2\/product_tag?post=1768"}],"curies":[{"name":"wp","href":"https:\/\/api.w.org\/{rel}","templated":true}]}}