{"id":1775,"date":"2025-08-19T15:13:56","date_gmt":"2025-08-19T15:13:56","guid":{"rendered":"https:\/\/www.promostore.com.ar\/web\/?post_type=product&#038;p=1775"},"modified":"2025-08-20T19:37:53","modified_gmt":"2025-08-20T19:37:53","slug":"contigo-botella-matterhorn-591-ml","status":"publish","type":"product","link":"https:\/\/www.promostore.com.ar\/web\/producto\/contigo-botella-matterhorn-591-ml\/","title":{"rendered":"Contigo Botella Matterhorn 591 ml"},"content":{"rendered":"<p>Cuerpo de Acero 304 de doble pared. Mantiene el frio por 24hs y calor hasta 10hs.<\/p>\n<p>591ml Acero inoxidable de doble pared con Aislacion al vacio Dise\u00f1o elegante y ergon\u00f3mico para una experiencia de bebida agradable y un alto caudal. Tecnologia patentada Thermalock TM permite que mantengan calor 10 horas y frio hasta 24 horas Boca Ancha ideal para limpieza y llenado de hielo, Manija de transporte, Encaja en los posavasos de auto, Tapa a prueba de fugas Naturalmente libre de BPA, acero inoxidable<\/p>\n<p>*El producto presenta el logo de Contigo al frente y al dorso.<br \/>\nMarca: Contigo<br \/>\nMedidas: 25x7cm<br \/>\nPeso: 322 gr<br \/>\nPackaging: Largo 16.5cm x Ancho16.5cm x alto28cm<br \/>\nTecnolog\u00eda de decoraci\u00f3n: Serigraf\u00eda, Serigraf\u00eda Rotativa, Digital, Digital Rotativo, Tampograf\u00eda, L\u00e1ser CO2, L\u00e1ser Fibra, L\u00e1ser Fibra Rotativo<br \/>\nMateriales principales: Acero 340<\/p>\n<p>&nbsp;<\/p>\n\n    <div class=\"xs_social_share_widget xs_share_url after_content \t\tmain_content  wslu-style-1 wslu-share-box-shaped wslu-fill-colored wslu-none wslu-share-horizontal wslu-theme-font-no wslu-main_content\">\n\n\t\t\n        <ul>\n\t\t\t        <\/ul>\n    <\/div> \n","protected":false},"excerpt":{"rendered":"<p>Cuerpo de Acero 304 de doble pared. Mantiene el frio por 24hs y calor hasta 10hs.<\/p>\n<p>591ml Acero inoxidable de doble pared con Aislacion al vacio Dise\u00f1o elegante y ergon\u00f3mico para una experiencia de bebida agradable y un alto caudal. Tecnologia patentada Thermalock TM permite que mantengan calor 10 horas y frio hasta 24 horas Boca Ancha ideal para limpieza y llenado de hielo, Manija de transporte, Encaja en los posavasos de auto, Tapa a prueba de fugas Naturalmente libre de BPA, acero inoxidable<\/p>\n<p>*El producto presenta el logo de Contigo al frente y al dorso.<br \/>\nMarca: Contigo<br \/>\nMedidas: 25x7cm<br \/>\nPeso: 322 gr<br \/>\nPackaging: Largo 16.5cm x Ancho16.5cm x alto28cm<br \/>\nTecnolog\u00eda de decoraci\u00f3n: Serigraf\u00eda, Serigraf\u00eda Rotativa, Digital, Digital Rotativo, Tampograf\u00eda, L\u00e1ser CO2, L\u00e1ser Fibra, L\u00e1ser Fibra Rotativo<br \/>\nMateriales principales: Acero 340<\/p>\n<p>[doppler-form id=&#8217;1&#8242;]<\/p>\n","protected":false},"featured_media":1777,"comment_status":"closed","ping_status":"closed","template":"","meta":{"postBodyCss":"","postBodyMargin":[],"postBodyPadding":[],"postBodyBackground":{"backgroundType":"classic","gradient":""}},"product_brand":[],"product_cat":[23,292,22,98,41,35,97,42,30],"product_tag":[239,302,306,301,300,293,299,303,304,305,220,260,240,222],"class_list":{"0":"post-1775","1":"product","2":"type-product","3":"status-publish","4":"has-post-thumbnail","6":"product_cat-hogar-bazar","7":"product_cat-contigo","8":"product_cat-hogar","9":"product_cat-merchandising","10":"product_cat-novedades","11":"product_cat-oficina","12":"product_cat-regalos-empresariales","13":"product_cat-tiempo-libre-termicos","14":"product_cat-tiempo-libre","15":"product_tag-bazar","16":"product_tag-botella-contigo","17":"product_tag-botellas-contigo-por-mayor","18":"product_tag-botellas-de-acero","19":"product_tag-botellas-metalicas","20":"product_tag-contigo","21":"product_tag-contigo-botella-matterhorn-591-ml","22":"product_tag-distribuidor-contigo","23":"product_tag-importador-contigo","24":"product_tag-mayorista-contigo","25":"product_tag-merchandising-eco","26":"product_tag-productos-para-regalar-sustentables","27":"product_tag-regalos-de-bazar","28":"product_tag-regalos-empresariales-eco","30":"first","31":"instock","32":"shipping-taxable","33":"purchasable","34":"product-type-simple"},"_links":{"self":[{"href":"https:\/\/www.promostore.com.ar\/web\/wp-json\/wp\/v2\/product\/1775","targetHints":{"allow":["GET"]}}],"collection":[{"href":"https:\/\/www.promostore.com.ar\/web\/wp-json\/wp\/v2\/product"}],"about":[{"href":"https:\/\/www.promostore.com.ar\/web\/wp-json\/wp\/v2\/types\/product"}],"replies":[{"embeddable":true,"href":"https:\/\/www.promostore.com.ar\/web\/wp-json\/wp\/v2\/comments?post=1775"}],"wp:featuredmedia":[{"embeddable":true,"href":"https:\/\/www.promostore.com.ar\/web\/wp-json\/wp\/v2\/media\/1777"}],"wp:attachment":[{"href":"https:\/\/www.promostore.com.ar\/web\/wp-json\/wp\/v2\/media?parent=1775"}],"wp:term":[{"taxonomy":"product_brand","embeddable":true,"href":"https:\/\/www.promostore.com.ar\/web\/wp-json\/wp\/v2\/product_brand?post=1775"},{"taxonomy":"product_cat","embeddable":true,"href":"https:\/\/www.promostore.com.ar\/web\/wp-json\/wp\/v2\/product_cat?post=1775"},{"taxonomy":"product_tag","embeddable":true,"href":"https:\/\/www.promostore.com.ar\/web\/wp-json\/wp\/v2\/product_tag?post=1775"}],"curies":[{"name":"wp","href":"https:\/\/api.w.org\/{rel}","templated":true}]}}