{"id":1786,"date":"2025-08-20T19:28:28","date_gmt":"2025-08-20T19:28:28","guid":{"rendered":"https:\/\/www.promostore.com.ar\/web\/?post_type=product&#038;p=1786"},"modified":"2025-08-20T19:35:45","modified_gmt":"2025-08-20T19:35:45","slug":"contigo-vaso-termico-huron-2-0","status":"publish","type":"product","link":"https:\/\/www.promostore.com.ar\/web\/producto\/contigo-vaso-termico-huron-2-0\/","title":{"rendered":"Contigo vaso t\u00e9rmico Huron 2.0"},"content":{"rendered":"<p>Tapa a prueba de fugas y derrames, mantiene la temperatura durante 6h caliente y 12 hs fr\u00edo<\/p>\n<p>\u2022 Vaso T\u00e9rmico Contigo Huron \u2022 Los colores de la l\u00ednea 2.0 estan basados en tonos frescos y colores de tendencia \u2022 Vaso t\u00e9rmico con tapa de seguridad a prueba de derrames y fugas \u2022 Base de acero inoxidable \u2022 Libre de BPA \u2022 Sistema Snapseal TM: sistema de apertura y limpieza f\u00e1cil. Con cierre seguro y simple \u2022 Material: acero inoxidable de doble pared insulado \u2022 Mantiene la temperatura durante 6h caliente y 12 hs fr\u00edo \u2022 Capacidad: 473ml \u2022<\/p>\n<p>*El producto presenta el logo de Contigo al frente y al dorso.<\/p>\n<div>\n<div><label>Marca:<\/label>\u00a0<span class=\"info-deta\">Contigo<\/span><\/div>\n<div><label>Medidas:<\/label>\u00a0<span class=\"info-deta\">19 cm alto x 24 cm circunferencia en base x 25,5 cm circunferencia en tapa<\/span><\/div>\n<div><label>Peso:<\/label>\u00a0<span class=\"info-deta\">300 gr<\/span><\/div>\n<div><label>Tecnolog\u00eda de decoraci\u00f3n:<\/label>\u00a0<span class=\"info-deta\">L\u00e1ser CO2, L\u00e1ser Fibra, L\u00e1ser Fibra Rotativo, Serigraf\u00eda, Serigraf\u00eda Rotativa, Digital, Digital Rotativo, Tampograf\u00eda<\/span><\/div>\n<div><label>Materiales principales:<\/label>\u00a0<span class=\"info-deta\">Pl\u00e1stico, Acero 340<\/span><\/div>\n<\/div>\n\n    <div class=\"xs_social_share_widget xs_share_url after_content \t\tmain_content  wslu-style-1 wslu-share-box-shaped wslu-fill-colored wslu-none wslu-share-horizontal wslu-theme-font-no wslu-main_content\">\n\n\t\t\n        <ul>\n\t\t\t        <\/ul>\n    <\/div> \n","protected":false},"excerpt":{"rendered":"<p>Tapa a prueba de fugas y derrames, mantiene la temperatura durante 6h caliente y 12 hs fr\u00edo<\/p>\n<p>\u2022 Vaso T\u00e9rmico Contigo Huron \u2022 Los colores de la l\u00ednea 2.0 estan basados en tonos frescos y colores de tendencia \u2022 Vaso t\u00e9rmico con tapa de seguridad a prueba de derrames y fugas \u2022 Base de acero inoxidable \u2022 Libre de BPA \u2022 Sistema Snapseal TM: sistema de apertura y limpieza f\u00e1cil. Con cierre seguro y simple \u2022 Material: acero inoxidable de doble pared insulado \u2022 Mantiene la temperatura durante 6h caliente y 12 hs fr\u00edo \u2022 Capacidad: 473ml \u2022<\/p>\n<p>*El producto presenta el logo de Contigo al frente y al dorso.<\/p>\n<div>\n<div><label>Marca:<\/label>\u00a0<span class=\"info-deta\">Contigo<\/span><\/div>\n<div><label>Medidas:<\/label>\u00a0<span class=\"info-deta\">19 cm alto x 24 cm circunferencia en base x 25,5 cm circunferencia en tapa<\/span><\/div>\n<div><label>Peso:<\/label>\u00a0<span class=\"info-deta\">300 gr<\/span><\/div>\n<div><label>Tecnolog\u00eda de decoraci\u00f3n:<\/label>\u00a0<span class=\"info-deta\">L\u00e1ser CO2, L\u00e1ser Fibra, L\u00e1ser Fibra Rotativo, Serigraf\u00eda, Serigraf\u00eda Rotativa, Digital, Digital Rotativo, Tampograf\u00eda<\/span><\/div>\n<div><label>Materiales principales:<\/label>\u00a0<span class=\"info-deta\">Pl\u00e1stico, Acero 340<\/span><\/div>\n<\/div>\n","protected":false},"featured_media":1787,"comment_status":"closed","ping_status":"closed","template":"","meta":{"postBodyCss":"","postBodyMargin":[],"postBodyPadding":[],"postBodyBackground":{"backgroundType":"classic","gradient":""}},"product_brand":[],"product_cat":[67,23,292,22,98,41,35,97,42,30],"product_tag":[239,302,306,301,300,293,307,303,304,305,220,260,240,222,308],"class_list":{"0":"post-1786","1":"product","2":"type-product","3":"status-publish","4":"has-post-thumbnail","6":"product_cat-oficina-accesorios","7":"product_cat-hogar-bazar","8":"product_cat-contigo","9":"product_cat-hogar","10":"product_cat-merchandising","11":"product_cat-novedades","12":"product_cat-oficina","13":"product_cat-regalos-empresariales","14":"product_cat-tiempo-libre-termicos","15":"product_cat-tiempo-libre","16":"product_tag-bazar","17":"product_tag-botella-contigo","18":"product_tag-botellas-contigo-por-mayor","19":"product_tag-botellas-de-acero","20":"product_tag-botellas-metalicas","21":"product_tag-contigo","22":"product_tag-contigo-vaso-termico-huron-2-0","23":"product_tag-distribuidor-contigo","24":"product_tag-importador-contigo","25":"product_tag-mayorista-contigo","26":"product_tag-merchandising-eco","27":"product_tag-productos-para-regalar-sustentables","28":"product_tag-regalos-de-bazar","29":"product_tag-regalos-empresariales-eco","30":"product_tag-vaso-huron-contigo","32":"first","33":"instock","34":"shipping-taxable","35":"purchasable","36":"product-type-simple"},"_links":{"self":[{"href":"https:\/\/www.promostore.com.ar\/web\/wp-json\/wp\/v2\/product\/1786","targetHints":{"allow":["GET"]}}],"collection":[{"href":"https:\/\/www.promostore.com.ar\/web\/wp-json\/wp\/v2\/product"}],"about":[{"href":"https:\/\/www.promostore.com.ar\/web\/wp-json\/wp\/v2\/types\/product"}],"replies":[{"embeddable":true,"href":"https:\/\/www.promostore.com.ar\/web\/wp-json\/wp\/v2\/comments?post=1786"}],"wp:featuredmedia":[{"embeddable":true,"href":"https:\/\/www.promostore.com.ar\/web\/wp-json\/wp\/v2\/media\/1787"}],"wp:attachment":[{"href":"https:\/\/www.promostore.com.ar\/web\/wp-json\/wp\/v2\/media?parent=1786"}],"wp:term":[{"taxonomy":"product_brand","embeddable":true,"href":"https:\/\/www.promostore.com.ar\/web\/wp-json\/wp\/v2\/product_brand?post=1786"},{"taxonomy":"product_cat","embeddable":true,"href":"https:\/\/www.promostore.com.ar\/web\/wp-json\/wp\/v2\/product_cat?post=1786"},{"taxonomy":"product_tag","embeddable":true,"href":"https:\/\/www.promostore.com.ar\/web\/wp-json\/wp\/v2\/product_tag?post=1786"}],"curies":[{"name":"wp","href":"https:\/\/api.w.org\/{rel}","templated":true}]}}