{"id":180,"date":"2017-10-21T14:59:49","date_gmt":"2017-10-21T14:59:49","guid":{"rendered":"http:\/\/www.promostore.com.ar\/web\/?post_type=product&#038;p=180"},"modified":"2017-10-21T23:18:54","modified_gmt":"2017-10-21T23:18:54","slug":"mochila-ravello-ss","status":"publish","type":"product","link":"https:\/\/www.promostore.com.ar\/web\/producto\/mochila-ravello-ss\/","title":{"rendered":"MOCHILA RAVELLO SS"},"content":{"rendered":"\n    <div class=\"xs_social_share_widget xs_share_url after_content \t\tmain_content  wslu-style-1 wslu-share-box-shaped wslu-fill-colored wslu-none wslu-share-horizontal wslu-theme-font-no wslu-main_content\">\n\n\t\t\n        <ul>\n\t\t\t        <\/ul>\n    <\/div> \n","protected":false},"excerpt":{"rendered":"<p>Polyester. Medidas 55 x 34,5 x 20 cm. Capacidad 37 litros.Mochila\/Carrion. Mango extensible hasta 52 cm. Un bolsillo frontal con cierre y dos bolsillos laterales de red. Dos compartimentos: el principal con un bolsillo porta laptop; el segundo con dos porta bol\u00edgrafo, porta tarjeta y bolsillo peque\u00f1o. En la parte de atr\u00e1s un bolsillo que permite guardar las correas y un bolsillo peque\u00f1o acolchonado en la parte inferior que contiene un cobertor para cubrir las ruedas. Los compartimentos principales llevan doble cierre con herrajes met\u00e1licos y tiras negras. La espalda es acolchonada y con red que permite la aireaci\u00f3n de la espalda.<\/p>\n","protected":false},"featured_media":183,"comment_status":"open","ping_status":"closed","template":"","meta":{"postBodyCss":"","postBodyMargin":[],"postBodyPadding":[],"postBodyBackground":{"backgroundType":"classic","gradient":""}},"product_brand":[],"product_cat":[91],"product_tag":[],"class_list":{"0":"post-180","1":"product","2":"type-product","3":"status-publish","4":"has-post-thumbnail","6":"product_cat-tiempo-libre-viajes","8":"first","9":"instock","10":"shipping-taxable","11":"purchasable","12":"product-type-simple"},"_links":{"self":[{"href":"https:\/\/www.promostore.com.ar\/web\/wp-json\/wp\/v2\/product\/180","targetHints":{"allow":["GET"]}}],"collection":[{"href":"https:\/\/www.promostore.com.ar\/web\/wp-json\/wp\/v2\/product"}],"about":[{"href":"https:\/\/www.promostore.com.ar\/web\/wp-json\/wp\/v2\/types\/product"}],"replies":[{"embeddable":true,"href":"https:\/\/www.promostore.com.ar\/web\/wp-json\/wp\/v2\/comments?post=180"}],"wp:featuredmedia":[{"embeddable":true,"href":"https:\/\/www.promostore.com.ar\/web\/wp-json\/wp\/v2\/media\/183"}],"wp:attachment":[{"href":"https:\/\/www.promostore.com.ar\/web\/wp-json\/wp\/v2\/media?parent=180"}],"wp:term":[{"taxonomy":"product_brand","embeddable":true,"href":"https:\/\/www.promostore.com.ar\/web\/wp-json\/wp\/v2\/product_brand?post=180"},{"taxonomy":"product_cat","embeddable":true,"href":"https:\/\/www.promostore.com.ar\/web\/wp-json\/wp\/v2\/product_cat?post=180"},{"taxonomy":"product_tag","embeddable":true,"href":"https:\/\/www.promostore.com.ar\/web\/wp-json\/wp\/v2\/product_tag?post=180"}],"curies":[{"name":"wp","href":"https:\/\/api.w.org\/{rel}","templated":true}]}}