{"id":1848,"date":"2025-10-06T21:36:24","date_gmt":"2025-10-06T21:36:24","guid":{"rendered":"https:\/\/www.promostore.com.ar\/web\/?post_type=product&#038;p=1848"},"modified":"2025-10-06T21:45:11","modified_gmt":"2025-10-06T21:45:11","slug":"mochila-herschel-city-backpack","status":"publish","type":"product","link":"https:\/\/www.promostore.com.ar\/web\/producto\/mochila-herschel-city-backpack\/","title":{"rendered":"MOCHILA Herschel City Backpack"},"content":{"rendered":"<ul>\n<li>\n<div class=\"items-Description selected \">\n<div class=\"Description\">\n<p>City Backpack<\/p>\n<p>Mochila sostenible confeccionada en poli\u00e9ster 100% reciclado (600D), con compartimento acolchado flotante para laptops de 15&#8243;\/16&#8243;. Cuenta con correa con cierre magn\u00e9tico y hebilla met\u00e1lica, tiras ajustables acolchadas en EVA para mayor comodidad, bolsillos laterales expansibles y m\u00faltiples compartimentos para organizaci\u00f3n. Capacidad 16L.<\/p>\n<div>\n<div><label>Marca:<\/label>\u00a0<span class=\"info-deta\">Herschel<\/span><\/div>\n<div><label>Medidas:<\/label>\u00a0<span class=\"info-deta\">36.8 \u00d7 32.4 \u00d7 15.2 cm<\/span><\/div>\n<div><label>Packaging:<\/label>\u00a0<span class=\"info-deta\">Polybag de material reciclado, con marca Herschel<\/span><\/div>\n<div><label>Tecnolog\u00eda de decoraci\u00f3n:<\/label>\u00a0<span class=\"info-deta\">Bordado, Serigraf\u00eda, DTF<\/span><\/div>\n<div><label>Materiales principales:<\/label>\u00a0<span class=\"info-deta\">Poli\u00e9ster, rPet<\/span><\/div>\n<\/div>\n<\/div>\n<\/div>\n<\/li>\n<\/ul>\n\n    <div class=\"xs_social_share_widget xs_share_url after_content \t\tmain_content  wslu-style-1 wslu-share-box-shaped wslu-fill-colored wslu-none wslu-share-horizontal wslu-theme-font-no wslu-main_content\">\n\n\t\t\n        <ul>\n\t\t\t        <\/ul>\n    <\/div> \n","protected":false},"excerpt":{"rendered":"<ul>\n<li>\n<div class=\"items-Description selected \">\n<div class=\"Description\">\n<p>City Backpack<\/p>\n<p>Mochila sostenible confeccionada en poli\u00e9ster 100% reciclado (600D), con compartimento acolchado flotante para laptops de 15&#8243;\/16&#8243;. Cuenta con correa con cierre magn\u00e9tico y hebilla met\u00e1lica, tiras ajustables acolchadas en EVA para mayor comodidad, bolsillos laterales expansibles y m\u00faltiples compartimentos para organizaci\u00f3n. Capacidad 16L.<\/p>\n<div>\n<div><label>Marca:<\/label>\u00a0<span class=\"info-deta\">Herschel<\/span><\/div>\n<div><label>Medidas:<\/label>\u00a0<span class=\"info-deta\">36.8 \u00d7 32.4 \u00d7 15.2 cm<\/span><\/div>\n<div><label>Packaging:<\/label>\u00a0<span class=\"info-deta\">Polybag de material reciclado, con marca Herschel<\/span><\/div>\n<div><label>Tecnolog\u00eda de decoraci\u00f3n:<\/label>\u00a0<span class=\"info-deta\">Bordado, Serigraf\u00eda, DTF<\/span><\/div>\n<div><label>Materiales principales:<\/label>\u00a0<span class=\"info-deta\">Poli\u00e9ster, rPet<\/span><\/div>\n<\/div>\n<\/div>\n<\/div>\n<\/li>\n<\/ul>\n","protected":false},"featured_media":1854,"comment_status":"open","ping_status":"closed","template":"","meta":{"postBodyCss":"","postBodyMargin":[],"postBodyPadding":[],"postBodyBackground":{"backgroundType":"classic","gradient":""}},"product_brand":[],"product_cat":[32,98,52,41,97,30,91],"product_tag":[315,133,135,136,134],"class_list":{"0":"post-1848","1":"product","2":"type-product","3":"status-publish","4":"has-post-thumbnail","6":"product_cat-marroquineria","7":"product_cat-merchandising","8":"product_cat-marroquineria-mochilas","9":"product_cat-novedades","10":"product_cat-regalos-empresariales","11":"product_cat-tiempo-libre","12":"product_cat-tiempo-libre-viajes","13":"product_tag-herschel-city-backpack","14":"product_tag-mochila","15":"product_tag-mochila-urbana","16":"product_tag-mochila-urbana-gato","17":"product_tag-mochilas","19":"first","20":"instock","21":"shipping-taxable","22":"purchasable","23":"product-type-simple"},"_links":{"self":[{"href":"https:\/\/www.promostore.com.ar\/web\/wp-json\/wp\/v2\/product\/1848","targetHints":{"allow":["GET"]}}],"collection":[{"href":"https:\/\/www.promostore.com.ar\/web\/wp-json\/wp\/v2\/product"}],"about":[{"href":"https:\/\/www.promostore.com.ar\/web\/wp-json\/wp\/v2\/types\/product"}],"replies":[{"embeddable":true,"href":"https:\/\/www.promostore.com.ar\/web\/wp-json\/wp\/v2\/comments?post=1848"}],"wp:featuredmedia":[{"embeddable":true,"href":"https:\/\/www.promostore.com.ar\/web\/wp-json\/wp\/v2\/media\/1854"}],"wp:attachment":[{"href":"https:\/\/www.promostore.com.ar\/web\/wp-json\/wp\/v2\/media?parent=1848"}],"wp:term":[{"taxonomy":"product_brand","embeddable":true,"href":"https:\/\/www.promostore.com.ar\/web\/wp-json\/wp\/v2\/product_brand?post=1848"},{"taxonomy":"product_cat","embeddable":true,"href":"https:\/\/www.promostore.com.ar\/web\/wp-json\/wp\/v2\/product_cat?post=1848"},{"taxonomy":"product_tag","embeddable":true,"href":"https:\/\/www.promostore.com.ar\/web\/wp-json\/wp\/v2\/product_tag?post=1848"}],"curies":[{"name":"wp","href":"https:\/\/api.w.org\/{rel}","templated":true}]}}