{"id":1878,"date":"2025-12-15T15:58:40","date_gmt":"2025-12-15T15:58:40","guid":{"rendered":"https:\/\/www.promostore.com.ar\/web\/?post_type=product&#038;p=1878"},"modified":"2025-12-15T16:12:24","modified_gmt":"2025-12-15T16:12:24","slug":"set-ancor","status":"publish","type":"product","link":"https:\/\/www.promostore.com.ar\/web\/producto\/set-ancor\/","title":{"rendered":"SET ANCOR"},"content":{"rendered":"<div class=\"woocommerce-product-details__short-description\">\n<p class=\"text-normal cod-gray m-bottom-4\">El Set Ancor incluye bol\u00edgrafo y l\u00e1piz con cuerpo de corcho y piezas de Wheat Straw, pasta de tallo de trigo, un material sustentable que reduce el consumo de pl\u00e1sticos v\u00edrgenes. Viene presentado en una pr\u00e1ctica caja de cart\u00f3n.<\/p>\n<p class=\"text-normal cod-gray m-bottom-4\">Es ideal para estudiantes, profesionales y amantes de la escritura que buscan una alternativa sustentable en su d\u00eda a d\u00eda.<\/p>\n<p class=\"text-normal cod-gray m-bottom-4\">Debido a que la pasta de trigo es un material sustentable y 100% natural, puede haber ligeras variaciones en el color del producto de un lote a otro.<\/p>\n<p>&nbsp;<\/p>\n<\/div>\n<form class=\"cart\" action=\"https:\/\/promofabrica.com.ar\/productos\/jarro-termico-mugg-cafe-linea-sustentable-bambu-bazar\/\" autocomplete=\"off\" enctype=\"multipart\/form-data\" method=\"post\">\n<div class=\"wcpa_form_outer\" data-wcpa=\"{&quot;product&quot;:{&quot;product_id&quot;:{&quot;parent&quot;:7844,&quot;variation&quot;:false},&quot;is_variable&quot;:false},&quot;fields&quot;:{&quot;sec_266391c2deac6a&quot;:{&quot;extra&quot;:{&quot;key&quot;:&quot;sec_266391c2deac6a&quot;,&quot;section_id&quot;:&quot;sec_266391c2deac6a&quot;,&quot;name&quot;:&quot;Por defecto&quot;,&quot;status&quot;:1,&quot;toggle&quot;:true,&quot;form_id&quot;:5821,&quot;form_rules&quot;:[]},&quot;fields&quot;:[[{&quot;type&quot;:&quot;content&quot;,&quot;subtype&quot;:&quot;p&quot;,&quot;label&quot;:&quot;&quot;,&quot;elementId&quot;:&quot;wcpa-paragraph-64e4c2b8396df&quot;,&quot;active&quot;:true,&quot;col&quot;:6,&quot;value&quot;:&quot;REALIZAMOS FACTURA A - LOS PRECIOS PUBLICADOS NO INCLUYEN IVA - LOS PEDIDOS PASAN A PRODUCCIu00d3N UNA VEZ ACREDITADO EL ANTICIPO - PLAZO DE ENTREGA ESTIMADO 10 Du00cdAS Hu00c1BILES SEGu00daN STOCK DISPONIBLE. nnPor favor detalle la cantidad de unidades por color (deberu00e1n ser mu00faltiplos de 10)&quot;,&quot;name&quot;:&quot;wcpa-paragraph-64e4c2b8396df&quot;,&quot;contentType&quot;:&quot;plain&quot;,&quot;cl_dependency&quot;:false}],[{&quot;type&quot;:&quot;number&quot;,&quot;elementId&quot;:&quot;wcpa-number-64e4c2b839779&quot;,&quot;label&quot;:&quot;BAMBU&quot;,&quot;className&quot;:&quot;form-control&quot;,&quot;name&quot;:&quot;number-64e4c2b83977f&quot;,&quot;min&quot;:&quot;&quot;,&quot;max&quot;:&quot;&quot;,&quot;step&quot;:&quot;10&quot;,&quot;active&quot;:true,&quot;col&quot;:6,&quot;error&quot;:false,&quot;cl_dependency&quot;:false}]]}},&quot;config&quot;:null,&quot;design&quot;:{&quot;conf&quot;:{&quot;LabelPosition&quot;:&quot;above&quot;,&quot;DescPosition&quot;:&quot;above&quot;},&quot;css&quot;:[]}}\">\n<div class=\"wcpa_wrap\">\n<div id=\"sec_266391c2deac6a\" class=\"wcpa_section wcpa_form_id_5821\">\n<div class=\"wcpa_section_body\">\n<div class=\"wcpa_row wcpa_row_index_0\">\n<div id=\"wcpa-paragraph-64e4c2b8396df\" class=\"wcpa_field_wrap wcpa_type_content wcpa_label_pos_above wcpa_desc_pos_above wcpa-col-6 wcpa_col_index_0 \">\n<p class=\"wcpa_field\">REALIZAMOS FACTURA A<\/p>\n<\/div>\n<\/div>\n<\/div>\n<\/div>\n<\/div>\n<\/div>\n<\/form>\n\n    <div class=\"xs_social_share_widget xs_share_url after_content \t\tmain_content  wslu-style-1 wslu-share-box-shaped wslu-fill-colored wslu-none wslu-share-horizontal wslu-theme-font-no wslu-main_content\">\n\n\t\t\n        <ul>\n\t\t\t        <\/ul>\n    <\/div> \n","protected":false},"excerpt":{"rendered":"<div class=\"woocommerce-product-details__short-description\">\n<p class=\"text-normal cod-gray m-bottom-4\">El Set Ancor incluye bol\u00edgrafo y l\u00e1piz con cuerpo de corcho y piezas de Wheat Straw, pasta de tallo de trigo, un material sustentable que reduce el consumo de pl\u00e1sticos v\u00edrgenes. Viene presentado en una pr\u00e1ctica caja de cart\u00f3n.<\/p>\n<p class=\"text-normal cod-gray m-bottom-4\">Es ideal para estudiantes, profesionales y amantes de la escritura que buscan una alternativa sustentable en su d\u00eda a d\u00eda.<\/p>\n<p class=\"text-normal cod-gray m-bottom-4\">Debido a que la pasta de trigo es un material sustentable y 100% natural, puede haber ligeras variaciones en el color del producto de un lote a otro.<\/p>\n<p>&nbsp;<\/p>\n<\/div>\n<form class=\"cart\" action=\"https:\/\/promofabrica.com.ar\/productos\/jarro-termico-mugg-cafe-linea-sustentable-bambu-bazar\/\" autocomplete=\"off\" enctype=\"multipart\/form-data\" method=\"post\">\n<div class=\"wcpa_form_outer\" data-wcpa=\"{&quot;product&quot;:{&quot;product_id&quot;:{&quot;parent&quot;:7844,&quot;variation&quot;:false},&quot;is_variable&quot;:false},&quot;fields&quot;:{&quot;sec_266391c2deac6a&quot;:{&quot;extra&quot;:{&quot;key&quot;:&quot;sec_266391c2deac6a&quot;,&quot;section_id&quot;:&quot;sec_266391c2deac6a&quot;,&quot;name&quot;:&quot;Por defecto&quot;,&quot;status&quot;:1,&quot;toggle&quot;:true,&quot;form_id&quot;:5821,&quot;form_rules&quot;:[]},&quot;fields&quot;:[[{&quot;type&quot;:&quot;content&quot;,&quot;subtype&quot;:&quot;p&quot;,&quot;label&quot;:&quot;&quot;,&quot;elementId&quot;:&quot;wcpa-paragraph-64e4c2b8396df&quot;,&quot;active&quot;:true,&quot;col&quot;:6,&quot;value&quot;:&quot;REALIZAMOS FACTURA A - LOS PRECIOS PUBLICADOS NO INCLUYEN IVA - LOS PEDIDOS PASAN A PRODUCCIu00d3N UNA VEZ ACREDITADO EL ANTICIPO - PLAZO DE ENTREGA ESTIMADO 10 Du00cdAS Hu00c1BILES SEGu00daN STOCK DISPONIBLE. nnPor favor detalle la cantidad de unidades por color (deberu00e1n ser mu00faltiplos de 10)&quot;,&quot;name&quot;:&quot;wcpa-paragraph-64e4c2b8396df&quot;,&quot;contentType&quot;:&quot;plain&quot;,&quot;cl_dependency&quot;:false}],[{&quot;type&quot;:&quot;number&quot;,&quot;elementId&quot;:&quot;wcpa-number-64e4c2b839779&quot;,&quot;label&quot;:&quot;BAMBU&quot;,&quot;className&quot;:&quot;form-control&quot;,&quot;name&quot;:&quot;number-64e4c2b83977f&quot;,&quot;min&quot;:&quot;&quot;,&quot;max&quot;:&quot;&quot;,&quot;step&quot;:&quot;10&quot;,&quot;active&quot;:true,&quot;col&quot;:6,&quot;error&quot;:false,&quot;cl_dependency&quot;:false}]]}},&quot;config&quot;:null,&quot;design&quot;:{&quot;conf&quot;:{&quot;LabelPosition&quot;:&quot;above&quot;,&quot;DescPosition&quot;:&quot;above&quot;},&quot;css&quot;:[]}}\">\n<div class=\"wcpa_wrap\">\n<div id=\"sec_266391c2deac6a\" class=\"wcpa_section wcpa_form_id_5821\">\n<div class=\"wcpa_section_body\">\n<div class=\"wcpa_row wcpa_row_index_0\">\n<div id=\"wcpa-paragraph-64e4c2b8396df\" class=\"wcpa_field_wrap wcpa_type_content wcpa_label_pos_above wcpa_desc_pos_above wcpa-col-6 wcpa_col_index_0 \">\n<p class=\"wcpa_field\">REALIZAMOS FACTURA A<\/p>\n<\/div>\n<\/div>\n<\/div>\n<\/div>\n<\/div>\n<\/div>\n<\/form>\n","protected":false},"featured_media":1879,"comment_status":"closed","ping_status":"closed","template":"","meta":{"postBodyCss":"","postBodyMargin":[],"postBodyPadding":[],"postBodyBackground":{"backgroundType":"classic","gradient":""}},"product_brand":[],"product_cat":[17,69,98,41,35,283,18,97,20,218],"product_tag":[220,221,225,260,222,313,314,317,320,318,319,219,310],"class_list":{"0":"post-1878","1":"product","2":"type-product","3":"status-publish","4":"has-post-thumbnail","6":"product_cat-boligrafos","7":"product_cat-oficina-libreria","8":"product_cat-merchandising","9":"product_cat-novedades","10":"product_cat-oficina","11":"product_cat-oficina-sustentable","12":"product_cat-boligrafos-plasticos","13":"product_cat-regalos-empresariales","14":"product_cat-boligrafos-sets","15":"product_cat-sustentable","16":"product_tag-merchandising-eco","17":"product_tag-merchandising-ecologico","18":"product_tag-objetos-promocionales-ecologicos","19":"product_tag-productos-para-regalar-sustentables","20":"product_tag-regalos-empresariales-eco","21":"product_tag-reusable","22":"product_tag-reusme","23":"product_tag-set-ancor","24":"product_tag-set-corcho","25":"product_tag-set-de-escritorio","26":"product_tag-set-sustentable","27":"product_tag-sustentable","28":"product_tag-vasos-reutilizables","30":"first","31":"instock","32":"shipping-taxable","33":"purchasable","34":"product-type-simple"},"_links":{"self":[{"href":"https:\/\/www.promostore.com.ar\/web\/wp-json\/wp\/v2\/product\/1878","targetHints":{"allow":["GET"]}}],"collection":[{"href":"https:\/\/www.promostore.com.ar\/web\/wp-json\/wp\/v2\/product"}],"about":[{"href":"https:\/\/www.promostore.com.ar\/web\/wp-json\/wp\/v2\/types\/product"}],"replies":[{"embeddable":true,"href":"https:\/\/www.promostore.com.ar\/web\/wp-json\/wp\/v2\/comments?post=1878"}],"wp:featuredmedia":[{"embeddable":true,"href":"https:\/\/www.promostore.com.ar\/web\/wp-json\/wp\/v2\/media\/1879"}],"wp:attachment":[{"href":"https:\/\/www.promostore.com.ar\/web\/wp-json\/wp\/v2\/media?parent=1878"}],"wp:term":[{"taxonomy":"product_brand","embeddable":true,"href":"https:\/\/www.promostore.com.ar\/web\/wp-json\/wp\/v2\/product_brand?post=1878"},{"taxonomy":"product_cat","embeddable":true,"href":"https:\/\/www.promostore.com.ar\/web\/wp-json\/wp\/v2\/product_cat?post=1878"},{"taxonomy":"product_tag","embeddable":true,"href":"https:\/\/www.promostore.com.ar\/web\/wp-json\/wp\/v2\/product_tag?post=1878"}],"curies":[{"name":"wp","href":"https:\/\/api.w.org\/{rel}","templated":true}]}}