{"id":3023,"date":"2026-04-02T17:11:35","date_gmt":"2026-04-02T20:11:35","guid":{"rendered":"https:\/\/www.promostore.com.ar\/web\/producto\/auriculares-nucleo\/"},"modified":"2026-04-18T06:50:09","modified_gmt":"2026-04-18T09:50:09","slug":"auriculares-nucleo","status":"publish","type":"product","link":"https:\/\/www.promostore.com.ar\/web\/producto\/auriculares-nucleo\/","title":{"rendered":"Auriculares NUCLEO"},"content":{"rendered":"<p>Auricular bluetooth universal en estuche con micr\u00f3fono. <\/p>\n<p>Caracter\u00edsticas: Versi\u00f3n inal\u00e1mbrica: V4.2 + EDR.<br \/>\nFrecuencia: 2.4 GHz. Impedancia: 32 OHM. Transmisi\u00f3n: class2. Potencia de salida: 30 mW. Rango: 33 pies. Tiempo que habla: 3-4 horas<br \/>\nTiempo en espera: 120 horas<br \/>\nBater\u00eda recargable de Li 60 mAh<\/p>\n<p>Tama\u00f1o del producto: Longitud 25 MM * Ancho 15 MM * Alto 35 MM. Carga de la energ\u00eda: DC5V fuente de alimentaci\u00f3n (puerto USB del ordenador, cargador de tel\u00e9fono m\u00f3vil, cargador de coche). Medidas estuche: 5,5 x 2,5 cm. <\/p>\n<p>Tahg.<\/p>\n\n    <div class=\"xs_social_share_widget xs_share_url after_content \t\tmain_content  wslu-style-1 wslu-share-box-shaped wslu-fill-colored wslu-none wslu-share-horizontal wslu-theme-font-no wslu-main_content\">\n\n\t\t\n        <ul>\n\t\t\t        <\/ul>\n    <\/div> \n","protected":false},"excerpt":{"rendered":"<p>Auricular bluetooth universal en estuche con micr\u00f3fono. Caracter\u00edsticas: Versi\u00f3n inal\u00e1mbrica: V4.2 + EDR. Frecuencia: 2.4 GHz. Impedancia: 32 OHM. Transmisi\u00f3n: class2. Potencia de salida: 30 mW. Rango: 33 pies. Tiempo que habla: 3-4 horas Tiempo en espera: 120 horas Bater\u00eda recargable de Li 60 mAh Tama\u00f1o del producto: Longitud 25 MM * Ancho 15 MM * Alto 35 MM. Carga de la energ\u00eda: DC5V fuente de alimentaci\u00f3n (puerto USB del ordenador, cargador de tel\u00e9fono m\u00f3vil, cargador de coche). Medidas estuche: 5,5 x 2,5 cm. Tahg.<\/p>\n","protected":false},"featured_media":3024,"comment_status":"open","ping_status":"closed","template":"","meta":{"postBodyCss":"","postBodyMargin":[],"postBodyPadding":[],"postBodyBackground":{"backgroundType":"classic","gradient":""}},"product_brand":[],"product_cat":[316],"product_tag":[],"class_list":{"0":"post-3023","1":"product","2":"type-product","3":"status-publish","4":"has-post-thumbnail","6":"product_cat-sin-categorizar","8":"first","9":"instock","10":"shipping-taxable","11":"purchasable","12":"product-type-simple"},"_links":{"self":[{"href":"https:\/\/www.promostore.com.ar\/web\/wp-json\/wp\/v2\/product\/3023","targetHints":{"allow":["GET"]}}],"collection":[{"href":"https:\/\/www.promostore.com.ar\/web\/wp-json\/wp\/v2\/product"}],"about":[{"href":"https:\/\/www.promostore.com.ar\/web\/wp-json\/wp\/v2\/types\/product"}],"replies":[{"embeddable":true,"href":"https:\/\/www.promostore.com.ar\/web\/wp-json\/wp\/v2\/comments?post=3023"}],"wp:featuredmedia":[{"embeddable":true,"href":"https:\/\/www.promostore.com.ar\/web\/wp-json\/wp\/v2\/media\/3024"}],"wp:attachment":[{"href":"https:\/\/www.promostore.com.ar\/web\/wp-json\/wp\/v2\/media?parent=3023"}],"wp:term":[{"taxonomy":"product_brand","embeddable":true,"href":"https:\/\/www.promostore.com.ar\/web\/wp-json\/wp\/v2\/product_brand?post=3023"},{"taxonomy":"product_cat","embeddable":true,"href":"https:\/\/www.promostore.com.ar\/web\/wp-json\/wp\/v2\/product_cat?post=3023"},{"taxonomy":"product_tag","embeddable":true,"href":"https:\/\/www.promostore.com.ar\/web\/wp-json\/wp\/v2\/product_tag?post=3023"}],"curies":[{"name":"wp","href":"https:\/\/api.w.org\/{rel}","templated":true}]}}