{"id":3027,"date":"2026-04-02T17:11:38","date_gmt":"2026-04-02T20:11:38","guid":{"rendered":"https:\/\/www.promostore.com.ar\/web\/producto\/gorro-trucker-c-broche\/"},"modified":"2026-04-18T06:50:09","modified_gmt":"2026-04-18T09:50:09","slug":"gorro-trucker-c-broche","status":"publish","type":"product","link":"https:\/\/www.promostore.com.ar\/web\/producto\/gorro-trucker-c-broche\/","title":{"rendered":"Gorro Trucker c\/broche"},"content":{"rendered":"<p>Gorro de 5 paneles en Polyester. Parte trasera con tela red de color. Ajuste con broche pl\u00e1stico.<br \/>\nTahg. <\/p>\n<p>Consulta la gu\u00eda de aplicaci\u00f3n de Patch Bordado con tu ejecutivo o en el siguiente link https:\/\/bit.ly\/ARG-One-Sheet-Patch-Bordado.<\/p>\n\n    <div class=\"xs_social_share_widget xs_share_url after_content \t\tmain_content  wslu-style-1 wslu-share-box-shaped wslu-fill-colored wslu-none wslu-share-horizontal wslu-theme-font-no wslu-main_content\">\n\n\t\t\n        <ul>\n\t\t\t        <\/ul>\n    <\/div> \n","protected":false},"excerpt":{"rendered":"<p>Gorro de 5 paneles en Polyester. Parte trasera con tela red de color. Ajuste con broche pl\u00e1stico. Tahg. Consulta la gu\u00eda de aplicaci\u00f3n de Patch Bordado con tu ejecutivo o en el siguiente link https:\/\/bit.ly\/ARG-One-Sheet-Patch-Bordado.<\/p>\n","protected":false},"featured_media":3028,"comment_status":"open","ping_status":"closed","template":"","meta":{"postBodyCss":"","postBodyMargin":[],"postBodyPadding":[],"postBodyBackground":{"backgroundType":"classic","gradient":""}},"product_brand":[],"product_cat":[316],"product_tag":[],"class_list":{"0":"post-3027","1":"product","2":"type-product","3":"status-publish","4":"has-post-thumbnail","6":"product_cat-sin-categorizar","8":"first","9":"instock","10":"shipping-taxable","11":"purchasable","12":"product-type-simple"},"_links":{"self":[{"href":"https:\/\/www.promostore.com.ar\/web\/wp-json\/wp\/v2\/product\/3027","targetHints":{"allow":["GET"]}}],"collection":[{"href":"https:\/\/www.promostore.com.ar\/web\/wp-json\/wp\/v2\/product"}],"about":[{"href":"https:\/\/www.promostore.com.ar\/web\/wp-json\/wp\/v2\/types\/product"}],"replies":[{"embeddable":true,"href":"https:\/\/www.promostore.com.ar\/web\/wp-json\/wp\/v2\/comments?post=3027"}],"wp:featuredmedia":[{"embeddable":true,"href":"https:\/\/www.promostore.com.ar\/web\/wp-json\/wp\/v2\/media\/3028"}],"wp:attachment":[{"href":"https:\/\/www.promostore.com.ar\/web\/wp-json\/wp\/v2\/media?parent=3027"}],"wp:term":[{"taxonomy":"product_brand","embeddable":true,"href":"https:\/\/www.promostore.com.ar\/web\/wp-json\/wp\/v2\/product_brand?post=3027"},{"taxonomy":"product_cat","embeddable":true,"href":"https:\/\/www.promostore.com.ar\/web\/wp-json\/wp\/v2\/product_cat?post=3027"},{"taxonomy":"product_tag","embeddable":true,"href":"https:\/\/www.promostore.com.ar\/web\/wp-json\/wp\/v2\/product_tag?post=3027"}],"curies":[{"name":"wp","href":"https:\/\/api.w.org\/{rel}","templated":true}]}}