{"id":3103,"date":"2026-04-02T17:50:07","date_gmt":"2026-04-02T20:50:07","guid":{"rendered":"https:\/\/www.promostore.com.ar\/web\/producto\/paraguas-tahg-134-automatico\/"},"modified":"2026-04-18T22:53:12","modified_gmt":"2026-04-19T01:53:12","slug":"paraguas-tahg-134-automatico","status":"publish","type":"product","link":"https:\/\/www.promostore.com.ar\/web\/producto\/paraguas-tahg-134-automatico\/","title":{"rendered":"Paraguas TAHG 134 Autom\u00e1tico"},"content":{"rendered":"<p>Paraguas street de 8 gajos con mango curvo de madera y estructura met\u00e1lica negra. Con sistema de apertura autom\u00e1tica. Tela de interior silver combinada con exterior en colores. <\/p>\n<p>Material: Pongee con interior silver. Medidas: 80 cm x di\u00e1metro 105 cm. <\/p>\n<p>Tahg.<\/p>\n\n    <div class=\"xs_social_share_widget xs_share_url after_content \t\tmain_content  wslu-style-1 wslu-share-box-shaped wslu-fill-colored wslu-none wslu-share-horizontal wslu-theme-font-no wslu-main_content\">\n\n\t\t\n        <ul>\n\t\t\t        <\/ul>\n    <\/div> \n","protected":false},"excerpt":{"rendered":"<p>Paraguas street de 8 gajos con mango curvo de madera y estructura met\u00e1lica negra. Con sistema de apertura autom\u00e1tica. Tela de interior silver combinada con exterior en colores. Material: Pongee con interior silver. Medidas: 80 cm x di\u00e1metro 105 cm. Tahg.<\/p>\n","protected":false},"featured_media":0,"comment_status":"open","ping_status":"closed","template":"","meta":{"postBodyCss":"","postBodyMargin":[],"postBodyPadding":[],"postBodyBackground":{"backgroundType":"classic","gradient":""}},"product_brand":[],"product_cat":[316],"product_tag":[],"class_list":{"0":"post-3103","1":"product","2":"type-product","3":"status-publish","5":"product_cat-sin-categorizar","7":"first","8":"instock","9":"shipping-taxable","10":"purchasable","11":"product-type-simple"},"_links":{"self":[{"href":"https:\/\/www.promostore.com.ar\/web\/wp-json\/wp\/v2\/product\/3103","targetHints":{"allow":["GET"]}}],"collection":[{"href":"https:\/\/www.promostore.com.ar\/web\/wp-json\/wp\/v2\/product"}],"about":[{"href":"https:\/\/www.promostore.com.ar\/web\/wp-json\/wp\/v2\/types\/product"}],"replies":[{"embeddable":true,"href":"https:\/\/www.promostore.com.ar\/web\/wp-json\/wp\/v2\/comments?post=3103"}],"wp:attachment":[{"href":"https:\/\/www.promostore.com.ar\/web\/wp-json\/wp\/v2\/media?parent=3103"}],"wp:term":[{"taxonomy":"product_brand","embeddable":true,"href":"https:\/\/www.promostore.com.ar\/web\/wp-json\/wp\/v2\/product_brand?post=3103"},{"taxonomy":"product_cat","embeddable":true,"href":"https:\/\/www.promostore.com.ar\/web\/wp-json\/wp\/v2\/product_cat?post=3103"},{"taxonomy":"product_tag","embeddable":true,"href":"https:\/\/www.promostore.com.ar\/web\/wp-json\/wp\/v2\/product_tag?post=3103"}],"curies":[{"name":"wp","href":"https:\/\/api.w.org\/{rel}","templated":true}]}}