{"id":3130,"date":"2026-04-02T18:50:08","date_gmt":"2026-04-02T21:50:08","guid":{"rendered":"https:\/\/www.promostore.com.ar\/web\/producto\/chaleco-pampero-2\/"},"modified":"2026-04-30T12:49:24","modified_gmt":"2026-04-30T15:49:24","slug":"chaleco-pampero-2","status":"publish","type":"product","link":"https:\/\/www.promostore.com.ar\/web\/producto\/chaleco-pampero-2\/","title":{"rendered":"Chaleco Pampero"},"content":{"rendered":"<p>Chaleco fabricado en Micropolar de alta calidad, la tela posee un tratamiento antipilling en ambas caras, externa e interna que mantiene por m\u00e1s tiempo el aspecto original de la prenda, evitando la formacion de imperfecciones. Doble anti pilling. 100% Polyester 220 gr\/m2. Cuenta con tres Bolsillos con cierre, dos laterales inferiores y uno lateral derecho superior. Por su aspecto y dise\u00f1o esta prenda resulta vers\u00e1til tanto para su uso outdoor como su uso urbano. El chaleco posee cuello alzado que proporciona protecci\u00f3n y comodidad. Cada cierre posee un tirador con el logo de Pampero y adem\u00e1s cuenta con detalles en las terminaciones del exterior e  interior. En el extremo superior del cierre, posee una solapa cobertora. <\/p>\n<p>Recomendaciones de uso para cuidar tu abrigo: Lavar a m\u00e1quina a 30\u00b0. No lavar en seco. No Blanquear. No planchar. No secar en m\u00e1quina. <\/p>\n<p>Pampero.<\/p>\n\n    <div class=\"xs_social_share_widget xs_share_url after_content \t\tmain_content  wslu-style-1 wslu-share-box-shaped wslu-fill-colored wslu-none wslu-share-horizontal wslu-theme-font-no wslu-main_content\">\n\n\t\t\n        <ul>\n\t\t\t        <\/ul>\n    <\/div> \n","protected":false},"excerpt":{"rendered":"<p>Chaleco fabricado en Micropolar de alta calidad, la tela posee un tratamiento antipilling en ambas caras, externa e interna que mantiene por m\u00e1s tiempo el aspecto original de la prenda, evitando la formacion de imperfecciones. Doble anti pilling. 100% Polyester 220 gr\/m2. Cuenta con tres Bolsillos con cierre, dos laterales inferiores y uno lateral derecho superior. Por su aspecto y dise\u00f1o esta prenda resulta vers\u00e1til tanto para su uso outdoor como su uso urbano. El chaleco posee cuello alzado que proporciona protecci\u00f3n y comodidad. Cada cierre posee un tirador con el logo de Pampero y adem\u00e1s cuenta con detalles en las terminaciones del exterior e interior. En el extremo superior del cierre, posee una solapa cobertora. Recomendaciones de uso para cuidar tu abrigo: Lavar a m\u00e1quina a 30\u00b0. No lavar en seco. No Blanquear. No planchar. No secar en m\u00e1quina. Pampero.<\/p>\n","protected":false},"featured_media":3131,"comment_status":"open","ping_status":"closed","template":"","meta":{"postBodyCss":"","postBodyMargin":[],"postBodyPadding":[],"postBodyBackground":{"backgroundType":"classic","gradient":""}},"product_brand":[],"product_cat":[359],"product_tag":[],"class_list":{"0":"post-3130","1":"product","2":"type-product","3":"status-publish","4":"has-post-thumbnail","6":"product_cat-zc-workwear","8":"first","9":"instock","10":"shipping-taxable","11":"purchasable","12":"product-type-simple"},"_links":{"self":[{"href":"https:\/\/www.promostore.com.ar\/web\/wp-json\/wp\/v2\/product\/3130","targetHints":{"allow":["GET"]}}],"collection":[{"href":"https:\/\/www.promostore.com.ar\/web\/wp-json\/wp\/v2\/product"}],"about":[{"href":"https:\/\/www.promostore.com.ar\/web\/wp-json\/wp\/v2\/types\/product"}],"replies":[{"embeddable":true,"href":"https:\/\/www.promostore.com.ar\/web\/wp-json\/wp\/v2\/comments?post=3130"}],"wp:featuredmedia":[{"embeddable":true,"href":"https:\/\/www.promostore.com.ar\/web\/wp-json\/wp\/v2\/media\/3131"}],"wp:attachment":[{"href":"https:\/\/www.promostore.com.ar\/web\/wp-json\/wp\/v2\/media?parent=3130"}],"wp:term":[{"taxonomy":"product_brand","embeddable":true,"href":"https:\/\/www.promostore.com.ar\/web\/wp-json\/wp\/v2\/product_brand?post=3130"},{"taxonomy":"product_cat","embeddable":true,"href":"https:\/\/www.promostore.com.ar\/web\/wp-json\/wp\/v2\/product_cat?post=3130"},{"taxonomy":"product_tag","embeddable":true,"href":"https:\/\/www.promostore.com.ar\/web\/wp-json\/wp\/v2\/product_tag?post=3130"}],"curies":[{"name":"wp","href":"https:\/\/api.w.org\/{rel}","templated":true}]}}