{"id":3156,"date":"2026-04-02T18:50:24","date_gmt":"2026-04-02T21:50:24","guid":{"rendered":"https:\/\/www.promostore.com.ar\/web\/producto\/bolso-smash\/"},"modified":"2026-04-29T22:49:08","modified_gmt":"2026-04-30T01:49:08","slug":"bolso-smash","status":"publish","type":"product","link":"https:\/\/www.promostore.com.ar\/web\/producto\/bolso-smash\/","title":{"rendered":"Bolso Smash"},"content":{"rendered":"<p>Realizado en Snow. Compartimiento principal con divisi\u00f3n y laterales con cierre. Compartimiento especialmente dise\u00f1ado para calzado. Bolsillo frontal con cierre. Incluye bolsa para almacenar art\u00edculos sucios o h\u00famedos por separado. Medidas: 62 x 25 x 27 cm. Capacidad: 42 Lts. Slazenger<\/p>\n\n    <div class=\"xs_social_share_widget xs_share_url after_content \t\tmain_content  wslu-style-1 wslu-share-box-shaped wslu-fill-colored wslu-none wslu-share-horizontal wslu-theme-font-no wslu-main_content\">\n\n\t\t\n        <ul>\n\t\t\t        <\/ul>\n    <\/div> \n","protected":false},"excerpt":{"rendered":"<p>Realizado en Snow. Compartimiento principal con divisi\u00f3n y laterales con cierre. Compartimiento especialmente dise\u00f1ado para calzado. Bolsillo frontal con cierre. Incluye bolsa para almacenar art\u00edculos sucios o h\u00famedos por separado. Medidas: 62 x 25 x 27 cm. Capacidad: 42 Lts. Slazenger<\/p>\n","protected":false},"featured_media":3157,"comment_status":"open","ping_status":"closed","template":"","meta":{"postBodyCss":"","postBodyMargin":[],"postBodyPadding":[],"postBodyBackground":{"backgroundType":"classic","gradient":""}},"product_brand":[],"product_cat":[347],"product_tag":[],"class_list":{"0":"post-3156","1":"product","2":"type-product","3":"status-publish","4":"has-post-thumbnail","6":"product_cat-zc-viajes","8":"first","9":"instock","10":"shipping-taxable","11":"purchasable","12":"product-type-simple"},"_links":{"self":[{"href":"https:\/\/www.promostore.com.ar\/web\/wp-json\/wp\/v2\/product\/3156","targetHints":{"allow":["GET"]}}],"collection":[{"href":"https:\/\/www.promostore.com.ar\/web\/wp-json\/wp\/v2\/product"}],"about":[{"href":"https:\/\/www.promostore.com.ar\/web\/wp-json\/wp\/v2\/types\/product"}],"replies":[{"embeddable":true,"href":"https:\/\/www.promostore.com.ar\/web\/wp-json\/wp\/v2\/comments?post=3156"}],"wp:featuredmedia":[{"embeddable":true,"href":"https:\/\/www.promostore.com.ar\/web\/wp-json\/wp\/v2\/media\/3157"}],"wp:attachment":[{"href":"https:\/\/www.promostore.com.ar\/web\/wp-json\/wp\/v2\/media?parent=3156"}],"wp:term":[{"taxonomy":"product_brand","embeddable":true,"href":"https:\/\/www.promostore.com.ar\/web\/wp-json\/wp\/v2\/product_brand?post=3156"},{"taxonomy":"product_cat","embeddable":true,"href":"https:\/\/www.promostore.com.ar\/web\/wp-json\/wp\/v2\/product_cat?post=3156"},{"taxonomy":"product_tag","embeddable":true,"href":"https:\/\/www.promostore.com.ar\/web\/wp-json\/wp\/v2\/product_tag?post=3156"}],"curies":[{"name":"wp","href":"https:\/\/api.w.org\/{rel}","templated":true}]}}