{"id":3178,"date":"2026-04-02T18:50:34","date_gmt":"2026-04-02T21:50:34","guid":{"rendered":"https:\/\/www.promostore.com.ar\/web\/producto\/cuaderno-eco-colors-8x12-50-hojas\/"},"modified":"2026-05-02T06:49:22","modified_gmt":"2026-05-02T09:49:22","slug":"cuaderno-eco-colors-8x12-50-hojas","status":"publish","type":"product","link":"https:\/\/www.promostore.com.ar\/web\/producto\/cuaderno-eco-colors-8x12-50-hojas\/","title":{"rendered":"Cuaderno ECO Colors 8&#215;12 50 hojas"},"content":{"rendered":"<p>Cuaderno anillado colors tama\u00f1o A6 con 50 hojas lisas de 80 grm. Realizado con tapa dura elaborada en cart\u00f3n reciclado. Incluye bol\u00edgrafo con pulsador (Tinta Negra). Medidas: 8 x 12 cm. <\/p>\n<p>ReUseMe.<\/p>\n\n    <div class=\"xs_social_share_widget xs_share_url after_content \t\tmain_content  wslu-style-1 wslu-share-box-shaped wslu-fill-colored wslu-none wslu-share-horizontal wslu-theme-font-no wslu-main_content\">\n\n\t\t\n        <ul>\n\t\t\t        <\/ul>\n    <\/div> \n","protected":false},"excerpt":{"rendered":"<p>Cuaderno anillado colors tama\u00f1o A6 con 50 hojas lisas de 80 grm. Realizado con tapa dura elaborada en cart\u00f3n reciclado. Incluye bol\u00edgrafo con pulsador (Tinta Negra). Medidas: 8 x 12 cm. ReUseMe.<\/p>\n","protected":false},"featured_media":3179,"comment_status":"open","ping_status":"closed","template":"","meta":{"postBodyCss":"","postBodyMargin":[],"postBodyPadding":[],"postBodyBackground":{"backgroundType":"classic","gradient":""}},"product_brand":[],"product_cat":[352],"product_tag":[],"class_list":{"0":"post-3178","1":"product","2":"type-product","3":"status-publish","4":"has-post-thumbnail","6":"product_cat-zc-2026-dia-del-padre","8":"first","9":"instock","10":"shipping-taxable","11":"purchasable","12":"product-type-simple"},"_links":{"self":[{"href":"https:\/\/www.promostore.com.ar\/web\/wp-json\/wp\/v2\/product\/3178","targetHints":{"allow":["GET"]}}],"collection":[{"href":"https:\/\/www.promostore.com.ar\/web\/wp-json\/wp\/v2\/product"}],"about":[{"href":"https:\/\/www.promostore.com.ar\/web\/wp-json\/wp\/v2\/types\/product"}],"replies":[{"embeddable":true,"href":"https:\/\/www.promostore.com.ar\/web\/wp-json\/wp\/v2\/comments?post=3178"}],"wp:featuredmedia":[{"embeddable":true,"href":"https:\/\/www.promostore.com.ar\/web\/wp-json\/wp\/v2\/media\/3179"}],"wp:attachment":[{"href":"https:\/\/www.promostore.com.ar\/web\/wp-json\/wp\/v2\/media?parent=3178"}],"wp:term":[{"taxonomy":"product_brand","embeddable":true,"href":"https:\/\/www.promostore.com.ar\/web\/wp-json\/wp\/v2\/product_brand?post=3178"},{"taxonomy":"product_cat","embeddable":true,"href":"https:\/\/www.promostore.com.ar\/web\/wp-json\/wp\/v2\/product_cat?post=3178"},{"taxonomy":"product_tag","embeddable":true,"href":"https:\/\/www.promostore.com.ar\/web\/wp-json\/wp\/v2\/product_tag?post=3178"}],"curies":[{"name":"wp","href":"https:\/\/api.w.org\/{rel}","templated":true}]}}