{"id":3196,"date":"2026-04-02T19:52:16","date_gmt":"2026-04-02T22:52:16","guid":{"rendered":"https:\/\/www.promostore.com.ar\/web\/producto\/auriculares-inalambrico-unison\/"},"modified":"2026-04-18T07:52:10","modified_gmt":"2026-04-18T10:52:10","slug":"auriculares-inalambrico-unison","status":"publish","type":"product","link":"https:\/\/www.promostore.com.ar\/web\/producto\/auriculares-inalambrico-unison\/","title":{"rendered":"Auriculares inalambrico Unison"},"content":{"rendered":"<p>Auriculares inal\u00e1mbricos, tipo diadema, con Micr\u00f3fono incluido. Capacidad de la bater\u00eda: 300mAh. Distancia de conexi\u00f3n: 10 metros. Frecuencia:20-20000HZ. Potencia: 10mW. Sensibilidad: 98dB\u00b13dB. Impedancia: 32 \u03a9 plus or minus 15%. Bluetooth: Bluetooth 5.0. Incluye Manual de Uso, Cable USB y Doble Mini Plug. Packaging: Caja negra. Kingtech.<\/p>\n\n    <div class=\"xs_social_share_widget xs_share_url after_content \t\tmain_content  wslu-style-1 wslu-share-box-shaped wslu-fill-colored wslu-none wslu-share-horizontal wslu-theme-font-no wslu-main_content\">\n\n\t\t\n        <ul>\n\t\t\t        <\/ul>\n    <\/div> \n","protected":false},"excerpt":{"rendered":"<p>Auriculares inal\u00e1mbricos, tipo diadema, con Micr\u00f3fono incluido. Capacidad de la bater\u00eda: 300mAh. Distancia de conexi\u00f3n: 10 metros. Frecuencia:20-20000HZ. Potencia: 10mW. Sensibilidad: 98dB\u00b13dB. Impedancia: 32 \u03a9 plus or minus 15%. Bluetooth: Bluetooth 5.0. Incluye Manual de Uso, Cable USB y Doble Mini Plug. Packaging: Caja negra. Kingtech.<\/p>\n","protected":false},"featured_media":3197,"comment_status":"open","ping_status":"closed","template":"","meta":{"postBodyCss":"","postBodyMargin":[],"postBodyPadding":[],"postBodyBackground":{"backgroundType":"classic","gradient":""}},"product_brand":[],"product_cat":[316],"product_tag":[],"class_list":{"0":"post-3196","1":"product","2":"type-product","3":"status-publish","4":"has-post-thumbnail","6":"product_cat-sin-categorizar","8":"first","9":"instock","10":"shipping-taxable","11":"purchasable","12":"product-type-simple"},"_links":{"self":[{"href":"https:\/\/www.promostore.com.ar\/web\/wp-json\/wp\/v2\/product\/3196","targetHints":{"allow":["GET"]}}],"collection":[{"href":"https:\/\/www.promostore.com.ar\/web\/wp-json\/wp\/v2\/product"}],"about":[{"href":"https:\/\/www.promostore.com.ar\/web\/wp-json\/wp\/v2\/types\/product"}],"replies":[{"embeddable":true,"href":"https:\/\/www.promostore.com.ar\/web\/wp-json\/wp\/v2\/comments?post=3196"}],"wp:featuredmedia":[{"embeddable":true,"href":"https:\/\/www.promostore.com.ar\/web\/wp-json\/wp\/v2\/media\/3197"}],"wp:attachment":[{"href":"https:\/\/www.promostore.com.ar\/web\/wp-json\/wp\/v2\/media?parent=3196"}],"wp:term":[{"taxonomy":"product_brand","embeddable":true,"href":"https:\/\/www.promostore.com.ar\/web\/wp-json\/wp\/v2\/product_brand?post=3196"},{"taxonomy":"product_cat","embeddable":true,"href":"https:\/\/www.promostore.com.ar\/web\/wp-json\/wp\/v2\/product_cat?post=3196"},{"taxonomy":"product_tag","embeddable":true,"href":"https:\/\/www.promostore.com.ar\/web\/wp-json\/wp\/v2\/product_tag?post=3196"}],"curies":[{"name":"wp","href":"https:\/\/api.w.org\/{rel}","templated":true}]}}