{"id":3226,"date":"2026-04-02T22:49:31","date_gmt":"2026-04-03T01:49:31","guid":{"rendered":"https:\/\/www.promostore.com.ar\/web\/producto\/mate-c-asa-y-bombilla\/"},"modified":"2026-05-01T10:49:30","modified_gmt":"2026-05-01T13:49:30","slug":"mate-c-asa-y-bombilla","status":"publish","type":"product","link":"https:\/\/www.promostore.com.ar\/web\/producto\/mate-c-asa-y-bombilla\/","title":{"rendered":"Mate C\/asa y Bombilla"},"content":{"rendered":"<p>Mate pl\u00e1stico de poliestireno de un asa. Incluye bombilla de acero inoxidable con disco pl\u00e1stico autolimpiante saca-yerba. Medidas: 8 cm x di\u00e1metro 6 cm. Colores: Negro, verde militar, marfil y ladrillo. Producto libre de BPA. Zecat<\/p>\n\n    <div class=\"xs_social_share_widget xs_share_url after_content \t\tmain_content  wslu-style-1 wslu-share-box-shaped wslu-fill-colored wslu-none wslu-share-horizontal wslu-theme-font-no wslu-main_content\">\n\n\t\t\n        <ul>\n\t\t\t        <\/ul>\n    <\/div> \n","protected":false},"excerpt":{"rendered":"<p>Mate pl\u00e1stico de poliestireno de un asa. Incluye bombilla de acero inoxidable con disco pl\u00e1stico autolimpiante saca-yerba. Medidas: 8 cm x di\u00e1metro 6 cm. Colores: Negro, verde militar, marfil y ladrillo. Producto libre de BPA. Zecat<\/p>\n","protected":false},"featured_media":3227,"comment_status":"open","ping_status":"closed","template":"","meta":{"postBodyCss":"","postBodyMargin":[],"postBodyPadding":[],"postBodyBackground":{"backgroundType":"classic","gradient":""}},"product_brand":[],"product_cat":[355],"product_tag":[],"class_list":{"0":"post-3226","1":"product","2":"type-product","3":"status-publish","4":"has-post-thumbnail","6":"product_cat-zc-mates-termos-y-materas","8":"first","9":"instock","10":"shipping-taxable","11":"purchasable","12":"product-type-simple"},"_links":{"self":[{"href":"https:\/\/www.promostore.com.ar\/web\/wp-json\/wp\/v2\/product\/3226","targetHints":{"allow":["GET"]}}],"collection":[{"href":"https:\/\/www.promostore.com.ar\/web\/wp-json\/wp\/v2\/product"}],"about":[{"href":"https:\/\/www.promostore.com.ar\/web\/wp-json\/wp\/v2\/types\/product"}],"replies":[{"embeddable":true,"href":"https:\/\/www.promostore.com.ar\/web\/wp-json\/wp\/v2\/comments?post=3226"}],"wp:featuredmedia":[{"embeddable":true,"href":"https:\/\/www.promostore.com.ar\/web\/wp-json\/wp\/v2\/media\/3227"}],"wp:attachment":[{"href":"https:\/\/www.promostore.com.ar\/web\/wp-json\/wp\/v2\/media?parent=3226"}],"wp:term":[{"taxonomy":"product_brand","embeddable":true,"href":"https:\/\/www.promostore.com.ar\/web\/wp-json\/wp\/v2\/product_brand?post=3226"},{"taxonomy":"product_cat","embeddable":true,"href":"https:\/\/www.promostore.com.ar\/web\/wp-json\/wp\/v2\/product_cat?post=3226"},{"taxonomy":"product_tag","embeddable":true,"href":"https:\/\/www.promostore.com.ar\/web\/wp-json\/wp\/v2\/product_tag?post=3226"}],"curies":[{"name":"wp","href":"https:\/\/api.w.org\/{rel}","templated":true}]}}