{"id":3232,"date":"2026-04-02T23:50:00","date_gmt":"2026-04-03T02:50:00","guid":{"rendered":"https:\/\/www.promostore.com.ar\/web\/producto\/parlante-wireless-earth\/"},"modified":"2026-04-29T22:49:12","modified_gmt":"2026-04-30T01:49:12","slug":"parlante-wireless-earth","status":"publish","type":"product","link":"https:\/\/www.promostore.com.ar\/web\/producto\/parlante-wireless-earth\/","title":{"rendered":"Parlante Wireless Earth"},"content":{"rendered":"<p>Parlante port\u00e1til con tecnolog\u00eda Bluetooth 5.0. Realizado en combinaci\u00f3n de PP con Silicona y Wheat Straw, pasta de tallo de trigo, un material sustentable que reduce el consumo de pl\u00e1sticos v\u00edrgenes. Su peso es de 116gr, y entre sus caracter\u00edsticas t\u00e9cnicas encontramos:<br \/>\nBateria de 300mAh.<br \/>\nPoder del parlante 3W X 1.<br \/>\nFrecuencia 200Hz 20KHz.<br \/>\nConexi\u00f3n: 5V  500mA.<br \/>\nDistancia de alcance: 10 Metros.<br \/>\nDuracion de Bateria a Vol. medio 1,5horas.<br \/>\nMedidas: 5,85 x 5,85 x 5,1 cm. <\/p>\n<p>Debido a que la pasta de trigo es un material sustentable y 100% natural, puede haber ligeras variaciones en el color del producto de un lote a otro. <\/p>\n<p>ReUseMe.<\/p>\n<p>Incluye GiftBox confeccionada en cartulina Kraft. Personalizala con un mensaje especial<\/p>\n\n    <div class=\"xs_social_share_widget xs_share_url after_content \t\tmain_content  wslu-style-1 wslu-share-box-shaped wslu-fill-colored wslu-none wslu-share-horizontal wslu-theme-font-no wslu-main_content\">\n\n\t\t\n        <ul>\n\t\t\t        <\/ul>\n    <\/div> \n","protected":false},"excerpt":{"rendered":"<p>Parlante port\u00e1til con tecnolog\u00eda Bluetooth 5.0. Realizado en combinaci\u00f3n de PP con Silicona y Wheat Straw, pasta de tallo de trigo, un material sustentable que reduce el consumo de pl\u00e1sticos v\u00edrgenes. Su peso es de 116gr, y entre sus caracter\u00edsticas t\u00e9cnicas encontramos: Bateria de 300mAh. Poder del parlante 3W X 1. Frecuencia 200Hz 20KHz. Conexi\u00f3n: 5V 500mA. Distancia de alcance: 10 Metros. Duracion de Bateria a Vol. medio 1,5horas. Medidas: 5,85 x 5,85 x 5,1 cm. Debido a que la pasta de trigo es un material sustentable y 100% natural, puede haber ligeras variaciones en el color del producto de un lote a otro. ReUseMe. Incluye GiftBox confeccionada en cartulina Kraft. Personalizala con un mensaje especial<\/p>\n","protected":false},"featured_media":3233,"comment_status":"open","ping_status":"closed","template":"","meta":{"postBodyCss":"","postBodyMargin":[],"postBodyPadding":[],"postBodyBackground":{"backgroundType":"classic","gradient":""}},"product_brand":[],"product_cat":[346],"product_tag":[],"class_list":{"0":"post-3232","1":"product","2":"type-product","3":"status-publish","4":"has-post-thumbnail","6":"product_cat-zc-tecnologia","8":"first","9":"instock","10":"shipping-taxable","11":"purchasable","12":"product-type-simple"},"_links":{"self":[{"href":"https:\/\/www.promostore.com.ar\/web\/wp-json\/wp\/v2\/product\/3232","targetHints":{"allow":["GET"]}}],"collection":[{"href":"https:\/\/www.promostore.com.ar\/web\/wp-json\/wp\/v2\/product"}],"about":[{"href":"https:\/\/www.promostore.com.ar\/web\/wp-json\/wp\/v2\/types\/product"}],"replies":[{"embeddable":true,"href":"https:\/\/www.promostore.com.ar\/web\/wp-json\/wp\/v2\/comments?post=3232"}],"wp:featuredmedia":[{"embeddable":true,"href":"https:\/\/www.promostore.com.ar\/web\/wp-json\/wp\/v2\/media\/3233"}],"wp:attachment":[{"href":"https:\/\/www.promostore.com.ar\/web\/wp-json\/wp\/v2\/media?parent=3232"}],"wp:term":[{"taxonomy":"product_brand","embeddable":true,"href":"https:\/\/www.promostore.com.ar\/web\/wp-json\/wp\/v2\/product_brand?post=3232"},{"taxonomy":"product_cat","embeddable":true,"href":"https:\/\/www.promostore.com.ar\/web\/wp-json\/wp\/v2\/product_cat?post=3232"},{"taxonomy":"product_tag","embeddable":true,"href":"https:\/\/www.promostore.com.ar\/web\/wp-json\/wp\/v2\/product_tag?post=3232"}],"curies":[{"name":"wp","href":"https:\/\/api.w.org\/{rel}","templated":true}]}}