{"id":3262,"date":"2026-04-02T23:50:20","date_gmt":"2026-04-03T02:50:20","guid":{"rendered":"https:\/\/www.promostore.com.ar\/web\/producto\/parlante-track\/"},"modified":"2026-05-02T06:49:27","modified_gmt":"2026-05-02T09:49:27","slug":"parlante-track","status":"publish","type":"product","link":"https:\/\/www.promostore.com.ar\/web\/producto\/parlante-track\/","title":{"rendered":"Parlante TRACK"},"content":{"rendered":"<p>Parlante port\u00e1til con tecnolog\u00eda Bluetooth. Realizado en combinaci\u00f3n de ABS con Silicona y bamboo, con iluminaci\u00f3n en la base. Caracter\u00edsticas t\u00e9cnicas: Bater\u00eda de 300mAh | Poder del parlante: 3W | Frecuencia: 200Hz-20KHz. Conexi\u00f3n: 5V \/ 500mA  | Distancia de alcance: 10 Metros | Peso 150gr | Medidas: 6 x 6 x 7,5 cm.<br \/>\nReUseMe.<\/p>\n\n    <div class=\"xs_social_share_widget xs_share_url after_content \t\tmain_content  wslu-style-1 wslu-share-box-shaped wslu-fill-colored wslu-none wslu-share-horizontal wslu-theme-font-no wslu-main_content\">\n\n\t\t\n        <ul>\n\t\t\t        <\/ul>\n    <\/div> \n","protected":false},"excerpt":{"rendered":"<p>Parlante port\u00e1til con tecnolog\u00eda Bluetooth. Realizado en combinaci\u00f3n de ABS con Silicona y bamboo, con iluminaci\u00f3n en la base. Caracter\u00edsticas t\u00e9cnicas: Bater\u00eda de 300mAh | Poder del parlante: 3W | Frecuencia: 200Hz-20KHz. Conexi\u00f3n: 5V \/ 500mA | Distancia de alcance: 10 Metros | Peso 150gr | Medidas: 6 x 6 x 7,5 cm. ReUseMe.<\/p>\n","protected":false},"featured_media":3263,"comment_status":"open","ping_status":"closed","template":"","meta":{"postBodyCss":"","postBodyMargin":[],"postBodyPadding":[],"postBodyBackground":{"backgroundType":"classic","gradient":""}},"product_brand":[],"product_cat":[366],"product_tag":[],"class_list":{"0":"post-3262","1":"product","2":"type-product","3":"status-publish","4":"has-post-thumbnail","6":"product_cat-zc-sustentables","8":"first","9":"instock","10":"shipping-taxable","11":"purchasable","12":"product-type-simple"},"_links":{"self":[{"href":"https:\/\/www.promostore.com.ar\/web\/wp-json\/wp\/v2\/product\/3262","targetHints":{"allow":["GET"]}}],"collection":[{"href":"https:\/\/www.promostore.com.ar\/web\/wp-json\/wp\/v2\/product"}],"about":[{"href":"https:\/\/www.promostore.com.ar\/web\/wp-json\/wp\/v2\/types\/product"}],"replies":[{"embeddable":true,"href":"https:\/\/www.promostore.com.ar\/web\/wp-json\/wp\/v2\/comments?post=3262"}],"wp:featuredmedia":[{"embeddable":true,"href":"https:\/\/www.promostore.com.ar\/web\/wp-json\/wp\/v2\/media\/3263"}],"wp:attachment":[{"href":"https:\/\/www.promostore.com.ar\/web\/wp-json\/wp\/v2\/media?parent=3262"}],"wp:term":[{"taxonomy":"product_brand","embeddable":true,"href":"https:\/\/www.promostore.com.ar\/web\/wp-json\/wp\/v2\/product_brand?post=3262"},{"taxonomy":"product_cat","embeddable":true,"href":"https:\/\/www.promostore.com.ar\/web\/wp-json\/wp\/v2\/product_cat?post=3262"},{"taxonomy":"product_tag","embeddable":true,"href":"https:\/\/www.promostore.com.ar\/web\/wp-json\/wp\/v2\/product_tag?post=3262"}],"curies":[{"name":"wp","href":"https:\/\/api.w.org\/{rel}","templated":true}]}}