{"id":3302,"date":"2026-04-02T23:50:41","date_gmt":"2026-04-03T02:50:41","guid":{"rendered":"https:\/\/www.promostore.com.ar\/web\/producto\/parlante-share\/"},"modified":"2026-04-29T22:49:14","modified_gmt":"2026-04-30T01:49:14","slug":"parlante-share","status":"publish","type":"product","link":"https:\/\/www.promostore.com.ar\/web\/producto\/parlante-share\/","title":{"rendered":"Parlante Share"},"content":{"rendered":"<p>Parlante port\u00e1til con tecnolog\u00eda Bluetooth, micr\u00f3fono manos libres y modo radio FM, realizado en ABS. Incluye ranura para lectura de tarjetas de memoria micro SD. | Bater\u00eda de 500mAh | Potencia del parlante: 3W  | Conexi\u00f3n5V\/300mA  | Peso: 160g | Medidas120 x 30 x 60mm | Tahg<\/p>\n\n    <div class=\"xs_social_share_widget xs_share_url after_content \t\tmain_content  wslu-style-1 wslu-share-box-shaped wslu-fill-colored wslu-none wslu-share-horizontal wslu-theme-font-no wslu-main_content\">\n\n\t\t\n        <ul>\n\t\t\t        <\/ul>\n    <\/div> \n","protected":false},"excerpt":{"rendered":"<p>Parlante port\u00e1til con tecnolog\u00eda Bluetooth, micr\u00f3fono manos libres y modo radio FM, realizado en ABS. Incluye ranura para lectura de tarjetas de memoria micro SD. | Bater\u00eda de 500mAh | Potencia del parlante: 3W | Conexi\u00f3n5V\/300mA | Peso: 160g | Medidas120 x 30 x 60mm | Tahg<\/p>\n","protected":false},"featured_media":3303,"comment_status":"open","ping_status":"closed","template":"","meta":{"postBodyCss":"","postBodyMargin":[],"postBodyPadding":[],"postBodyBackground":{"backgroundType":"classic","gradient":""}},"product_brand":[],"product_cat":[352],"product_tag":[],"class_list":{"0":"post-3302","1":"product","2":"type-product","3":"status-publish","4":"has-post-thumbnail","6":"product_cat-zc-2026-dia-del-padre","8":"first","9":"instock","10":"shipping-taxable","11":"purchasable","12":"product-type-simple"},"_links":{"self":[{"href":"https:\/\/www.promostore.com.ar\/web\/wp-json\/wp\/v2\/product\/3302","targetHints":{"allow":["GET"]}}],"collection":[{"href":"https:\/\/www.promostore.com.ar\/web\/wp-json\/wp\/v2\/product"}],"about":[{"href":"https:\/\/www.promostore.com.ar\/web\/wp-json\/wp\/v2\/types\/product"}],"replies":[{"embeddable":true,"href":"https:\/\/www.promostore.com.ar\/web\/wp-json\/wp\/v2\/comments?post=3302"}],"wp:featuredmedia":[{"embeddable":true,"href":"https:\/\/www.promostore.com.ar\/web\/wp-json\/wp\/v2\/media\/3303"}],"wp:attachment":[{"href":"https:\/\/www.promostore.com.ar\/web\/wp-json\/wp\/v2\/media?parent=3302"}],"wp:term":[{"taxonomy":"product_brand","embeddable":true,"href":"https:\/\/www.promostore.com.ar\/web\/wp-json\/wp\/v2\/product_brand?post=3302"},{"taxonomy":"product_cat","embeddable":true,"href":"https:\/\/www.promostore.com.ar\/web\/wp-json\/wp\/v2\/product_cat?post=3302"},{"taxonomy":"product_tag","embeddable":true,"href":"https:\/\/www.promostore.com.ar\/web\/wp-json\/wp\/v2\/product_tag?post=3302"}],"curies":[{"name":"wp","href":"https:\/\/api.w.org\/{rel}","templated":true}]}}