{"id":3324,"date":"2026-04-03T00:50:47","date_gmt":"2026-04-03T03:50:47","guid":{"rendered":"https:\/\/www.promostore.com.ar\/web\/producto\/porta-bolsa-oli\/"},"modified":"2026-04-30T16:49:37","modified_gmt":"2026-04-30T19:49:37","slug":"porta-bolsa-oli","status":"publish","type":"product","link":"https:\/\/www.promostore.com.ar\/web\/producto\/porta-bolsa-oli\/","title":{"rendered":"Porta Bolsa Oli"},"content":{"rendered":"<p>Portabolsas de bolsitas sanitarias, facilita el transporte de las bolsas de residuos durante el paseo de las mascotas. Realizado en combinaci\u00f3n de PP y Wheat Straw, pasta de tallo de trigo, un material sustentable que disminuye el consumo de pl\u00e1sticos v\u00edrgenes.<br \/>\nDebido a que la pasta de trigo es un material 100% natural, puede haber ligeras variaciones en el color del producto de un lote a otro.<br \/>\nReUseMe.<\/p>\n\n    <div class=\"xs_social_share_widget xs_share_url after_content \t\tmain_content  wslu-style-1 wslu-share-box-shaped wslu-fill-colored wslu-none wslu-share-horizontal wslu-theme-font-no wslu-main_content\">\n\n\t\t\n        <ul>\n\t\t\t        <\/ul>\n    <\/div> \n","protected":false},"excerpt":{"rendered":"<p>Portabolsas de bolsitas sanitarias, facilita el transporte de las bolsas de residuos durante el paseo de las mascotas. Realizado en combinaci\u00f3n de PP y Wheat Straw, pasta de tallo de trigo, un material sustentable que disminuye el consumo de pl\u00e1sticos v\u00edrgenes. Debido a que la pasta de trigo es un material 100% natural, puede haber ligeras variaciones en el color del producto de un lote a otro. ReUseMe.<\/p>\n","protected":false},"featured_media":3325,"comment_status":"open","ping_status":"closed","template":"","meta":{"postBodyCss":"","postBodyMargin":[],"postBodyPadding":[],"postBodyBackground":{"backgroundType":"classic","gradient":""}},"product_brand":[],"product_cat":[351],"product_tag":[],"class_list":{"0":"post-3324","1":"product","2":"type-product","3":"status-publish","4":"has-post-thumbnail","6":"product_cat-zc-hogar-y-tiempo-libre","8":"first","9":"instock","10":"shipping-taxable","11":"purchasable","12":"product-type-simple"},"_links":{"self":[{"href":"https:\/\/www.promostore.com.ar\/web\/wp-json\/wp\/v2\/product\/3324","targetHints":{"allow":["GET"]}}],"collection":[{"href":"https:\/\/www.promostore.com.ar\/web\/wp-json\/wp\/v2\/product"}],"about":[{"href":"https:\/\/www.promostore.com.ar\/web\/wp-json\/wp\/v2\/types\/product"}],"replies":[{"embeddable":true,"href":"https:\/\/www.promostore.com.ar\/web\/wp-json\/wp\/v2\/comments?post=3324"}],"wp:featuredmedia":[{"embeddable":true,"href":"https:\/\/www.promostore.com.ar\/web\/wp-json\/wp\/v2\/media\/3325"}],"wp:attachment":[{"href":"https:\/\/www.promostore.com.ar\/web\/wp-json\/wp\/v2\/media?parent=3324"}],"wp:term":[{"taxonomy":"product_brand","embeddable":true,"href":"https:\/\/www.promostore.com.ar\/web\/wp-json\/wp\/v2\/product_brand?post=3324"},{"taxonomy":"product_cat","embeddable":true,"href":"https:\/\/www.promostore.com.ar\/web\/wp-json\/wp\/v2\/product_cat?post=3324"},{"taxonomy":"product_tag","embeddable":true,"href":"https:\/\/www.promostore.com.ar\/web\/wp-json\/wp\/v2\/product_tag?post=3324"}],"curies":[{"name":"wp","href":"https:\/\/api.w.org\/{rel}","templated":true}]}}