{"id":3354,"date":"2026-04-03T00:51:03","date_gmt":"2026-04-03T03:51:03","guid":{"rendered":"https:\/\/www.promostore.com.ar\/web\/producto\/llavero-cinta-metrica\/"},"modified":"2026-04-29T19:49:18","modified_gmt":"2026-04-29T22:49:18","slug":"llavero-cinta-metrica","status":"publish","type":"product","link":"https:\/\/www.promostore.com.ar\/web\/producto\/llavero-cinta-metrica\/","title":{"rendered":"Llavero Cinta M\u00e9trica"},"content":{"rendered":"<p>Cinta m\u00e9trica retr\u00e1ctil con llavero fabricada en ABS y hierro. Cuenta con mecanismo retr\u00e1ctil de 1 metro, anillo met\u00e1lico para llaves y cuerpo ergon\u00f3mico. Es ideal para llevar siempre a mano en tareas de medici\u00f3n r\u00e1pidas, reparaciones en el hogar, actividades de bricolaje o uso profesional diario.<\/p>\n<p>Capacidad en metros: 1 metro<\/p>\n<p>TAHG.<\/p>\n\n    <div class=\"xs_social_share_widget xs_share_url after_content \t\tmain_content  wslu-style-1 wslu-share-box-shaped wslu-fill-colored wslu-none wslu-share-horizontal wslu-theme-font-no wslu-main_content\">\n\n\t\t\n        <ul>\n\t\t\t        <\/ul>\n    <\/div> \n","protected":false},"excerpt":{"rendered":"<p>Cinta m\u00e9trica retr\u00e1ctil con llavero fabricada en ABS y hierro. Cuenta con mecanismo retr\u00e1ctil de 1 metro, anillo met\u00e1lico para llaves y cuerpo ergon\u00f3mico. Es ideal para llevar siempre a mano en tareas de medici\u00f3n r\u00e1pidas, reparaciones en el hogar, actividades de bricolaje o uso profesional diario. Capacidad en metros: 1 metro TAHG.<\/p>\n","protected":false},"featured_media":3355,"comment_status":"open","ping_status":"closed","template":"","meta":{"postBodyCss":"","postBodyMargin":[],"postBodyPadding":[],"postBodyBackground":{"backgroundType":"classic","gradient":""}},"product_brand":[],"product_cat":[370],"product_tag":[],"class_list":{"0":"post-3354","1":"product","2":"type-product","3":"status-publish","4":"has-post-thumbnail","6":"product_cat-zc-2026-novedades","8":"first","9":"instock","10":"shipping-taxable","11":"purchasable","12":"product-type-simple"},"_links":{"self":[{"href":"https:\/\/www.promostore.com.ar\/web\/wp-json\/wp\/v2\/product\/3354","targetHints":{"allow":["GET"]}}],"collection":[{"href":"https:\/\/www.promostore.com.ar\/web\/wp-json\/wp\/v2\/product"}],"about":[{"href":"https:\/\/www.promostore.com.ar\/web\/wp-json\/wp\/v2\/types\/product"}],"replies":[{"embeddable":true,"href":"https:\/\/www.promostore.com.ar\/web\/wp-json\/wp\/v2\/comments?post=3354"}],"wp:featuredmedia":[{"embeddable":true,"href":"https:\/\/www.promostore.com.ar\/web\/wp-json\/wp\/v2\/media\/3355"}],"wp:attachment":[{"href":"https:\/\/www.promostore.com.ar\/web\/wp-json\/wp\/v2\/media?parent=3354"}],"wp:term":[{"taxonomy":"product_brand","embeddable":true,"href":"https:\/\/www.promostore.com.ar\/web\/wp-json\/wp\/v2\/product_brand?post=3354"},{"taxonomy":"product_cat","embeddable":true,"href":"https:\/\/www.promostore.com.ar\/web\/wp-json\/wp\/v2\/product_cat?post=3354"},{"taxonomy":"product_tag","embeddable":true,"href":"https:\/\/www.promostore.com.ar\/web\/wp-json\/wp\/v2\/product_tag?post=3354"}],"curies":[{"name":"wp","href":"https:\/\/api.w.org\/{rel}","templated":true}]}}