{"id":3396,"date":"2026-04-03T01:49:51","date_gmt":"2026-04-03T04:49:51","guid":{"rendered":"https:\/\/www.promostore.com.ar\/web\/producto\/set-stationery-visibility\/"},"modified":"2026-04-29T18:49:19","modified_gmt":"2026-04-29T21:49:19","slug":"set-stationery-visibility","status":"publish","type":"product","link":"https:\/\/www.promostore.com.ar\/web\/producto\/set-stationery-visibility\/","title":{"rendered":"Set Stationery Visibility"},"content":{"rendered":"<p>Cartuchera pl\u00e1stica transparente con cierre. Incluye: Bol\u00edgrafo (Tinta Azul), l\u00e1piz, regla y sacapuntas.<br \/>\nColores: negro, rojo y azul.<br \/>\nTahg.<\/p>\n\n    <div class=\"xs_social_share_widget xs_share_url after_content \t\tmain_content  wslu-style-1 wslu-share-box-shaped wslu-fill-colored wslu-none wslu-share-horizontal wslu-theme-font-no wslu-main_content\">\n\n\t\t\n        <ul>\n\t\t\t        <\/ul>\n    <\/div> \n","protected":false},"excerpt":{"rendered":"<p>Cartuchera pl\u00e1stica transparente con cierre. Incluye: Bol\u00edgrafo (Tinta Azul), l\u00e1piz, regla y sacapuntas. Colores: negro, rojo y azul. Tahg.<\/p>\n","protected":false},"featured_media":3397,"comment_status":"open","ping_status":"closed","template":"","meta":{"postBodyCss":"","postBodyMargin":[],"postBodyPadding":[],"postBodyBackground":{"backgroundType":"classic","gradient":""}},"product_brand":[],"product_cat":[348],"product_tag":[],"class_list":{"0":"post-3396","1":"product","2":"type-product","3":"status-publish","4":"has-post-thumbnail","6":"product_cat-zc-proximos-arribos","8":"first","9":"instock","10":"shipping-taxable","11":"purchasable","12":"product-type-simple"},"_links":{"self":[{"href":"https:\/\/www.promostore.com.ar\/web\/wp-json\/wp\/v2\/product\/3396","targetHints":{"allow":["GET"]}}],"collection":[{"href":"https:\/\/www.promostore.com.ar\/web\/wp-json\/wp\/v2\/product"}],"about":[{"href":"https:\/\/www.promostore.com.ar\/web\/wp-json\/wp\/v2\/types\/product"}],"replies":[{"embeddable":true,"href":"https:\/\/www.promostore.com.ar\/web\/wp-json\/wp\/v2\/comments?post=3396"}],"wp:featuredmedia":[{"embeddable":true,"href":"https:\/\/www.promostore.com.ar\/web\/wp-json\/wp\/v2\/media\/3397"}],"wp:attachment":[{"href":"https:\/\/www.promostore.com.ar\/web\/wp-json\/wp\/v2\/media?parent=3396"}],"wp:term":[{"taxonomy":"product_brand","embeddable":true,"href":"https:\/\/www.promostore.com.ar\/web\/wp-json\/wp\/v2\/product_brand?post=3396"},{"taxonomy":"product_cat","embeddable":true,"href":"https:\/\/www.promostore.com.ar\/web\/wp-json\/wp\/v2\/product_cat?post=3396"},{"taxonomy":"product_tag","embeddable":true,"href":"https:\/\/www.promostore.com.ar\/web\/wp-json\/wp\/v2\/product_tag?post=3396"}],"curies":[{"name":"wp","href":"https:\/\/api.w.org\/{rel}","templated":true}]}}