{"id":3530,"date":"2026-04-03T03:49:49","date_gmt":"2026-04-03T06:49:49","guid":{"rendered":"https:\/\/www.promostore.com.ar\/web\/producto\/valija-minimal\/"},"modified":"2026-04-18T09:50:23","modified_gmt":"2026-04-18T12:50:23","slug":"valija-minimal","status":"publish","type":"product","link":"https:\/\/www.promostore.com.ar\/web\/producto\/valija-minimal\/","title":{"rendered":"Valija MINIMAL"},"content":{"rendered":"<p>La Valija Minimal es el compa\u00f1ero ideal para tus viajes. Est\u00e1 realizada en ABS r\u00edgido color negro, combinando estilo y durabilidad.<br \/>\nCon una profundidad de 10 cm cerrada y de 20 cm expandida, esta valija ofrece un amplio espacio para tus pertenencias.<br \/>\nCon una capacidad de 40L, podes llevar todo lo que necesites sin preocuparte por el espacio. Adem\u00e1s, cuenta con 4 ruedas que facilitan su transporte.<br \/>\nFast Travel.<\/p>\n\n    <div class=\"xs_social_share_widget xs_share_url after_content \t\tmain_content  wslu-style-1 wslu-share-box-shaped wslu-fill-colored wslu-none wslu-share-horizontal wslu-theme-font-no wslu-main_content\">\n\n\t\t\n        <ul>\n\t\t\t        <\/ul>\n    <\/div> \n","protected":false},"excerpt":{"rendered":"<p>La Valija Minimal es el compa\u00f1ero ideal para tus viajes. Est\u00e1 realizada en ABS r\u00edgido color negro, combinando estilo y durabilidad. Con una profundidad de 10 cm cerrada y de 20 cm expandida, esta valija ofrece un amplio espacio para tus pertenencias. Con una capacidad de 40L, podes llevar todo lo que necesites sin preocuparte por el espacio. Adem\u00e1s, cuenta con 4 ruedas que facilitan su transporte. Fast Travel.<\/p>\n","protected":false},"featured_media":3531,"comment_status":"open","ping_status":"closed","template":"","meta":{"postBodyCss":"","postBodyMargin":[],"postBodyPadding":[],"postBodyBackground":{"backgroundType":"classic","gradient":""}},"product_brand":[],"product_cat":[316],"product_tag":[],"class_list":{"0":"post-3530","1":"product","2":"type-product","3":"status-publish","4":"has-post-thumbnail","6":"product_cat-sin-categorizar","8":"first","9":"instock","10":"shipping-taxable","11":"purchasable","12":"product-type-simple"},"_links":{"self":[{"href":"https:\/\/www.promostore.com.ar\/web\/wp-json\/wp\/v2\/product\/3530","targetHints":{"allow":["GET"]}}],"collection":[{"href":"https:\/\/www.promostore.com.ar\/web\/wp-json\/wp\/v2\/product"}],"about":[{"href":"https:\/\/www.promostore.com.ar\/web\/wp-json\/wp\/v2\/types\/product"}],"replies":[{"embeddable":true,"href":"https:\/\/www.promostore.com.ar\/web\/wp-json\/wp\/v2\/comments?post=3530"}],"wp:featuredmedia":[{"embeddable":true,"href":"https:\/\/www.promostore.com.ar\/web\/wp-json\/wp\/v2\/media\/3531"}],"wp:attachment":[{"href":"https:\/\/www.promostore.com.ar\/web\/wp-json\/wp\/v2\/media?parent=3530"}],"wp:term":[{"taxonomy":"product_brand","embeddable":true,"href":"https:\/\/www.promostore.com.ar\/web\/wp-json\/wp\/v2\/product_brand?post=3530"},{"taxonomy":"product_cat","embeddable":true,"href":"https:\/\/www.promostore.com.ar\/web\/wp-json\/wp\/v2\/product_cat?post=3530"},{"taxonomy":"product_tag","embeddable":true,"href":"https:\/\/www.promostore.com.ar\/web\/wp-json\/wp\/v2\/product_tag?post=3530"}],"curies":[{"name":"wp","href":"https:\/\/api.w.org\/{rel}","templated":true}]}}