{"id":3596,"date":"2026-04-03T04:50:58","date_gmt":"2026-04-03T07:50:58","guid":{"rendered":"https:\/\/www.promostore.com.ar\/web\/producto\/auriculares-tremor\/"},"modified":"2026-04-30T00:49:32","modified_gmt":"2026-04-30T03:49:32","slug":"auriculares-tremor","status":"publish","type":"product","link":"https:\/\/www.promostore.com.ar\/web\/producto\/auriculares-tremor\/","title":{"rendered":"Auriculares Tremor"},"content":{"rendered":"<p>Auriculares inal\u00e1mbricos fabricados en bamb\u00fa, ABS y Wheat Straw, pasta de tallo de trigo, un material sustentable que reduce el consumo de pl\u00e1sticos v\u00edrgenes. Cada auricular cuenta con un bot\u00f3n touch que permite: contestar y finalizar llamadas, reproducir y pausar m\u00fasica, cambiar a la siguiente o anterior canci\u00f3n, subir y bajar el volumen y acceder al asistente de voz. Tienen tecnolog\u00eda Bluetooth 5.3, una duraci\u00f3n de bater\u00eda de aproximadamente 3.5 horas y un estuche de carga de 200 mAh, el cual se carga a trav\u00e9s de un cable usb c. Los auriculares vienen dentro de una caja de cart\u00f3n junto a su manual de instrucciones y cable cargador. <\/p>\n<p>Debido a que la pasta de trigo es un material sustentable y 100% natural, puede haber ligeras variaciones en el color del producto de un lote a otro. <\/p>\n<p>ReUseMe<\/p>\n\n    <div class=\"xs_social_share_widget xs_share_url after_content \t\tmain_content  wslu-style-1 wslu-share-box-shaped wslu-fill-colored wslu-none wslu-share-horizontal wslu-theme-font-no wslu-main_content\">\n\n\t\t\n        <ul>\n\t\t\t        <\/ul>\n    <\/div> \n","protected":false},"excerpt":{"rendered":"<p>Auriculares inal\u00e1mbricos fabricados en bamb\u00fa, ABS y Wheat Straw, pasta de tallo de trigo, un material sustentable que reduce el consumo de pl\u00e1sticos v\u00edrgenes. Cada auricular cuenta con un bot\u00f3n touch que permite: contestar y finalizar llamadas, reproducir y pausar m\u00fasica, cambiar a la siguiente o anterior canci\u00f3n, subir y bajar el volumen y acceder al asistente de voz. Tienen tecnolog\u00eda Bluetooth 5.3, una duraci\u00f3n de bater\u00eda de aproximadamente 3.5 horas y un estuche de carga de 200 mAh, el cual se carga a trav\u00e9s de un cable usb c. Los auriculares vienen dentro de una caja de cart\u00f3n junto a su manual de instrucciones y cable cargador. Debido a que la pasta de trigo es un material sustentable y 100% natural, puede haber ligeras variaciones en el color del producto de un lote a otro. ReUseMe<\/p>\n","protected":false},"featured_media":3597,"comment_status":"open","ping_status":"closed","template":"","meta":{"postBodyCss":"","postBodyMargin":[],"postBodyPadding":[],"postBodyBackground":{"backgroundType":"classic","gradient":""}},"product_brand":[],"product_cat":[346],"product_tag":[],"class_list":{"0":"post-3596","1":"product","2":"type-product","3":"status-publish","4":"has-post-thumbnail","6":"product_cat-zc-tecnologia","8":"first","9":"instock","10":"shipping-taxable","11":"purchasable","12":"product-type-simple"},"_links":{"self":[{"href":"https:\/\/www.promostore.com.ar\/web\/wp-json\/wp\/v2\/product\/3596","targetHints":{"allow":["GET"]}}],"collection":[{"href":"https:\/\/www.promostore.com.ar\/web\/wp-json\/wp\/v2\/product"}],"about":[{"href":"https:\/\/www.promostore.com.ar\/web\/wp-json\/wp\/v2\/types\/product"}],"replies":[{"embeddable":true,"href":"https:\/\/www.promostore.com.ar\/web\/wp-json\/wp\/v2\/comments?post=3596"}],"wp:featuredmedia":[{"embeddable":true,"href":"https:\/\/www.promostore.com.ar\/web\/wp-json\/wp\/v2\/media\/3597"}],"wp:attachment":[{"href":"https:\/\/www.promostore.com.ar\/web\/wp-json\/wp\/v2\/media?parent=3596"}],"wp:term":[{"taxonomy":"product_brand","embeddable":true,"href":"https:\/\/www.promostore.com.ar\/web\/wp-json\/wp\/v2\/product_brand?post=3596"},{"taxonomy":"product_cat","embeddable":true,"href":"https:\/\/www.promostore.com.ar\/web\/wp-json\/wp\/v2\/product_cat?post=3596"},{"taxonomy":"product_tag","embeddable":true,"href":"https:\/\/www.promostore.com.ar\/web\/wp-json\/wp\/v2\/product_tag?post=3596"}],"curies":[{"name":"wp","href":"https:\/\/api.w.org\/{rel}","templated":true}]}}