{"id":3626,"date":"2026-04-03T04:51:17","date_gmt":"2026-04-03T07:51:17","guid":{"rendered":"https:\/\/www.promostore.com.ar\/web\/producto\/cuaderno-genesis\/"},"modified":"2026-04-30T01:49:30","modified_gmt":"2026-04-30T04:49:30","slug":"cuaderno-genesis","status":"publish","type":"product","link":"https:\/\/www.promostore.com.ar\/web\/producto\/cuaderno-genesis\/","title":{"rendered":"Cuaderno Genesis"},"content":{"rendered":"<p>Cuaderno anillado de 80 hojas lisas de 70gr. Tapa dura confeccionada en RPET, material hecho con botellas de pl\u00e1stico recicladas. Su tapa delantera puede doblarse, creando un soporte para tel\u00e9fono. Cuenta con cierre el\u00e1stico y porta lapicera.<br \/>\nColores disponibles: gris, rojo y azul.<br \/>\nMedidas: 21 x 15 cm (Altura x Ancho).<br \/>\nThe Daily Book.<\/p>\n\n    <div class=\"xs_social_share_widget xs_share_url after_content \t\tmain_content  wslu-style-1 wslu-share-box-shaped wslu-fill-colored wslu-none wslu-share-horizontal wslu-theme-font-no wslu-main_content\">\n\n\t\t\n        <ul>\n\t\t\t        <\/ul>\n    <\/div> \n","protected":false},"excerpt":{"rendered":"<p>Cuaderno anillado de 80 hojas lisas de 70gr. Tapa dura confeccionada en RPET, material hecho con botellas de pl\u00e1stico recicladas. Su tapa delantera puede doblarse, creando un soporte para tel\u00e9fono. Cuenta con cierre el\u00e1stico y porta lapicera. Colores disponibles: gris, rojo y azul. Medidas: 21 x 15 cm (Altura x Ancho). The Daily Book.<\/p>\n","protected":false},"featured_media":3627,"comment_status":"open","ping_status":"closed","template":"","meta":{"postBodyCss":"","postBodyMargin":[],"postBodyPadding":[],"postBodyBackground":{"backgroundType":"classic","gradient":""}},"product_brand":[],"product_cat":[367],"product_tag":[],"class_list":{"0":"post-3626","1":"product","2":"type-product","3":"status-publish","4":"has-post-thumbnail","6":"product_cat-zc-cuadernos","8":"first","9":"instock","10":"shipping-taxable","11":"purchasable","12":"product-type-simple"},"_links":{"self":[{"href":"https:\/\/www.promostore.com.ar\/web\/wp-json\/wp\/v2\/product\/3626","targetHints":{"allow":["GET"]}}],"collection":[{"href":"https:\/\/www.promostore.com.ar\/web\/wp-json\/wp\/v2\/product"}],"about":[{"href":"https:\/\/www.promostore.com.ar\/web\/wp-json\/wp\/v2\/types\/product"}],"replies":[{"embeddable":true,"href":"https:\/\/www.promostore.com.ar\/web\/wp-json\/wp\/v2\/comments?post=3626"}],"wp:featuredmedia":[{"embeddable":true,"href":"https:\/\/www.promostore.com.ar\/web\/wp-json\/wp\/v2\/media\/3627"}],"wp:attachment":[{"href":"https:\/\/www.promostore.com.ar\/web\/wp-json\/wp\/v2\/media?parent=3626"}],"wp:term":[{"taxonomy":"product_brand","embeddable":true,"href":"https:\/\/www.promostore.com.ar\/web\/wp-json\/wp\/v2\/product_brand?post=3626"},{"taxonomy":"product_cat","embeddable":true,"href":"https:\/\/www.promostore.com.ar\/web\/wp-json\/wp\/v2\/product_cat?post=3626"},{"taxonomy":"product_tag","embeddable":true,"href":"https:\/\/www.promostore.com.ar\/web\/wp-json\/wp\/v2\/product_tag?post=3626"}],"curies":[{"name":"wp","href":"https:\/\/api.w.org\/{rel}","templated":true}]}}