{"id":3630,"date":"2026-04-03T04:51:18","date_gmt":"2026-04-03T07:51:18","guid":{"rendered":"https:\/\/www.promostore.com.ar\/web\/producto\/bolso-sacken-medium\/"},"modified":"2026-04-29T22:49:32","modified_gmt":"2026-04-30T01:49:32","slug":"bolso-sacken-medium","status":"publish","type":"product","link":"https:\/\/www.promostore.com.ar\/web\/producto\/bolso-sacken-medium\/","title":{"rendered":"Bolso Sacken Medium"},"content":{"rendered":"<p>Bolso mediano confeccionado en nylon, ideal para tus actividades deportivas o viajes. Cuenta con un compartimiento principal amplio, y un bolsillo frontal con cierre para objetos mas peque\u00f1os que necesites a mano. Posee manijas y correa regulable, para llevarlo de la forma que te resulte m\u00e1s c\u00f3moda. Capacidad: 34L.<br \/>\nWagner.<\/p>\n\n    <div class=\"xs_social_share_widget xs_share_url after_content \t\tmain_content  wslu-style-1 wslu-share-box-shaped wslu-fill-colored wslu-none wslu-share-horizontal wslu-theme-font-no wslu-main_content\">\n\n\t\t\n        <ul>\n\t\t\t        <\/ul>\n    <\/div> \n","protected":false},"excerpt":{"rendered":"<p>Bolso mediano confeccionado en nylon, ideal para tus actividades deportivas o viajes. Cuenta con un compartimiento principal amplio, y un bolsillo frontal con cierre para objetos mas peque\u00f1os que necesites a mano. Posee manijas y correa regulable, para llevarlo de la forma que te resulte m\u00e1s c\u00f3moda. Capacidad: 34L. Wagner.<\/p>\n","protected":false},"featured_media":3631,"comment_status":"open","ping_status":"closed","template":"","meta":{"postBodyCss":"","postBodyMargin":[],"postBodyPadding":[],"postBodyBackground":{"backgroundType":"classic","gradient":""}},"product_brand":[],"product_cat":[347],"product_tag":[],"class_list":{"0":"post-3630","1":"product","2":"type-product","3":"status-publish","4":"has-post-thumbnail","6":"product_cat-zc-viajes","8":"first","9":"instock","10":"shipping-taxable","11":"purchasable","12":"product-type-simple"},"_links":{"self":[{"href":"https:\/\/www.promostore.com.ar\/web\/wp-json\/wp\/v2\/product\/3630","targetHints":{"allow":["GET"]}}],"collection":[{"href":"https:\/\/www.promostore.com.ar\/web\/wp-json\/wp\/v2\/product"}],"about":[{"href":"https:\/\/www.promostore.com.ar\/web\/wp-json\/wp\/v2\/types\/product"}],"replies":[{"embeddable":true,"href":"https:\/\/www.promostore.com.ar\/web\/wp-json\/wp\/v2\/comments?post=3630"}],"wp:featuredmedia":[{"embeddable":true,"href":"https:\/\/www.promostore.com.ar\/web\/wp-json\/wp\/v2\/media\/3631"}],"wp:attachment":[{"href":"https:\/\/www.promostore.com.ar\/web\/wp-json\/wp\/v2\/media?parent=3630"}],"wp:term":[{"taxonomy":"product_brand","embeddable":true,"href":"https:\/\/www.promostore.com.ar\/web\/wp-json\/wp\/v2\/product_brand?post=3630"},{"taxonomy":"product_cat","embeddable":true,"href":"https:\/\/www.promostore.com.ar\/web\/wp-json\/wp\/v2\/product_cat?post=3630"},{"taxonomy":"product_tag","embeddable":true,"href":"https:\/\/www.promostore.com.ar\/web\/wp-json\/wp\/v2\/product_tag?post=3630"}],"curies":[{"name":"wp","href":"https:\/\/api.w.org\/{rel}","templated":true}]}}