{"id":3680,"date":"2026-04-03T05:50:26","date_gmt":"2026-04-03T08:50:26","guid":{"rendered":"https:\/\/www.promostore.com.ar\/web\/producto\/mochila-lake\/"},"modified":"2026-04-29T20:49:41","modified_gmt":"2026-04-29T23:49:41","slug":"mochila-lake","status":"publish","type":"product","link":"https:\/\/www.promostore.com.ar\/web\/producto\/mochila-lake\/","title":{"rendered":"Mochila Lake"},"content":{"rendered":"<p>Mochila de color negro, fabricada con material PU en el exterior y espuma PE con forro completo. Dispone de un compartimento para computadora con correa el\u00e1stica y velcro y otro amplio compartimento, un bolsillo frontal, dos bolsillos laterales de malla con el\u00e1stico. Acomoda notebooks de hasta 15,6&#8243;. Adem\u00e1s, cuenta con respaldo y correas acolchadas para mayor comodidad. Ideal para quienes necesitan una mochila funcional y organizada para el trabajo o estudios, con espacio suficiente para llevar una notebook y otros art\u00edculos esenciales. <\/p>\n<p>Medidas: 44 x 30 x 11 cm.<br \/>\nCapacidad: 14.5 lts.<\/p>\n<p>Pampa Spirit<\/p>\n\n    <div class=\"xs_social_share_widget xs_share_url after_content \t\tmain_content  wslu-style-1 wslu-share-box-shaped wslu-fill-colored wslu-none wslu-share-horizontal wslu-theme-font-no wslu-main_content\">\n\n\t\t\n        <ul>\n\t\t\t        <\/ul>\n    <\/div> \n","protected":false},"excerpt":{"rendered":"<p>Mochila de color negro, fabricada con material PU en el exterior y espuma PE con forro completo. Dispone de un compartimento para computadora con correa el\u00e1stica y velcro y otro amplio compartimento, un bolsillo frontal, dos bolsillos laterales de malla con el\u00e1stico. Acomoda notebooks de hasta 15,6&#8243;. Adem\u00e1s, cuenta con respaldo y correas acolchadas para mayor comodidad. Ideal para quienes necesitan una mochila funcional y organizada para el trabajo o estudios, con espacio suficiente para llevar una notebook y otros art\u00edculos esenciales. Medidas: 44 x 30 x 11 cm. Capacidad: 14.5 lts. Pampa Spirit<\/p>\n","protected":false},"featured_media":3681,"comment_status":"open","ping_status":"closed","template":"","meta":{"postBodyCss":"","postBodyMargin":[],"postBodyPadding":[],"postBodyBackground":{"backgroundType":"classic","gradient":""}},"product_brand":[],"product_cat":[348],"product_tag":[],"class_list":{"0":"post-3680","1":"product","2":"type-product","3":"status-publish","4":"has-post-thumbnail","6":"product_cat-zc-proximos-arribos","8":"first","9":"instock","10":"shipping-taxable","11":"purchasable","12":"product-type-simple"},"_links":{"self":[{"href":"https:\/\/www.promostore.com.ar\/web\/wp-json\/wp\/v2\/product\/3680","targetHints":{"allow":["GET"]}}],"collection":[{"href":"https:\/\/www.promostore.com.ar\/web\/wp-json\/wp\/v2\/product"}],"about":[{"href":"https:\/\/www.promostore.com.ar\/web\/wp-json\/wp\/v2\/types\/product"}],"replies":[{"embeddable":true,"href":"https:\/\/www.promostore.com.ar\/web\/wp-json\/wp\/v2\/comments?post=3680"}],"wp:featuredmedia":[{"embeddable":true,"href":"https:\/\/www.promostore.com.ar\/web\/wp-json\/wp\/v2\/media\/3681"}],"wp:attachment":[{"href":"https:\/\/www.promostore.com.ar\/web\/wp-json\/wp\/v2\/media?parent=3680"}],"wp:term":[{"taxonomy":"product_brand","embeddable":true,"href":"https:\/\/www.promostore.com.ar\/web\/wp-json\/wp\/v2\/product_brand?post=3680"},{"taxonomy":"product_cat","embeddable":true,"href":"https:\/\/www.promostore.com.ar\/web\/wp-json\/wp\/v2\/product_cat?post=3680"},{"taxonomy":"product_tag","embeddable":true,"href":"https:\/\/www.promostore.com.ar\/web\/wp-json\/wp\/v2\/product_tag?post=3680"}],"curies":[{"name":"wp","href":"https:\/\/api.w.org\/{rel}","templated":true}]}}