{"id":3716,"date":"2026-04-03T06:49:58","date_gmt":"2026-04-03T09:49:58","guid":{"rendered":"https:\/\/www.promostore.com.ar\/web\/producto\/campera-softshell-race-hombre\/"},"modified":"2026-04-30T12:50:09","modified_gmt":"2026-04-30T15:50:09","slug":"campera-softshell-race-hombre","status":"publish","type":"product","link":"https:\/\/www.promostore.com.ar\/web\/producto\/campera-softshell-race-hombre\/","title":{"rendered":"Campera Softshell Race Hombre"},"content":{"rendered":"<p>Campera de softshell 280g  96% poli\u00e9ster 4% elast\u00e1no  con tela exterior impermeable e interior de polar. Cuenta con 2 bolsillos laterales con cierre.<br \/>\nCERTIFICACI\u00d3N: PETA-Approved Vegan.<br \/>\nRECOMENDACIONES DE USO: Lavar a m\u00e1quina a 40\u00b0. No lavar en seco. No blanquear. No planchar. No secar en m\u00e1quina. Consultar t\u00e9rminos y condiciones del servicio.<br \/>\nSol\u00b4s.<\/p>\n\n    <div class=\"xs_social_share_widget xs_share_url after_content \t\tmain_content  wslu-style-1 wslu-share-box-shaped wslu-fill-colored wslu-none wslu-share-horizontal wslu-theme-font-no wslu-main_content\">\n\n\t\t\n        <ul>\n\t\t\t        <\/ul>\n    <\/div> \n","protected":false},"excerpt":{"rendered":"<p>Campera de softshell 280g 96% poli\u00e9ster 4% elast\u00e1no con tela exterior impermeable e interior de polar. Cuenta con 2 bolsillos laterales con cierre. CERTIFICACI\u00d3N: PETA-Approved Vegan. RECOMENDACIONES DE USO: Lavar a m\u00e1quina a 40\u00b0. No lavar en seco. No blanquear. No planchar. No secar en m\u00e1quina. Consultar t\u00e9rminos y condiciones del servicio. Sol\u00b4s.<\/p>\n","protected":false},"featured_media":3717,"comment_status":"open","ping_status":"closed","template":"","meta":{"postBodyCss":"","postBodyMargin":[],"postBodyPadding":[],"postBodyBackground":{"backgroundType":"classic","gradient":""}},"product_brand":[],"product_cat":[359],"product_tag":[],"class_list":{"0":"post-3716","1":"product","2":"type-product","3":"status-publish","4":"has-post-thumbnail","6":"product_cat-zc-workwear","8":"first","9":"instock","10":"shipping-taxable","11":"purchasable","12":"product-type-simple"},"_links":{"self":[{"href":"https:\/\/www.promostore.com.ar\/web\/wp-json\/wp\/v2\/product\/3716","targetHints":{"allow":["GET"]}}],"collection":[{"href":"https:\/\/www.promostore.com.ar\/web\/wp-json\/wp\/v2\/product"}],"about":[{"href":"https:\/\/www.promostore.com.ar\/web\/wp-json\/wp\/v2\/types\/product"}],"replies":[{"embeddable":true,"href":"https:\/\/www.promostore.com.ar\/web\/wp-json\/wp\/v2\/comments?post=3716"}],"wp:featuredmedia":[{"embeddable":true,"href":"https:\/\/www.promostore.com.ar\/web\/wp-json\/wp\/v2\/media\/3717"}],"wp:attachment":[{"href":"https:\/\/www.promostore.com.ar\/web\/wp-json\/wp\/v2\/media?parent=3716"}],"wp:term":[{"taxonomy":"product_brand","embeddable":true,"href":"https:\/\/www.promostore.com.ar\/web\/wp-json\/wp\/v2\/product_brand?post=3716"},{"taxonomy":"product_cat","embeddable":true,"href":"https:\/\/www.promostore.com.ar\/web\/wp-json\/wp\/v2\/product_cat?post=3716"},{"taxonomy":"product_tag","embeddable":true,"href":"https:\/\/www.promostore.com.ar\/web\/wp-json\/wp\/v2\/product_tag?post=3716"}],"curies":[{"name":"wp","href":"https:\/\/api.w.org\/{rel}","templated":true}]}}