{"id":3730,"date":"2026-04-03T06:50:06","date_gmt":"2026-04-03T09:50:06","guid":{"rendered":"https:\/\/www.promostore.com.ar\/web\/producto\/set-asado-criollo\/"},"modified":"2026-04-30T13:50:43","modified_gmt":"2026-04-30T16:50:43","slug":"set-asado-criollo","status":"publish","type":"product","link":"https:\/\/www.promostore.com.ar\/web\/producto\/set-asado-criollo\/","title":{"rendered":"Set Asado Criollo."},"content":{"rendered":"<p>El Set de Asado Criollo es el compa\u00f1ero ideal para disfrutar de un buen asado.<br \/>\nIncluye: dos tablas de madera de acacia de 21 x 21 cm y dos juegos de cuchillo (23 cm) y tenedor (19 cm), con mango de madera de acacia.<br \/>\nViene presentado en un estuche marr\u00f3n de PU (poliuretano), garantiz\u00e1ndote un f\u00e1cil transporte y almacenamiento seguro.<br \/>\nUn set imprescindible para los amantes de la parrilla y la tradici\u00f3n. <\/p>\n<p>Pampa Spirit.<\/p>\n\n    <div class=\"xs_social_share_widget xs_share_url after_content \t\tmain_content  wslu-style-1 wslu-share-box-shaped wslu-fill-colored wslu-none wslu-share-horizontal wslu-theme-font-no wslu-main_content\">\n\n\t\t\n        <ul>\n\t\t\t        <\/ul>\n    <\/div> \n","protected":false},"excerpt":{"rendered":"<p>El Set de Asado Criollo es el compa\u00f1ero ideal para disfrutar de un buen asado. Incluye: dos tablas de madera de acacia de 21 x 21 cm y dos juegos de cuchillo (23 cm) y tenedor (19 cm), con mango de madera de acacia. Viene presentado en un estuche marr\u00f3n de PU (poliuretano), garantiz\u00e1ndote un f\u00e1cil transporte y almacenamiento seguro. Un set imprescindible para los amantes de la parrilla y la tradici\u00f3n. Pampa Spirit.<\/p>\n","protected":false},"featured_media":3731,"comment_status":"open","ping_status":"closed","template":"","meta":{"postBodyCss":"","postBodyMargin":[],"postBodyPadding":[],"postBodyBackground":{"backgroundType":"classic","gradient":""}},"product_brand":[],"product_cat":[351],"product_tag":[],"class_list":{"0":"post-3730","1":"product","2":"type-product","3":"status-publish","4":"has-post-thumbnail","6":"product_cat-zc-hogar-y-tiempo-libre","8":"first","9":"instock","10":"shipping-taxable","11":"purchasable","12":"product-type-simple"},"_links":{"self":[{"href":"https:\/\/www.promostore.com.ar\/web\/wp-json\/wp\/v2\/product\/3730","targetHints":{"allow":["GET"]}}],"collection":[{"href":"https:\/\/www.promostore.com.ar\/web\/wp-json\/wp\/v2\/product"}],"about":[{"href":"https:\/\/www.promostore.com.ar\/web\/wp-json\/wp\/v2\/types\/product"}],"replies":[{"embeddable":true,"href":"https:\/\/www.promostore.com.ar\/web\/wp-json\/wp\/v2\/comments?post=3730"}],"wp:featuredmedia":[{"embeddable":true,"href":"https:\/\/www.promostore.com.ar\/web\/wp-json\/wp\/v2\/media\/3731"}],"wp:attachment":[{"href":"https:\/\/www.promostore.com.ar\/web\/wp-json\/wp\/v2\/media?parent=3730"}],"wp:term":[{"taxonomy":"product_brand","embeddable":true,"href":"https:\/\/www.promostore.com.ar\/web\/wp-json\/wp\/v2\/product_brand?post=3730"},{"taxonomy":"product_cat","embeddable":true,"href":"https:\/\/www.promostore.com.ar\/web\/wp-json\/wp\/v2\/product_cat?post=3730"},{"taxonomy":"product_tag","embeddable":true,"href":"https:\/\/www.promostore.com.ar\/web\/wp-json\/wp\/v2\/product_tag?post=3730"}],"curies":[{"name":"wp","href":"https:\/\/api.w.org\/{rel}","templated":true}]}}