{"id":3746,"date":"2026-04-03T06:50:14","date_gmt":"2026-04-03T09:50:14","guid":{"rendered":"https:\/\/www.promostore.com.ar\/web\/producto\/multi-pouch\/"},"modified":"2026-04-27T14:52:11","modified_gmt":"2026-04-27T17:52:11","slug":"multi-pouch","status":"publish","type":"product","link":"https:\/\/www.promostore.com.ar\/web\/producto\/multi-pouch\/","title":{"rendered":"Multi Pouch"},"content":{"rendered":"<p>Neceser transparente con cierre, ideal para organizar y transportar f\u00e1cilmente tus objetos personales.<br \/>\nSu dise\u00f1o compacto y funcional permite guardar objetos peque\u00f1os como lapiceras u otros elementos esenciales, manteni\u00e9ndolos siempre visibles y al alcance.<br \/>\nPod\u00e9s usarlo como m\u00e1s te guste, tanto como cartuchera, como neceser.<br \/>\nPerfecto para el d\u00eda a d\u00eda, el trabajo o la escuela.<br \/>\nTahg<\/p>\n\n    <div class=\"xs_social_share_widget xs_share_url after_content \t\tmain_content  wslu-style-1 wslu-share-box-shaped wslu-fill-colored wslu-none wslu-share-horizontal wslu-theme-font-no wslu-main_content\">\n\n\t\t\n        <ul>\n\t\t\t        <\/ul>\n    <\/div> \n","protected":false},"excerpt":{"rendered":"<p>Neceser transparente con cierre, ideal para organizar y transportar f\u00e1cilmente tus objetos personales. Su dise\u00f1o compacto y funcional permite guardar objetos peque\u00f1os como lapiceras u otros elementos esenciales, manteni\u00e9ndolos siempre visibles y al alcance. Pod\u00e9s usarlo como m\u00e1s te guste, tanto como cartuchera, como neceser. Perfecto para el d\u00eda a d\u00eda, el trabajo o la escuela. Tahg<\/p>\n","protected":false},"featured_media":3747,"comment_status":"open","ping_status":"closed","template":"","meta":{"postBodyCss":"","postBodyMargin":[],"postBodyPadding":[],"postBodyBackground":{"backgroundType":"classic","gradient":""}},"product_brand":[],"product_cat":[316],"product_tag":[],"class_list":{"0":"post-3746","1":"product","2":"type-product","3":"status-publish","4":"has-post-thumbnail","6":"product_cat-sin-categorizar","8":"first","9":"instock","10":"shipping-taxable","11":"purchasable","12":"product-type-simple"},"_links":{"self":[{"href":"https:\/\/www.promostore.com.ar\/web\/wp-json\/wp\/v2\/product\/3746","targetHints":{"allow":["GET"]}}],"collection":[{"href":"https:\/\/www.promostore.com.ar\/web\/wp-json\/wp\/v2\/product"}],"about":[{"href":"https:\/\/www.promostore.com.ar\/web\/wp-json\/wp\/v2\/types\/product"}],"replies":[{"embeddable":true,"href":"https:\/\/www.promostore.com.ar\/web\/wp-json\/wp\/v2\/comments?post=3746"}],"wp:featuredmedia":[{"embeddable":true,"href":"https:\/\/www.promostore.com.ar\/web\/wp-json\/wp\/v2\/media\/3747"}],"wp:attachment":[{"href":"https:\/\/www.promostore.com.ar\/web\/wp-json\/wp\/v2\/media?parent=3746"}],"wp:term":[{"taxonomy":"product_brand","embeddable":true,"href":"https:\/\/www.promostore.com.ar\/web\/wp-json\/wp\/v2\/product_brand?post=3746"},{"taxonomy":"product_cat","embeddable":true,"href":"https:\/\/www.promostore.com.ar\/web\/wp-json\/wp\/v2\/product_cat?post=3746"},{"taxonomy":"product_tag","embeddable":true,"href":"https:\/\/www.promostore.com.ar\/web\/wp-json\/wp\/v2\/product_tag?post=3746"}],"curies":[{"name":"wp","href":"https:\/\/api.w.org\/{rel}","templated":true}]}}