{"id":3750,"date":"2026-04-03T06:50:16","date_gmt":"2026-04-03T09:50:16","guid":{"rendered":"https:\/\/www.promostore.com.ar\/web\/producto\/jarro-street\/"},"modified":"2026-04-29T19:49:39","modified_gmt":"2026-04-29T22:49:39","slug":"jarro-street","status":"publish","type":"product","link":"https:\/\/www.promostore.com.ar\/web\/producto\/jarro-street\/","title":{"rendered":"Jarro Street"},"content":{"rendered":"<p>Jarro de 350 ml, Acero Inoxidable doble Pared y base de corcho, mantiene la temperatura de tus bebidas por m\u00e1s tiempo, mientras que su tapa anti derrame ofrece una mayor comodidad y seguridad en el uso diario.<br \/>\nAdem\u00e1s, cuenta con una manija que facilita el agarre y el transporte.<br \/>\nEs ideal para disfrutar de tus bebidas calientes o fr\u00edas en cualquier momento del d\u00eda, ya sea en la oficina, en casa o mientras est\u00e1s en movimiento.<br \/>\nIncluye Gift Box confeccionada en cartulina Kraft.<\/p>\n<p>No es apto para lavavajillas. No es apto para microondas.<\/p>\n<p>ReUseMe.<\/p>\n\n    <div class=\"xs_social_share_widget xs_share_url after_content \t\tmain_content  wslu-style-1 wslu-share-box-shaped wslu-fill-colored wslu-none wslu-share-horizontal wslu-theme-font-no wslu-main_content\">\n\n\t\t\n        <ul>\n\t\t\t        <\/ul>\n    <\/div> \n","protected":false},"excerpt":{"rendered":"<p>Jarro de 350 ml, Acero Inoxidable doble Pared y base de corcho, mantiene la temperatura de tus bebidas por m\u00e1s tiempo, mientras que su tapa anti derrame ofrece una mayor comodidad y seguridad en el uso diario. Adem\u00e1s, cuenta con una manija que facilita el agarre y el transporte. Es ideal para disfrutar de tus bebidas calientes o fr\u00edas en cualquier momento del d\u00eda, ya sea en la oficina, en casa o mientras est\u00e1s en movimiento. Incluye Gift Box confeccionada en cartulina Kraft. No es apto para lavavajillas. No es apto para microondas. ReUseMe.<\/p>\n","protected":false},"featured_media":3751,"comment_status":"open","ping_status":"closed","template":"","meta":{"postBodyCss":"","postBodyMargin":[],"postBodyPadding":[],"postBodyBackground":{"backgroundType":"classic","gradient":""}},"product_brand":[],"product_cat":[348],"product_tag":[],"class_list":{"0":"post-3750","1":"product","2":"type-product","3":"status-publish","4":"has-post-thumbnail","6":"product_cat-zc-proximos-arribos","8":"first","9":"instock","10":"shipping-taxable","11":"purchasable","12":"product-type-simple"},"_links":{"self":[{"href":"https:\/\/www.promostore.com.ar\/web\/wp-json\/wp\/v2\/product\/3750","targetHints":{"allow":["GET"]}}],"collection":[{"href":"https:\/\/www.promostore.com.ar\/web\/wp-json\/wp\/v2\/product"}],"about":[{"href":"https:\/\/www.promostore.com.ar\/web\/wp-json\/wp\/v2\/types\/product"}],"replies":[{"embeddable":true,"href":"https:\/\/www.promostore.com.ar\/web\/wp-json\/wp\/v2\/comments?post=3750"}],"wp:featuredmedia":[{"embeddable":true,"href":"https:\/\/www.promostore.com.ar\/web\/wp-json\/wp\/v2\/media\/3751"}],"wp:attachment":[{"href":"https:\/\/www.promostore.com.ar\/web\/wp-json\/wp\/v2\/media?parent=3750"}],"wp:term":[{"taxonomy":"product_brand","embeddable":true,"href":"https:\/\/www.promostore.com.ar\/web\/wp-json\/wp\/v2\/product_brand?post=3750"},{"taxonomy":"product_cat","embeddable":true,"href":"https:\/\/www.promostore.com.ar\/web\/wp-json\/wp\/v2\/product_cat?post=3750"},{"taxonomy":"product_tag","embeddable":true,"href":"https:\/\/www.promostore.com.ar\/web\/wp-json\/wp\/v2\/product_tag?post=3750"}],"curies":[{"name":"wp","href":"https:\/\/api.w.org\/{rel}","templated":true}]}}