{"id":3776,"date":"2026-04-03T06:50:27","date_gmt":"2026-04-03T09:50:27","guid":{"rendered":"https:\/\/www.promostore.com.ar\/web\/producto\/set-ancor-2\/"},"modified":"2026-04-30T00:49:41","modified_gmt":"2026-04-30T03:49:41","slug":"set-ancor-2","status":"publish","type":"product","link":"https:\/\/www.promostore.com.ar\/web\/producto\/set-ancor-2\/","title":{"rendered":"Set Ancor"},"content":{"rendered":"<p>El Set Ancor incluye bol\u00edgrafo y l\u00e1piz con cuerpo de corcho y piezas de Wheat Straw, pasta de tallo de trigo, un material sustentable que reduce el consumo de pl\u00e1sticos v\u00edrgenes.  Viene presentado en una pr\u00e1ctica caja de cart\u00f3n.<br \/>\nEs ideal para estudiantes, profesionales y amantes de la escritura que buscan una alternativa sustentable en su d\u00eda a d\u00eda.<br \/>\nDebido a que la pasta de trigo es un material sustentable y 100% natural, puede haber ligeras variaciones en el color del producto de un lote a otro.<br \/>\nReUseMe<\/p>\n\n    <div class=\"xs_social_share_widget xs_share_url after_content \t\tmain_content  wslu-style-1 wslu-share-box-shaped wslu-fill-colored wslu-none wslu-share-horizontal wslu-theme-font-no wslu-main_content\">\n\n\t\t\n        <ul>\n\t\t\t        <\/ul>\n    <\/div> \n","protected":false},"excerpt":{"rendered":"<p>El Set Ancor incluye bol\u00edgrafo y l\u00e1piz con cuerpo de corcho y piezas de Wheat Straw, pasta de tallo de trigo, un material sustentable que reduce el consumo de pl\u00e1sticos v\u00edrgenes. Viene presentado en una pr\u00e1ctica caja de cart\u00f3n. Es ideal para estudiantes, profesionales y amantes de la escritura que buscan una alternativa sustentable en su d\u00eda a d\u00eda. Debido a que la pasta de trigo es un material sustentable y 100% natural, puede haber ligeras variaciones en el color del producto de un lote a otro. ReUseMe<\/p>\n","protected":false},"featured_media":3777,"comment_status":"open","ping_status":"closed","template":"","meta":{"postBodyCss":"","postBodyMargin":[],"postBodyPadding":[],"postBodyBackground":{"backgroundType":"classic","gradient":""}},"product_brand":[],"product_cat":[345],"product_tag":[],"class_list":{"0":"post-3776","1":"product","2":"type-product","3":"status-publish","4":"has-post-thumbnail","6":"product_cat-zc-escritura","8":"first","9":"instock","10":"shipping-taxable","11":"purchasable","12":"product-type-simple"},"_links":{"self":[{"href":"https:\/\/www.promostore.com.ar\/web\/wp-json\/wp\/v2\/product\/3776","targetHints":{"allow":["GET"]}}],"collection":[{"href":"https:\/\/www.promostore.com.ar\/web\/wp-json\/wp\/v2\/product"}],"about":[{"href":"https:\/\/www.promostore.com.ar\/web\/wp-json\/wp\/v2\/types\/product"}],"replies":[{"embeddable":true,"href":"https:\/\/www.promostore.com.ar\/web\/wp-json\/wp\/v2\/comments?post=3776"}],"wp:featuredmedia":[{"embeddable":true,"href":"https:\/\/www.promostore.com.ar\/web\/wp-json\/wp\/v2\/media\/3777"}],"wp:attachment":[{"href":"https:\/\/www.promostore.com.ar\/web\/wp-json\/wp\/v2\/media?parent=3776"}],"wp:term":[{"taxonomy":"product_brand","embeddable":true,"href":"https:\/\/www.promostore.com.ar\/web\/wp-json\/wp\/v2\/product_brand?post=3776"},{"taxonomy":"product_cat","embeddable":true,"href":"https:\/\/www.promostore.com.ar\/web\/wp-json\/wp\/v2\/product_cat?post=3776"},{"taxonomy":"product_tag","embeddable":true,"href":"https:\/\/www.promostore.com.ar\/web\/wp-json\/wp\/v2\/product_tag?post=3776"}],"curies":[{"name":"wp","href":"https:\/\/api.w.org\/{rel}","templated":true}]}}