{"id":3814,"date":"2026-04-03T06:50:46","date_gmt":"2026-04-03T09:50:46","guid":{"rendered":"https:\/\/www.promostore.com.ar\/web\/producto\/cuaderno-ingenio\/"},"modified":"2026-04-30T00:49:42","modified_gmt":"2026-04-30T03:49:42","slug":"cuaderno-ingenio","status":"publish","type":"product","link":"https:\/\/www.promostore.com.ar\/web\/producto\/cuaderno-ingenio\/","title":{"rendered":"Cuaderno Ingenio"},"content":{"rendered":"<p>Cuaderno A5 con espiral hecho de papel de fibra de ca\u00f1a de az\u00facar fabricado en materiales sostenibles cuenta con 80 hojas rayadas de 90 gramos el\u00e1stico de cierre marcador y dise\u00f1o ecol\u00f3gico es ideal para tomar notas de manera consciente en entornos laborales acad\u00e9micos o personales.<\/p>\n<p>REUSEME<\/p>\n\n    <div class=\"xs_social_share_widget xs_share_url after_content \t\tmain_content  wslu-style-1 wslu-share-box-shaped wslu-fill-colored wslu-none wslu-share-horizontal wslu-theme-font-no wslu-main_content\">\n\n\t\t\n        <ul>\n\t\t\t        <\/ul>\n    <\/div> \n","protected":false},"excerpt":{"rendered":"<p>Cuaderno A5 con espiral hecho de papel de fibra de ca\u00f1a de az\u00facar fabricado en materiales sostenibles cuenta con 80 hojas rayadas de 90 gramos el\u00e1stico de cierre marcador y dise\u00f1o ecol\u00f3gico es ideal para tomar notas de manera consciente en entornos laborales acad\u00e9micos o personales. REUSEME<\/p>\n","protected":false},"featured_media":3815,"comment_status":"open","ping_status":"closed","template":"","meta":{"postBodyCss":"","postBodyMargin":[],"postBodyPadding":[],"postBodyBackground":{"backgroundType":"classic","gradient":""}},"product_brand":[],"product_cat":[367],"product_tag":[],"class_list":{"0":"post-3814","1":"product","2":"type-product","3":"status-publish","4":"has-post-thumbnail","6":"product_cat-zc-cuadernos","8":"first","9":"instock","10":"shipping-taxable","11":"purchasable","12":"product-type-simple"},"_links":{"self":[{"href":"https:\/\/www.promostore.com.ar\/web\/wp-json\/wp\/v2\/product\/3814","targetHints":{"allow":["GET"]}}],"collection":[{"href":"https:\/\/www.promostore.com.ar\/web\/wp-json\/wp\/v2\/product"}],"about":[{"href":"https:\/\/www.promostore.com.ar\/web\/wp-json\/wp\/v2\/types\/product"}],"replies":[{"embeddable":true,"href":"https:\/\/www.promostore.com.ar\/web\/wp-json\/wp\/v2\/comments?post=3814"}],"wp:featuredmedia":[{"embeddable":true,"href":"https:\/\/www.promostore.com.ar\/web\/wp-json\/wp\/v2\/media\/3815"}],"wp:attachment":[{"href":"https:\/\/www.promostore.com.ar\/web\/wp-json\/wp\/v2\/media?parent=3814"}],"wp:term":[{"taxonomy":"product_brand","embeddable":true,"href":"https:\/\/www.promostore.com.ar\/web\/wp-json\/wp\/v2\/product_brand?post=3814"},{"taxonomy":"product_cat","embeddable":true,"href":"https:\/\/www.promostore.com.ar\/web\/wp-json\/wp\/v2\/product_cat?post=3814"},{"taxonomy":"product_tag","embeddable":true,"href":"https:\/\/www.promostore.com.ar\/web\/wp-json\/wp\/v2\/product_tag?post=3814"}],"curies":[{"name":"wp","href":"https:\/\/api.w.org\/{rel}","templated":true}]}}