{"id":3816,"date":"2026-04-03T06:50:47","date_gmt":"2026-04-03T09:50:47","guid":{"rendered":"https:\/\/www.promostore.com.ar\/web\/producto\/cuaderno-magnet\/"},"modified":"2026-04-30T03:49:36","modified_gmt":"2026-04-30T06:49:36","slug":"cuaderno-magnet","status":"publish","type":"product","link":"https:\/\/www.promostore.com.ar\/web\/producto\/cuaderno-magnet\/","title":{"rendered":"Cuaderno Magnet"},"content":{"rendered":"<p>Cuaderno A5 con tapa dura y cierre magn\u00e9tico de PU a tono Fabricado en corcho reciclado. Cuenta con 96 hojas rayadas de papel marfil de 70 gramos, cinta se\u00f1aladora y dise\u00f1o ecol\u00f3gico. Es ideal para tomar notas en reuniones estudios o como regalo corporativo sustentable.<\/p>\n<p>Dimensiones: 142 x 210 mm<\/p>\n<p>ReUseMe<\/p>\n\n    <div class=\"xs_social_share_widget xs_share_url after_content \t\tmain_content  wslu-style-1 wslu-share-box-shaped wslu-fill-colored wslu-none wslu-share-horizontal wslu-theme-font-no wslu-main_content\">\n\n\t\t\n        <ul>\n\t\t\t        <\/ul>\n    <\/div> \n","protected":false},"excerpt":{"rendered":"<p>Cuaderno A5 con tapa dura y cierre magn\u00e9tico de PU a tono Fabricado en corcho reciclado. Cuenta con 96 hojas rayadas de papel marfil de 70 gramos, cinta se\u00f1aladora y dise\u00f1o ecol\u00f3gico. Es ideal para tomar notas en reuniones estudios o como regalo corporativo sustentable. Dimensiones: 142 x 210 mm ReUseMe<\/p>\n","protected":false},"featured_media":3817,"comment_status":"open","ping_status":"closed","template":"","meta":{"postBodyCss":"","postBodyMargin":[],"postBodyPadding":[],"postBodyBackground":{"backgroundType":"classic","gradient":""}},"product_brand":[],"product_cat":[367],"product_tag":[],"class_list":{"0":"post-3816","1":"product","2":"type-product","3":"status-publish","4":"has-post-thumbnail","6":"product_cat-zc-cuadernos","8":"first","9":"instock","10":"shipping-taxable","11":"purchasable","12":"product-type-simple"},"_links":{"self":[{"href":"https:\/\/www.promostore.com.ar\/web\/wp-json\/wp\/v2\/product\/3816","targetHints":{"allow":["GET"]}}],"collection":[{"href":"https:\/\/www.promostore.com.ar\/web\/wp-json\/wp\/v2\/product"}],"about":[{"href":"https:\/\/www.promostore.com.ar\/web\/wp-json\/wp\/v2\/types\/product"}],"replies":[{"embeddable":true,"href":"https:\/\/www.promostore.com.ar\/web\/wp-json\/wp\/v2\/comments?post=3816"}],"wp:featuredmedia":[{"embeddable":true,"href":"https:\/\/www.promostore.com.ar\/web\/wp-json\/wp\/v2\/media\/3817"}],"wp:attachment":[{"href":"https:\/\/www.promostore.com.ar\/web\/wp-json\/wp\/v2\/media?parent=3816"}],"wp:term":[{"taxonomy":"product_brand","embeddable":true,"href":"https:\/\/www.promostore.com.ar\/web\/wp-json\/wp\/v2\/product_brand?post=3816"},{"taxonomy":"product_cat","embeddable":true,"href":"https:\/\/www.promostore.com.ar\/web\/wp-json\/wp\/v2\/product_cat?post=3816"},{"taxonomy":"product_tag","embeddable":true,"href":"https:\/\/www.promostore.com.ar\/web\/wp-json\/wp\/v2\/product_tag?post=3816"}],"curies":[{"name":"wp","href":"https:\/\/api.w.org\/{rel}","templated":true}]}}