{"id":3834,"date":"2026-04-03T07:50:45","date_gmt":"2026-04-03T10:50:45","guid":{"rendered":"https:\/\/www.promostore.com.ar\/web\/producto\/cooler-icono\/"},"modified":"2026-04-30T12:50:22","modified_gmt":"2026-04-30T15:50:22","slug":"cooler-icono","status":"publish","type":"product","link":"https:\/\/www.promostore.com.ar\/web\/producto\/cooler-icono\/","title":{"rendered":"Cooler Icono"},"content":{"rendered":"<p>Mochila t\u00e9rmica con compartimientos laterales y bolsillo frontal. Est\u00e1 confeccionada en polycanvas 600D, con interior de aluminio. Cuenta con compartimiento principal t\u00e9rmico con cierre, dos bolsillos laterales y bolsillo frontal. Es ideal para transportar alimentos y bebidas en salidas, picnics o traslados diarios. Incluye correas acolchadas ajustables y manija superior. <\/p>\n<p>Capacidad: 7 lts.<\/p>\n<p>Tahg.<\/p>\n\n    <div class=\"xs_social_share_widget xs_share_url after_content \t\tmain_content  wslu-style-1 wslu-share-box-shaped wslu-fill-colored wslu-none wslu-share-horizontal wslu-theme-font-no wslu-main_content\">\n\n\t\t\n        <ul>\n\t\t\t        <\/ul>\n    <\/div> \n","protected":false},"excerpt":{"rendered":"<p>Mochila t\u00e9rmica con compartimientos laterales y bolsillo frontal. Est\u00e1 confeccionada en polycanvas 600D, con interior de aluminio. Cuenta con compartimiento principal t\u00e9rmico con cierre, dos bolsillos laterales y bolsillo frontal. Es ideal para transportar alimentos y bebidas en salidas, picnics o traslados diarios. Incluye correas acolchadas ajustables y manija superior. Capacidad: 7 lts. Tahg.<\/p>\n","protected":false},"featured_media":3835,"comment_status":"open","ping_status":"closed","template":"","meta":{"postBodyCss":"","postBodyMargin":[],"postBodyPadding":[],"postBodyBackground":{"backgroundType":"classic","gradient":""}},"product_brand":[],"product_cat":[361],"product_tag":[],"class_list":{"0":"post-3834","1":"product","2":"type-product","3":"status-publish","4":"has-post-thumbnail","6":"product_cat-zc-coolers-y-luncheras","8":"first","9":"instock","10":"shipping-taxable","11":"purchasable","12":"product-type-simple"},"_links":{"self":[{"href":"https:\/\/www.promostore.com.ar\/web\/wp-json\/wp\/v2\/product\/3834","targetHints":{"allow":["GET"]}}],"collection":[{"href":"https:\/\/www.promostore.com.ar\/web\/wp-json\/wp\/v2\/product"}],"about":[{"href":"https:\/\/www.promostore.com.ar\/web\/wp-json\/wp\/v2\/types\/product"}],"replies":[{"embeddable":true,"href":"https:\/\/www.promostore.com.ar\/web\/wp-json\/wp\/v2\/comments?post=3834"}],"wp:featuredmedia":[{"embeddable":true,"href":"https:\/\/www.promostore.com.ar\/web\/wp-json\/wp\/v2\/media\/3835"}],"wp:attachment":[{"href":"https:\/\/www.promostore.com.ar\/web\/wp-json\/wp\/v2\/media?parent=3834"}],"wp:term":[{"taxonomy":"product_brand","embeddable":true,"href":"https:\/\/www.promostore.com.ar\/web\/wp-json\/wp\/v2\/product_brand?post=3834"},{"taxonomy":"product_cat","embeddable":true,"href":"https:\/\/www.promostore.com.ar\/web\/wp-json\/wp\/v2\/product_cat?post=3834"},{"taxonomy":"product_tag","embeddable":true,"href":"https:\/\/www.promostore.com.ar\/web\/wp-json\/wp\/v2\/product_tag?post=3834"}],"curies":[{"name":"wp","href":"https:\/\/api.w.org\/{rel}","templated":true}]}}