{"id":3852,"date":"2026-04-03T07:50:54","date_gmt":"2026-04-03T10:50:54","guid":{"rendered":"https:\/\/www.promostore.com.ar\/web\/producto\/mochila-sack\/"},"modified":"2026-04-30T09:49:46","modified_gmt":"2026-04-30T12:49:46","slug":"mochila-sack","status":"publish","type":"product","link":"https:\/\/www.promostore.com.ar\/web\/producto\/mochila-sack\/","title":{"rendered":"Mochila Sack"},"content":{"rendered":"<p>Mochila urbana con doble cierre y estructura reforzada. Est\u00e1 confeccionada en poli\u00e9ster reciclado 420D, una opci\u00f3n sustentable y resistente para el uso diario. Cuenta con compartimiento principal amplio, dos bolsillos frontales con cierre, y tiras ajustables acolchadas para mayor comodidad. En su interior cuenta con dos bolsillos peque\u00f1os sin cierre y dos para lapiceras. Es ideal para ir al trabajo, estudiar o moverse por la ciudad.<\/p>\n<p>Capacidad: 21 litros. <\/p>\n<p>Wagner.<\/p>\n\n    <div class=\"xs_social_share_widget xs_share_url after_content \t\tmain_content  wslu-style-1 wslu-share-box-shaped wslu-fill-colored wslu-none wslu-share-horizontal wslu-theme-font-no wslu-main_content\">\n\n\t\t\n        <ul>\n\t\t\t        <\/ul>\n    <\/div> \n","protected":false},"excerpt":{"rendered":"<p>Mochila urbana con doble cierre y estructura reforzada. Est\u00e1 confeccionada en poli\u00e9ster reciclado 420D, una opci\u00f3n sustentable y resistente para el uso diario. Cuenta con compartimiento principal amplio, dos bolsillos frontales con cierre, y tiras ajustables acolchadas para mayor comodidad. En su interior cuenta con dos bolsillos peque\u00f1os sin cierre y dos para lapiceras. Es ideal para ir al trabajo, estudiar o moverse por la ciudad. Capacidad: 21 litros. Wagner.<\/p>\n","protected":false},"featured_media":3853,"comment_status":"open","ping_status":"closed","template":"","meta":{"postBodyCss":"","postBodyMargin":[],"postBodyPadding":[],"postBodyBackground":{"backgroundType":"classic","gradient":""}},"product_brand":[],"product_cat":[356],"product_tag":[],"class_list":{"0":"post-3852","1":"product","2":"type-product","3":"status-publish","4":"has-post-thumbnail","6":"product_cat-zc-bolsos-y-mochilas","8":"first","9":"instock","10":"shipping-taxable","11":"purchasable","12":"product-type-simple"},"_links":{"self":[{"href":"https:\/\/www.promostore.com.ar\/web\/wp-json\/wp\/v2\/product\/3852","targetHints":{"allow":["GET"]}}],"collection":[{"href":"https:\/\/www.promostore.com.ar\/web\/wp-json\/wp\/v2\/product"}],"about":[{"href":"https:\/\/www.promostore.com.ar\/web\/wp-json\/wp\/v2\/types\/product"}],"replies":[{"embeddable":true,"href":"https:\/\/www.promostore.com.ar\/web\/wp-json\/wp\/v2\/comments?post=3852"}],"wp:featuredmedia":[{"embeddable":true,"href":"https:\/\/www.promostore.com.ar\/web\/wp-json\/wp\/v2\/media\/3853"}],"wp:attachment":[{"href":"https:\/\/www.promostore.com.ar\/web\/wp-json\/wp\/v2\/media?parent=3852"}],"wp:term":[{"taxonomy":"product_brand","embeddable":true,"href":"https:\/\/www.promostore.com.ar\/web\/wp-json\/wp\/v2\/product_brand?post=3852"},{"taxonomy":"product_cat","embeddable":true,"href":"https:\/\/www.promostore.com.ar\/web\/wp-json\/wp\/v2\/product_cat?post=3852"},{"taxonomy":"product_tag","embeddable":true,"href":"https:\/\/www.promostore.com.ar\/web\/wp-json\/wp\/v2\/product_tag?post=3852"}],"curies":[{"name":"wp","href":"https:\/\/api.w.org\/{rel}","templated":true}]}}