{"id":3868,"date":"2026-04-03T07:51:02","date_gmt":"2026-04-03T10:51:02","guid":{"rendered":"https:\/\/www.promostore.com.ar\/web\/producto\/boligrafo-qs50-stone\/"},"modified":"2026-04-29T22:49:43","modified_gmt":"2026-04-30T01:49:43","slug":"boligrafo-qs50-stone","status":"publish","type":"product","link":"https:\/\/www.promostore.com.ar\/web\/producto\/boligrafo-qs50-stone\/","title":{"rendered":"Boligrafo QS50 Stone"},"content":{"rendered":"<p>Las l\u00edneas firmes y rectas del bol\u00edgrafo QS50 transmiten con elegancia claridad, franqueza y empuje. C\u00f3modo de sostener y agradablemente pesado en la mano para una escritura maravillosamente suave en tinta azul. <\/p>\n<p>\u00a1Es sustentable! Minerales en lugar de pl\u00e1stico. Un aut\u00e9ntico instrumento de escritura suizo con elegante lenguaje de formas e innovadora superficie en 3D. <\/p>\n<p>Fabricado con un material especial enriquecido con minerales, lo que reduce la proporci\u00f3n de pl\u00e1stico en cada carcasa en un 60%, y un 50 % m\u00e1s de peso.<\/p>\n<p>Prodir.<\/p>\n\n    <div class=\"xs_social_share_widget xs_share_url after_content \t\tmain_content  wslu-style-1 wslu-share-box-shaped wslu-fill-colored wslu-none wslu-share-horizontal wslu-theme-font-no wslu-main_content\">\n\n\t\t\n        <ul>\n\t\t\t        <\/ul>\n    <\/div> \n","protected":false},"excerpt":{"rendered":"<p>Las l\u00edneas firmes y rectas del bol\u00edgrafo QS50 transmiten con elegancia claridad, franqueza y empuje. C\u00f3modo de sostener y agradablemente pesado en la mano para una escritura maravillosamente suave en tinta azul. \u00a1Es sustentable! Minerales en lugar de pl\u00e1stico. Un aut\u00e9ntico instrumento de escritura suizo con elegante lenguaje de formas e innovadora superficie en 3D. Fabricado con un material especial enriquecido con minerales, lo que reduce la proporci\u00f3n de pl\u00e1stico en cada carcasa en un 60%, y un 50 % m\u00e1s de peso. Prodir.<\/p>\n","protected":false},"featured_media":3869,"comment_status":"open","ping_status":"closed","template":"","meta":{"postBodyCss":"","postBodyMargin":[],"postBodyPadding":[],"postBodyBackground":{"backgroundType":"classic","gradient":""}},"product_brand":[],"product_cat":[345],"product_tag":[],"class_list":{"0":"post-3868","1":"product","2":"type-product","3":"status-publish","4":"has-post-thumbnail","6":"product_cat-zc-escritura","8":"first","9":"instock","10":"shipping-taxable","11":"purchasable","12":"product-type-simple"},"_links":{"self":[{"href":"https:\/\/www.promostore.com.ar\/web\/wp-json\/wp\/v2\/product\/3868","targetHints":{"allow":["GET"]}}],"collection":[{"href":"https:\/\/www.promostore.com.ar\/web\/wp-json\/wp\/v2\/product"}],"about":[{"href":"https:\/\/www.promostore.com.ar\/web\/wp-json\/wp\/v2\/types\/product"}],"replies":[{"embeddable":true,"href":"https:\/\/www.promostore.com.ar\/web\/wp-json\/wp\/v2\/comments?post=3868"}],"wp:featuredmedia":[{"embeddable":true,"href":"https:\/\/www.promostore.com.ar\/web\/wp-json\/wp\/v2\/media\/3869"}],"wp:attachment":[{"href":"https:\/\/www.promostore.com.ar\/web\/wp-json\/wp\/v2\/media?parent=3868"}],"wp:term":[{"taxonomy":"product_brand","embeddable":true,"href":"https:\/\/www.promostore.com.ar\/web\/wp-json\/wp\/v2\/product_brand?post=3868"},{"taxonomy":"product_cat","embeddable":true,"href":"https:\/\/www.promostore.com.ar\/web\/wp-json\/wp\/v2\/product_cat?post=3868"},{"taxonomy":"product_tag","embeddable":true,"href":"https:\/\/www.promostore.com.ar\/web\/wp-json\/wp\/v2\/product_tag?post=3868"}],"curies":[{"name":"wp","href":"https:\/\/api.w.org\/{rel}","templated":true}]}}