{"id":3874,"date":"2026-04-03T07:51:05","date_gmt":"2026-04-03T10:51:05","guid":{"rendered":"https:\/\/www.promostore.com.ar\/web\/producto\/camisa-baltimore-hombre-unisex\/"},"modified":"2026-04-30T09:49:47","modified_gmt":"2026-04-30T12:49:47","slug":"camisa-baltimore-hombre-unisex","status":"publish","type":"product","link":"https:\/\/www.promostore.com.ar\/web\/producto\/camisa-baltimore-hombre-unisex\/","title":{"rendered":"Camisa Baltimore Hombre\/Unisex"},"content":{"rendered":"<p>Camisa de manga larga de corte recto. Confeccionada en popl\u00edn (65% poli\u00e9ster y 35% algod\u00f3n), ideal para uso profesional.<br \/>\nCuenta con cuello reforzado, pu\u00f1os ajustables, bolsillo en el pecho izquierdo y dos c\u00f3modos pliegues en la espalda para mayor libertad de movimiento. Botones a tono. CERTIFICACI\u00d3N: PETA-Approved Vegan<\/p>\n<p>RECOMENDACIONES DE USO: Lavar a m\u00e1quina a 40\u00b0, no blanquear, no secar en m\u00e1quina, planchar a temperatura media.<\/p>\n<p>Las dimensiones del producto pueden verse en la tabla de talles.<\/p>\n<p>Sol\u00b4s.<\/p>\n\n    <div class=\"xs_social_share_widget xs_share_url after_content \t\tmain_content  wslu-style-1 wslu-share-box-shaped wslu-fill-colored wslu-none wslu-share-horizontal wslu-theme-font-no wslu-main_content\">\n\n\t\t\n        <ul>\n\t\t\t        <\/ul>\n    <\/div> \n","protected":false},"excerpt":{"rendered":"<p>Camisa de manga larga de corte recto. Confeccionada en popl\u00edn (65% poli\u00e9ster y 35% algod\u00f3n), ideal para uso profesional. Cuenta con cuello reforzado, pu\u00f1os ajustables, bolsillo en el pecho izquierdo y dos c\u00f3modos pliegues en la espalda para mayor libertad de movimiento. Botones a tono. CERTIFICACI\u00d3N: PETA-Approved Vegan RECOMENDACIONES DE USO: Lavar a m\u00e1quina a 40\u00b0, no blanquear, no secar en m\u00e1quina, planchar a temperatura media. Las dimensiones del producto pueden verse en la tabla de talles. Sol\u00b4s.<\/p>\n","protected":false},"featured_media":3875,"comment_status":"open","ping_status":"closed","template":"","meta":{"postBodyCss":"","postBodyMargin":[],"postBodyPadding":[],"postBodyBackground":{"backgroundType":"classic","gradient":""}},"product_brand":[],"product_cat":[359],"product_tag":[],"class_list":{"0":"post-3874","1":"product","2":"type-product","3":"status-publish","4":"has-post-thumbnail","6":"product_cat-zc-workwear","8":"first","9":"instock","10":"shipping-taxable","11":"purchasable","12":"product-type-simple"},"_links":{"self":[{"href":"https:\/\/www.promostore.com.ar\/web\/wp-json\/wp\/v2\/product\/3874","targetHints":{"allow":["GET"]}}],"collection":[{"href":"https:\/\/www.promostore.com.ar\/web\/wp-json\/wp\/v2\/product"}],"about":[{"href":"https:\/\/www.promostore.com.ar\/web\/wp-json\/wp\/v2\/types\/product"}],"replies":[{"embeddable":true,"href":"https:\/\/www.promostore.com.ar\/web\/wp-json\/wp\/v2\/comments?post=3874"}],"wp:featuredmedia":[{"embeddable":true,"href":"https:\/\/www.promostore.com.ar\/web\/wp-json\/wp\/v2\/media\/3875"}],"wp:attachment":[{"href":"https:\/\/www.promostore.com.ar\/web\/wp-json\/wp\/v2\/media?parent=3874"}],"wp:term":[{"taxonomy":"product_brand","embeddable":true,"href":"https:\/\/www.promostore.com.ar\/web\/wp-json\/wp\/v2\/product_brand?post=3874"},{"taxonomy":"product_cat","embeddable":true,"href":"https:\/\/www.promostore.com.ar\/web\/wp-json\/wp\/v2\/product_cat?post=3874"},{"taxonomy":"product_tag","embeddable":true,"href":"https:\/\/www.promostore.com.ar\/web\/wp-json\/wp\/v2\/product_tag?post=3874"}],"curies":[{"name":"wp","href":"https:\/\/api.w.org\/{rel}","templated":true}]}}