{"id":3888,"date":"2026-04-03T07:51:11","date_gmt":"2026-04-03T10:51:11","guid":{"rendered":"https:\/\/www.promostore.com.ar\/web\/producto\/bolsa-m6-25x23x10\/"},"modified":"2026-04-30T09:49:47","modified_gmt":"2026-04-30T12:49:47","slug":"bolsa-m6-25x23x10","status":"publish","type":"product","link":"https:\/\/www.promostore.com.ar\/web\/producto\/bolsa-m6-25x23x10\/","title":{"rendered":"Bolsa M6 25x23x10"},"content":{"rendered":"<p>Bolsa reutilizable con fuelle lateral y base. Fabricada en friselina de 100 g\/m2. Cuenta con manija tipo correa. Ideal para accesorios de tecnolog\u00eda o sets peque\u00f1os de regalo. Su dise\u00f1o con base firme permite portar productos delicados o organizados.<br \/>\nDimensiones: Alto: 25cm, Ancho: 23cm, Fuelle Base: 10cm, Fuelle Lateral: 10cm<br \/>\nTahg.<\/p>\n\n    <div class=\"xs_social_share_widget xs_share_url after_content \t\tmain_content  wslu-style-1 wslu-share-box-shaped wslu-fill-colored wslu-none wslu-share-horizontal wslu-theme-font-no wslu-main_content\">\n\n\t\t\n        <ul>\n\t\t\t        <\/ul>\n    <\/div> \n","protected":false},"excerpt":{"rendered":"<p>Bolsa reutilizable con fuelle lateral y base. Fabricada en friselina de 100 g\/m2. Cuenta con manija tipo correa. Ideal para accesorios de tecnolog\u00eda o sets peque\u00f1os de regalo. Su dise\u00f1o con base firme permite portar productos delicados o organizados. Dimensiones: Alto: 25cm, Ancho: 23cm, Fuelle Base: 10cm, Fuelle Lateral: 10cm Tahg.<\/p>\n","protected":false},"featured_media":3889,"comment_status":"open","ping_status":"closed","template":"","meta":{"postBodyCss":"","postBodyMargin":[],"postBodyPadding":[],"postBodyBackground":{"backgroundType":"classic","gradient":""}},"product_brand":[],"product_cat":[360],"product_tag":[],"class_list":{"0":"post-3888","1":"product","2":"type-product","3":"status-publish","4":"has-post-thumbnail","6":"product_cat-zc-bolsas-y-tote-bags","8":"first","9":"instock","10":"shipping-taxable","11":"purchasable","12":"product-type-simple"},"_links":{"self":[{"href":"https:\/\/www.promostore.com.ar\/web\/wp-json\/wp\/v2\/product\/3888","targetHints":{"allow":["GET"]}}],"collection":[{"href":"https:\/\/www.promostore.com.ar\/web\/wp-json\/wp\/v2\/product"}],"about":[{"href":"https:\/\/www.promostore.com.ar\/web\/wp-json\/wp\/v2\/types\/product"}],"replies":[{"embeddable":true,"href":"https:\/\/www.promostore.com.ar\/web\/wp-json\/wp\/v2\/comments?post=3888"}],"wp:featuredmedia":[{"embeddable":true,"href":"https:\/\/www.promostore.com.ar\/web\/wp-json\/wp\/v2\/media\/3889"}],"wp:attachment":[{"href":"https:\/\/www.promostore.com.ar\/web\/wp-json\/wp\/v2\/media?parent=3888"}],"wp:term":[{"taxonomy":"product_brand","embeddable":true,"href":"https:\/\/www.promostore.com.ar\/web\/wp-json\/wp\/v2\/product_brand?post=3888"},{"taxonomy":"product_cat","embeddable":true,"href":"https:\/\/www.promostore.com.ar\/web\/wp-json\/wp\/v2\/product_cat?post=3888"},{"taxonomy":"product_tag","embeddable":true,"href":"https:\/\/www.promostore.com.ar\/web\/wp-json\/wp\/v2\/product_tag?post=3888"}],"curies":[{"name":"wp","href":"https:\/\/api.w.org\/{rel}","templated":true}]}}