{"id":390,"date":"2017-10-23T16:45:35","date_gmt":"2017-10-23T16:45:35","guid":{"rendered":"http:\/\/www.promostore.com.ar\/web\/?post_type=product&#038;p=390"},"modified":"2017-10-25T15:09:36","modified_gmt":"2017-10-25T15:09:36","slug":"wake-up-ss-sp","status":"publish","type":"product","link":"https:\/\/www.promostore.com.ar\/web\/producto\/wake-up-ss-sp\/","title":{"rendered":"WAKE UP SS \/ SP"},"content":{"rendered":"\n    <div class=\"xs_social_share_widget xs_share_url after_content \t\tmain_content  wslu-style-1 wslu-share-box-shaped wslu-fill-colored wslu-none wslu-share-horizontal wslu-theme-font-no wslu-main_content\">\n\n\t\t\n        <ul>\n\t\t\t        <\/ul>\n    <\/div> \n","protected":false},"excerpt":{"rendered":"<p>Pl\u00e1stico. \u00d8 8,5 x 5 cm. Mini parlante port\u00e1til con bluetooth e impermeable para ducha o piscina gracias a su textura engomada resistente al agua (modalidad IPx4). Posee una ventosa en la parte trasera que gira sobre su propio eje y permite la adherencia a cer\u00e1mica, vidrio, porcelanato. Men\u00fa para regularlo, funci\u00f3n de altavoz, alimentaci\u00f3n v\u00eda USB, incluye cable para recargar, potente bater\u00eda de 400 MAH. Manual de instrucci\u00f3n<\/p>\n","protected":false},"featured_media":642,"comment_status":"open","ping_status":"closed","template":"","meta":{"postBodyCss":"","postBodyMargin":[],"postBodyPadding":[],"postBodyBackground":{"backgroundType":"classic","gradient":""}},"product_brand":[],"product_cat":[64],"product_tag":[],"class_list":{"0":"post-390","1":"product","2":"type-product","3":"status-publish","4":"has-post-thumbnail","6":"product_cat-tecnologia-parlantes","8":"first","9":"instock","10":"shipping-taxable","11":"purchasable","12":"product-type-simple"},"_links":{"self":[{"href":"https:\/\/www.promostore.com.ar\/web\/wp-json\/wp\/v2\/product\/390","targetHints":{"allow":["GET"]}}],"collection":[{"href":"https:\/\/www.promostore.com.ar\/web\/wp-json\/wp\/v2\/product"}],"about":[{"href":"https:\/\/www.promostore.com.ar\/web\/wp-json\/wp\/v2\/types\/product"}],"replies":[{"embeddable":true,"href":"https:\/\/www.promostore.com.ar\/web\/wp-json\/wp\/v2\/comments?post=390"}],"wp:featuredmedia":[{"embeddable":true,"href":"https:\/\/www.promostore.com.ar\/web\/wp-json\/wp\/v2\/media\/642"}],"wp:attachment":[{"href":"https:\/\/www.promostore.com.ar\/web\/wp-json\/wp\/v2\/media?parent=390"}],"wp:term":[{"taxonomy":"product_brand","embeddable":true,"href":"https:\/\/www.promostore.com.ar\/web\/wp-json\/wp\/v2\/product_brand?post=390"},{"taxonomy":"product_cat","embeddable":true,"href":"https:\/\/www.promostore.com.ar\/web\/wp-json\/wp\/v2\/product_cat?post=390"},{"taxonomy":"product_tag","embeddable":true,"href":"https:\/\/www.promostore.com.ar\/web\/wp-json\/wp\/v2\/product_tag?post=390"}],"curies":[{"name":"wp","href":"https:\/\/api.w.org\/{rel}","templated":true}]}}