{"id":3901,"date":"2026-04-03T08:51:14","date_gmt":"2026-04-03T11:51:14","guid":{"rendered":"https:\/\/www.promostore.com.ar\/web\/producto\/set-bbq-delantal-grill\/"},"modified":"2026-04-30T00:49:47","modified_gmt":"2026-04-30T03:49:47","slug":"set-bbq-delantal-grill","status":"publish","type":"product","link":"https:\/\/www.promostore.com.ar\/web\/producto\/set-bbq-delantal-grill\/","title":{"rendered":"Set bbq Delantal Grill"},"content":{"rendered":"<p>Set parrillero con delantal, esp\u00e1tula, tenedor, pinza y guante. El delantal de policanvas cuenta con compartimientos para guardar los utensilios fabricados en acero inoxidable 420, madera y poli\u00e9ster. Incluye esp\u00e1tula de 36 cm, tenedor de 35 cm, pinza de 36 cm y un guante resistente al calor. Ideal para hacer asados c\u00f3modamente, con todo ordenado y f\u00e1cil de llevar para las parrilladas y juntas al aire libre.<br \/>\nPampa Spirit.<\/p>\n\n    <div class=\"xs_social_share_widget xs_share_url after_content \t\tmain_content  wslu-style-1 wslu-share-box-shaped wslu-fill-colored wslu-none wslu-share-horizontal wslu-theme-font-no wslu-main_content\">\n\n\t\t\n        <ul>\n\t\t\t        <\/ul>\n    <\/div> \n","protected":false},"excerpt":{"rendered":"<p>Set parrillero con delantal, esp\u00e1tula, tenedor, pinza y guante. El delantal de policanvas cuenta con compartimientos para guardar los utensilios fabricados en acero inoxidable 420, madera y poli\u00e9ster. Incluye esp\u00e1tula de 36 cm, tenedor de 35 cm, pinza de 36 cm y un guante resistente al calor. Ideal para hacer asados c\u00f3modamente, con todo ordenado y f\u00e1cil de llevar para las parrilladas y juntas al aire libre. Pampa Spirit.<\/p>\n","protected":false},"featured_media":3902,"comment_status":"open","ping_status":"closed","template":"","meta":{"postBodyCss":"","postBodyMargin":[],"postBodyPadding":[],"postBodyBackground":{"backgroundType":"classic","gradient":""}},"product_brand":[],"product_cat":[352],"product_tag":[],"class_list":{"0":"post-3901","1":"product","2":"type-product","3":"status-publish","4":"has-post-thumbnail","6":"product_cat-zc-2026-dia-del-padre","8":"first","9":"instock","10":"shipping-taxable","11":"purchasable","12":"product-type-simple"},"_links":{"self":[{"href":"https:\/\/www.promostore.com.ar\/web\/wp-json\/wp\/v2\/product\/3901","targetHints":{"allow":["GET"]}}],"collection":[{"href":"https:\/\/www.promostore.com.ar\/web\/wp-json\/wp\/v2\/product"}],"about":[{"href":"https:\/\/www.promostore.com.ar\/web\/wp-json\/wp\/v2\/types\/product"}],"replies":[{"embeddable":true,"href":"https:\/\/www.promostore.com.ar\/web\/wp-json\/wp\/v2\/comments?post=3901"}],"wp:featuredmedia":[{"embeddable":true,"href":"https:\/\/www.promostore.com.ar\/web\/wp-json\/wp\/v2\/media\/3902"}],"wp:attachment":[{"href":"https:\/\/www.promostore.com.ar\/web\/wp-json\/wp\/v2\/media?parent=3901"}],"wp:term":[{"taxonomy":"product_brand","embeddable":true,"href":"https:\/\/www.promostore.com.ar\/web\/wp-json\/wp\/v2\/product_brand?post=3901"},{"taxonomy":"product_cat","embeddable":true,"href":"https:\/\/www.promostore.com.ar\/web\/wp-json\/wp\/v2\/product_cat?post=3901"},{"taxonomy":"product_tag","embeddable":true,"href":"https:\/\/www.promostore.com.ar\/web\/wp-json\/wp\/v2\/product_tag?post=3901"}],"curies":[{"name":"wp","href":"https:\/\/api.w.org\/{rel}","templated":true}]}}