{"id":3915,"date":"2026-04-03T08:51:23","date_gmt":"2026-04-03T11:51:23","guid":{"rendered":"https:\/\/www.promostore.com.ar\/web\/producto\/banco-twist\/"},"modified":"2026-04-30T09:49:48","modified_gmt":"2026-04-30T12:49:48","slug":"banco-twist","status":"publish","type":"product","link":"https:\/\/www.promostore.com.ar\/web\/producto\/banco-twist\/","title":{"rendered":"Banco Twist"},"content":{"rendered":"<p>Banco plegable con dise\u00f1o tipo acorde\u00f3n. Esta fabricado en polipropileno (PP). Cuenta con una estructura plegable tipo acorde\u00f3n, tapa plana sin dise\u00f1o y una bolsa de transporte de tela Oxford 600D color gris. Es ideal para llevar en salidas al aire libre, camping o utilizar como asiento port\u00e1til en cualquier ocasi\u00f3n gracias a su dise\u00f1o liviano y resistente. <\/p>\n<p>Tahg.<\/p>\n\n    <div class=\"xs_social_share_widget xs_share_url after_content \t\tmain_content  wslu-style-1 wslu-share-box-shaped wslu-fill-colored wslu-none wslu-share-horizontal wslu-theme-font-no wslu-main_content\">\n\n\t\t\n        <ul>\n\t\t\t        <\/ul>\n    <\/div> \n","protected":false},"excerpt":{"rendered":"<p>Banco plegable con dise\u00f1o tipo acorde\u00f3n. Esta fabricado en polipropileno (PP). Cuenta con una estructura plegable tipo acorde\u00f3n, tapa plana sin dise\u00f1o y una bolsa de transporte de tela Oxford 600D color gris. Es ideal para llevar en salidas al aire libre, camping o utilizar como asiento port\u00e1til en cualquier ocasi\u00f3n gracias a su dise\u00f1o liviano y resistente. Tahg.<\/p>\n","protected":false},"featured_media":3916,"comment_status":"open","ping_status":"closed","template":"","meta":{"postBodyCss":"","postBodyMargin":[],"postBodyPadding":[],"postBodyBackground":{"backgroundType":"classic","gradient":""}},"product_brand":[],"product_cat":[351],"product_tag":[],"class_list":{"0":"post-3915","1":"product","2":"type-product","3":"status-publish","4":"has-post-thumbnail","6":"product_cat-zc-hogar-y-tiempo-libre","8":"first","9":"instock","10":"shipping-taxable","11":"purchasable","12":"product-type-simple"},"_links":{"self":[{"href":"https:\/\/www.promostore.com.ar\/web\/wp-json\/wp\/v2\/product\/3915","targetHints":{"allow":["GET"]}}],"collection":[{"href":"https:\/\/www.promostore.com.ar\/web\/wp-json\/wp\/v2\/product"}],"about":[{"href":"https:\/\/www.promostore.com.ar\/web\/wp-json\/wp\/v2\/types\/product"}],"replies":[{"embeddable":true,"href":"https:\/\/www.promostore.com.ar\/web\/wp-json\/wp\/v2\/comments?post=3915"}],"wp:featuredmedia":[{"embeddable":true,"href":"https:\/\/www.promostore.com.ar\/web\/wp-json\/wp\/v2\/media\/3916"}],"wp:attachment":[{"href":"https:\/\/www.promostore.com.ar\/web\/wp-json\/wp\/v2\/media?parent=3915"}],"wp:term":[{"taxonomy":"product_brand","embeddable":true,"href":"https:\/\/www.promostore.com.ar\/web\/wp-json\/wp\/v2\/product_brand?post=3915"},{"taxonomy":"product_cat","embeddable":true,"href":"https:\/\/www.promostore.com.ar\/web\/wp-json\/wp\/v2\/product_cat?post=3915"},{"taxonomy":"product_tag","embeddable":true,"href":"https:\/\/www.promostore.com.ar\/web\/wp-json\/wp\/v2\/product_tag?post=3915"}],"curies":[{"name":"wp","href":"https:\/\/api.w.org\/{rel}","templated":true}]}}