{"id":3929,"date":"2026-04-03T08:51:29","date_gmt":"2026-04-03T11:51:29","guid":{"rendered":"https:\/\/www.promostore.com.ar\/web\/producto\/jarro-venti\/"},"modified":"2026-04-30T09:49:51","modified_gmt":"2026-04-30T12:49:51","slug":"jarro-venti","status":"publish","type":"product","link":"https:\/\/www.promostore.com.ar\/web\/producto\/jarro-venti\/","title":{"rendered":"Jarro Venti"},"content":{"rendered":"<p>Taza esmaltada de acero inoxidable 304 con acabado en hierro y esmalte, fabricada con materiales duraderos y resistentes. Cuenta con dise\u00f1o cl\u00e1sico y asa ergon\u00f3mica que asegura un agarre c\u00f3modo. Es ideal para disfrutar de caf\u00e9, t\u00e9 o infusiones tanto en casa como en la oficina o actividades al aire libre.<\/p>\n<p>Capacidad: 700ml<br \/>\nDimensiones: 130 mm x 91 mm x 127 mm.<\/p>\n<p>Pampa Spirit.<\/p>\n\n    <div class=\"xs_social_share_widget xs_share_url after_content \t\tmain_content  wslu-style-1 wslu-share-box-shaped wslu-fill-colored wslu-none wslu-share-horizontal wslu-theme-font-no wslu-main_content\">\n\n\t\t\n        <ul>\n\t\t\t        <\/ul>\n    <\/div> \n","protected":false},"excerpt":{"rendered":"<p>Taza esmaltada de acero inoxidable 304 con acabado en hierro y esmalte, fabricada con materiales duraderos y resistentes. Cuenta con dise\u00f1o cl\u00e1sico y asa ergon\u00f3mica que asegura un agarre c\u00f3modo. Es ideal para disfrutar de caf\u00e9, t\u00e9 o infusiones tanto en casa como en la oficina o actividades al aire libre. Capacidad: 700ml Dimensiones: 130 mm x 91 mm x 127 mm. Pampa Spirit.<\/p>\n","protected":false},"featured_media":3930,"comment_status":"open","ping_status":"closed","template":"","meta":{"postBodyCss":"","postBodyMargin":[],"postBodyPadding":[],"postBodyBackground":{"backgroundType":"classic","gradient":""}},"product_brand":[],"product_cat":[354],"product_tag":[],"class_list":{"0":"post-3929","1":"product","2":"type-product","3":"status-publish","4":"has-post-thumbnail","6":"product_cat-zc-drinkware","8":"first","9":"instock","10":"shipping-taxable","11":"purchasable","12":"product-type-simple"},"_links":{"self":[{"href":"https:\/\/www.promostore.com.ar\/web\/wp-json\/wp\/v2\/product\/3929","targetHints":{"allow":["GET"]}}],"collection":[{"href":"https:\/\/www.promostore.com.ar\/web\/wp-json\/wp\/v2\/product"}],"about":[{"href":"https:\/\/www.promostore.com.ar\/web\/wp-json\/wp\/v2\/types\/product"}],"replies":[{"embeddable":true,"href":"https:\/\/www.promostore.com.ar\/web\/wp-json\/wp\/v2\/comments?post=3929"}],"wp:featuredmedia":[{"embeddable":true,"href":"https:\/\/www.promostore.com.ar\/web\/wp-json\/wp\/v2\/media\/3930"}],"wp:attachment":[{"href":"https:\/\/www.promostore.com.ar\/web\/wp-json\/wp\/v2\/media?parent=3929"}],"wp:term":[{"taxonomy":"product_brand","embeddable":true,"href":"https:\/\/www.promostore.com.ar\/web\/wp-json\/wp\/v2\/product_brand?post=3929"},{"taxonomy":"product_cat","embeddable":true,"href":"https:\/\/www.promostore.com.ar\/web\/wp-json\/wp\/v2\/product_cat?post=3929"},{"taxonomy":"product_tag","embeddable":true,"href":"https:\/\/www.promostore.com.ar\/web\/wp-json\/wp\/v2\/product_tag?post=3929"}],"curies":[{"name":"wp","href":"https:\/\/api.w.org\/{rel}","templated":true}]}}