{"id":3931,"date":"2026-04-03T08:51:30","date_gmt":"2026-04-03T11:51:30","guid":{"rendered":"https:\/\/www.promostore.com.ar\/web\/producto\/lanyard-pass\/"},"modified":"2026-04-30T09:49:51","modified_gmt":"2026-04-30T12:49:51","slug":"lanyard-pass","status":"publish","type":"product","link":"https:\/\/www.promostore.com.ar\/web\/producto\/lanyard-pass\/","title":{"rendered":"Lanyard Pass"},"content":{"rendered":"<p>Cinta porta credenciales resistente y pr\u00e1ctica. Fabricado con poli\u00e9ster y aleaci\u00f3n de zinc. Cuenta con gancho met\u00e1lico giratorio para sujetar identificaciones o llaves, cinta de 44 cm de longitud total y dise\u00f1o c\u00f3modo para usar todo el d\u00eda. Es ideal para eventos, ferias, oficinas o como accesorio diario para portar credenciales y mantenerlas siempre a mano.<br \/>\nTahg.<\/p>\n\n    <div class=\"xs_social_share_widget xs_share_url after_content \t\tmain_content  wslu-style-1 wslu-share-box-shaped wslu-fill-colored wslu-none wslu-share-horizontal wslu-theme-font-no wslu-main_content\">\n\n\t\t\n        <ul>\n\t\t\t        <\/ul>\n    <\/div> \n","protected":false},"excerpt":{"rendered":"<p>Cinta porta credenciales resistente y pr\u00e1ctica. Fabricado con poli\u00e9ster y aleaci\u00f3n de zinc. Cuenta con gancho met\u00e1lico giratorio para sujetar identificaciones o llaves, cinta de 44 cm de longitud total y dise\u00f1o c\u00f3modo para usar todo el d\u00eda. Es ideal para eventos, ferias, oficinas o como accesorio diario para portar credenciales y mantenerlas siempre a mano. Tahg.<\/p>\n","protected":false},"featured_media":3932,"comment_status":"open","ping_status":"closed","template":"","meta":{"postBodyCss":"","postBodyMargin":[],"postBodyPadding":[],"postBodyBackground":{"backgroundType":"classic","gradient":""}},"product_brand":[],"product_cat":[368],"product_tag":[],"class_list":{"0":"post-3931","1":"product","2":"type-product","3":"status-publish","4":"has-post-thumbnail","6":"product_cat-zc-2026-agro","8":"first","9":"instock","10":"shipping-taxable","11":"purchasable","12":"product-type-simple"},"_links":{"self":[{"href":"https:\/\/www.promostore.com.ar\/web\/wp-json\/wp\/v2\/product\/3931","targetHints":{"allow":["GET"]}}],"collection":[{"href":"https:\/\/www.promostore.com.ar\/web\/wp-json\/wp\/v2\/product"}],"about":[{"href":"https:\/\/www.promostore.com.ar\/web\/wp-json\/wp\/v2\/types\/product"}],"replies":[{"embeddable":true,"href":"https:\/\/www.promostore.com.ar\/web\/wp-json\/wp\/v2\/comments?post=3931"}],"wp:featuredmedia":[{"embeddable":true,"href":"https:\/\/www.promostore.com.ar\/web\/wp-json\/wp\/v2\/media\/3932"}],"wp:attachment":[{"href":"https:\/\/www.promostore.com.ar\/web\/wp-json\/wp\/v2\/media?parent=3931"}],"wp:term":[{"taxonomy":"product_brand","embeddable":true,"href":"https:\/\/www.promostore.com.ar\/web\/wp-json\/wp\/v2\/product_brand?post=3931"},{"taxonomy":"product_cat","embeddable":true,"href":"https:\/\/www.promostore.com.ar\/web\/wp-json\/wp\/v2\/product_cat?post=3931"},{"taxonomy":"product_tag","embeddable":true,"href":"https:\/\/www.promostore.com.ar\/web\/wp-json\/wp\/v2\/product_tag?post=3931"}],"curies":[{"name":"wp","href":"https:\/\/api.w.org\/{rel}","templated":true}]}}