{"id":3937,"date":"2026-04-03T08:51:33","date_gmt":"2026-04-03T11:51:33","guid":{"rendered":"https:\/\/www.promostore.com.ar\/web\/producto\/boligrafo-vento-silver\/"},"modified":"2026-05-02T07:49:51","modified_gmt":"2026-05-02T10:49:51","slug":"boligrafo-vento-silver","status":"publish","type":"product","link":"https:\/\/www.promostore.com.ar\/web\/producto\/boligrafo-vento-silver\/","title":{"rendered":"Boligrafo Vento Silver"},"content":{"rendered":"<p>Bol\u00edgrafo con cuerpo curvo pl\u00e1stico en acabado plateado. Cuenta con grip de goma de color, clip y bot\u00f3n met\u00e1lico, mecanismo retr\u00e1ctil y tinta negra.<br \/>\nProducto libre de BPA.<br \/>\nTahg<\/p>\n\n    <div class=\"xs_social_share_widget xs_share_url after_content \t\tmain_content  wslu-style-1 wslu-share-box-shaped wslu-fill-colored wslu-none wslu-share-horizontal wslu-theme-font-no wslu-main_content\">\n\n\t\t\n        <ul>\n\t\t\t        <\/ul>\n    <\/div> \n","protected":false},"excerpt":{"rendered":"<p>Bol\u00edgrafo con cuerpo curvo pl\u00e1stico en acabado plateado. Cuenta con grip de goma de color, clip y bot\u00f3n met\u00e1lico, mecanismo retr\u00e1ctil y tinta negra. Producto libre de BPA. Tahg<\/p>\n","protected":false},"featured_media":3938,"comment_status":"open","ping_status":"closed","template":"","meta":{"postBodyCss":"","postBodyMargin":[],"postBodyPadding":[],"postBodyBackground":{"backgroundType":"classic","gradient":""}},"product_brand":[],"product_cat":[348],"product_tag":[],"class_list":{"0":"post-3937","1":"product","2":"type-product","3":"status-publish","4":"has-post-thumbnail","6":"product_cat-zc-proximos-arribos","8":"first","9":"instock","10":"shipping-taxable","11":"purchasable","12":"product-type-simple"},"_links":{"self":[{"href":"https:\/\/www.promostore.com.ar\/web\/wp-json\/wp\/v2\/product\/3937","targetHints":{"allow":["GET"]}}],"collection":[{"href":"https:\/\/www.promostore.com.ar\/web\/wp-json\/wp\/v2\/product"}],"about":[{"href":"https:\/\/www.promostore.com.ar\/web\/wp-json\/wp\/v2\/types\/product"}],"replies":[{"embeddable":true,"href":"https:\/\/www.promostore.com.ar\/web\/wp-json\/wp\/v2\/comments?post=3937"}],"wp:featuredmedia":[{"embeddable":true,"href":"https:\/\/www.promostore.com.ar\/web\/wp-json\/wp\/v2\/media\/3938"}],"wp:attachment":[{"href":"https:\/\/www.promostore.com.ar\/web\/wp-json\/wp\/v2\/media?parent=3937"}],"wp:term":[{"taxonomy":"product_brand","embeddable":true,"href":"https:\/\/www.promostore.com.ar\/web\/wp-json\/wp\/v2\/product_brand?post=3937"},{"taxonomy":"product_cat","embeddable":true,"href":"https:\/\/www.promostore.com.ar\/web\/wp-json\/wp\/v2\/product_cat?post=3937"},{"taxonomy":"product_tag","embeddable":true,"href":"https:\/\/www.promostore.com.ar\/web\/wp-json\/wp\/v2\/product_tag?post=3937"}],"curies":[{"name":"wp","href":"https:\/\/api.w.org\/{rel}","templated":true}]}}