{"id":396,"date":"2017-10-23T16:49:35","date_gmt":"2017-10-23T16:49:35","guid":{"rendered":"http:\/\/www.promostore.com.ar\/web\/?post_type=product&#038;p=396"},"modified":"2017-10-25T15:13:29","modified_gmt":"2017-10-25T15:13:29","slug":"ec-687-ss","status":"publish","type":"product","link":"https:\/\/www.promostore.com.ar\/web\/producto\/ec-687-ss\/","title":{"rendered":"EC 687 SS"},"content":{"rendered":"\n    <div class=\"xs_social_share_widget xs_share_url after_content \t\tmain_content  wslu-style-1 wslu-share-box-shaped wslu-fill-colored wslu-none wslu-share-horizontal wslu-theme-font-no wslu-main_content\">\n\n\t\t\n        <ul>\n\t\t\t        <\/ul>\n    <\/div> \n","protected":false},"excerpt":{"rendered":"<p>Pl\u00e1stico. Medidas 17 x 12 x 10,5 cm. Contiene lentes de alta definici\u00f3n superficie esf\u00e9rica de 42 mm, con distancia ajustable entre el tel\u00e9fono celular y el lente. Para sistema operativo Android + IO: no necesita otro hardware. Libertad de movimiento sin cables. Soporta videos 3D lado a lado. Dispone de salida para auriculares y cable USB. Visores acolchados. Especificaciones t\u00e9cnicas: adecuado para pantallas de tel\u00e9fonos celulares de 4.7 hasta 5.5\/6 pulgadas y que tengan incorporado sensor girosc\u00f3pico (capta la inclinaci\u00f3n y orientaci\u00f3n) Tama\u00f1o de pantalla: 1050 pulgadas.<\/p>\n","protected":false},"featured_media":651,"comment_status":"open","ping_status":"closed","template":"","meta":{"postBodyCss":"","postBodyMargin":[],"postBodyPadding":[],"postBodyBackground":{"backgroundType":"classic","gradient":""}},"product_brand":[],"product_cat":[65],"product_tag":[],"class_list":{"0":"post-396","1":"product","2":"type-product","3":"status-publish","4":"has-post-thumbnail","6":"product_cat-tecnologia-auriculares","8":"first","9":"instock","10":"shipping-taxable","11":"purchasable","12":"product-type-simple"},"_links":{"self":[{"href":"https:\/\/www.promostore.com.ar\/web\/wp-json\/wp\/v2\/product\/396","targetHints":{"allow":["GET"]}}],"collection":[{"href":"https:\/\/www.promostore.com.ar\/web\/wp-json\/wp\/v2\/product"}],"about":[{"href":"https:\/\/www.promostore.com.ar\/web\/wp-json\/wp\/v2\/types\/product"}],"replies":[{"embeddable":true,"href":"https:\/\/www.promostore.com.ar\/web\/wp-json\/wp\/v2\/comments?post=396"}],"wp:featuredmedia":[{"embeddable":true,"href":"https:\/\/www.promostore.com.ar\/web\/wp-json\/wp\/v2\/media\/651"}],"wp:attachment":[{"href":"https:\/\/www.promostore.com.ar\/web\/wp-json\/wp\/v2\/media?parent=396"}],"wp:term":[{"taxonomy":"product_brand","embeddable":true,"href":"https:\/\/www.promostore.com.ar\/web\/wp-json\/wp\/v2\/product_brand?post=396"},{"taxonomy":"product_cat","embeddable":true,"href":"https:\/\/www.promostore.com.ar\/web\/wp-json\/wp\/v2\/product_cat?post=396"},{"taxonomy":"product_tag","embeddable":true,"href":"https:\/\/www.promostore.com.ar\/web\/wp-json\/wp\/v2\/product_tag?post=396"}],"curies":[{"name":"wp","href":"https:\/\/api.w.org\/{rel}","templated":true}]}}