{"id":3963,"date":"2026-04-03T08:51:46","date_gmt":"2026-04-03T11:51:46","guid":{"rendered":"https:\/\/www.promostore.com.ar\/web\/producto\/llavero-infinito\/"},"modified":"2026-05-02T07:49:51","modified_gmt":"2026-05-02T10:49:51","slug":"llavero-infinito","status":"publish","type":"product","link":"https:\/\/www.promostore.com.ar\/web\/producto\/llavero-infinito\/","title":{"rendered":"Llavero Infinito"},"content":{"rendered":"<p>Llavero con dise\u00f1o en forma de lazo, elaborado en cuerda resistente con terminaciones met\u00e1licas en satinado plateado. Hecho para brindar durabilidad y est\u00e9tica, cuenta con anillo de metal para sujeci\u00f3n segura y estilo minimalista. Es ideal para regalos promocionales o uso personal y para acompa\u00f1ar las llaves con un toque distintivo, pr\u00e1ctico y moderno.<\/p>\n<p>Tahg<\/p>\n\n    <div class=\"xs_social_share_widget xs_share_url after_content \t\tmain_content  wslu-style-1 wslu-share-box-shaped wslu-fill-colored wslu-none wslu-share-horizontal wslu-theme-font-no wslu-main_content\">\n\n\t\t\n        <ul>\n\t\t\t        <\/ul>\n    <\/div> \n","protected":false},"excerpt":{"rendered":"<p>Llavero con dise\u00f1o en forma de lazo, elaborado en cuerda resistente con terminaciones met\u00e1licas en satinado plateado. Hecho para brindar durabilidad y est\u00e9tica, cuenta con anillo de metal para sujeci\u00f3n segura y estilo minimalista. Es ideal para regalos promocionales o uso personal y para acompa\u00f1ar las llaves con un toque distintivo, pr\u00e1ctico y moderno. Tahg<\/p>\n","protected":false},"featured_media":3964,"comment_status":"open","ping_status":"closed","template":"","meta":{"postBodyCss":"","postBodyMargin":[],"postBodyPadding":[],"postBodyBackground":{"backgroundType":"classic","gradient":""}},"product_brand":[],"product_cat":[357],"product_tag":[],"class_list":{"0":"post-3963","1":"product","2":"type-product","3":"status-publish","4":"has-post-thumbnail","6":"product_cat-zc-llaveros","8":"first","9":"instock","10":"shipping-taxable","11":"purchasable","12":"product-type-simple"},"_links":{"self":[{"href":"https:\/\/www.promostore.com.ar\/web\/wp-json\/wp\/v2\/product\/3963","targetHints":{"allow":["GET"]}}],"collection":[{"href":"https:\/\/www.promostore.com.ar\/web\/wp-json\/wp\/v2\/product"}],"about":[{"href":"https:\/\/www.promostore.com.ar\/web\/wp-json\/wp\/v2\/types\/product"}],"replies":[{"embeddable":true,"href":"https:\/\/www.promostore.com.ar\/web\/wp-json\/wp\/v2\/comments?post=3963"}],"wp:featuredmedia":[{"embeddable":true,"href":"https:\/\/www.promostore.com.ar\/web\/wp-json\/wp\/v2\/media\/3964"}],"wp:attachment":[{"href":"https:\/\/www.promostore.com.ar\/web\/wp-json\/wp\/v2\/media?parent=3963"}],"wp:term":[{"taxonomy":"product_brand","embeddable":true,"href":"https:\/\/www.promostore.com.ar\/web\/wp-json\/wp\/v2\/product_brand?post=3963"},{"taxonomy":"product_cat","embeddable":true,"href":"https:\/\/www.promostore.com.ar\/web\/wp-json\/wp\/v2\/product_cat?post=3963"},{"taxonomy":"product_tag","embeddable":true,"href":"https:\/\/www.promostore.com.ar\/web\/wp-json\/wp\/v2\/product_tag?post=3963"}],"curies":[{"name":"wp","href":"https:\/\/api.w.org\/{rel}","templated":true}]}}