{"id":3971,"date":"2026-04-03T08:51:49","date_gmt":"2026-04-03T11:51:49","guid":{"rendered":"https:\/\/www.promostore.com.ar\/web\/producto\/handler-hydra-go\/"},"modified":"2026-04-30T00:49:51","modified_gmt":"2026-04-30T03:49:51","slug":"handler-hydra-go","status":"publish","type":"product","link":"https:\/\/www.promostore.com.ar\/web\/producto\/handler-hydra-go\/","title":{"rendered":"Handler Hydra Go"},"content":{"rendered":"<p>Botella t\u00e9rmica con manija integrada fabricada en acero inoxidable. Hecha con cuerpo interior de acero inoxidable 304, exterior y base de acero inoxidable 201 y tapa de polipropileno, AS y silicona. Cuenta con doble pared aislante, tapa a rosca con cierre herm\u00e9tico y manija ergon\u00f3mica incorporada para f\u00e1cil transporte. Es ideal para mantener tus bebidas fr\u00edas o calientes durante el d\u00eda, perfecta para la oficina, actividades al aire libre o viajes.<\/p>\n<p>Capacidad: 600 ml \/ 20 oz<\/p>\n<p>Hydra Go<\/p>\n\n    <div class=\"xs_social_share_widget xs_share_url after_content \t\tmain_content  wslu-style-1 wslu-share-box-shaped wslu-fill-colored wslu-none wslu-share-horizontal wslu-theme-font-no wslu-main_content\">\n\n\t\t\n        <ul>\n\t\t\t        <\/ul>\n    <\/div> \n","protected":false},"excerpt":{"rendered":"<p>Botella t\u00e9rmica con manija integrada fabricada en acero inoxidable. Hecha con cuerpo interior de acero inoxidable 304, exterior y base de acero inoxidable 201 y tapa de polipropileno, AS y silicona. Cuenta con doble pared aislante, tapa a rosca con cierre herm\u00e9tico y manija ergon\u00f3mica incorporada para f\u00e1cil transporte. Es ideal para mantener tus bebidas fr\u00edas o calientes durante el d\u00eda, perfecta para la oficina, actividades al aire libre o viajes. Capacidad: 600 ml \/ 20 oz Hydra Go<\/p>\n","protected":false},"featured_media":3972,"comment_status":"open","ping_status":"closed","template":"","meta":{"postBodyCss":"","postBodyMargin":[],"postBodyPadding":[],"postBodyBackground":{"backgroundType":"classic","gradient":""}},"product_brand":[],"product_cat":[352],"product_tag":[],"class_list":{"0":"post-3971","1":"product","2":"type-product","3":"status-publish","4":"has-post-thumbnail","6":"product_cat-zc-2026-dia-del-padre","8":"first","9":"instock","10":"shipping-taxable","11":"purchasable","12":"product-type-simple"},"_links":{"self":[{"href":"https:\/\/www.promostore.com.ar\/web\/wp-json\/wp\/v2\/product\/3971","targetHints":{"allow":["GET"]}}],"collection":[{"href":"https:\/\/www.promostore.com.ar\/web\/wp-json\/wp\/v2\/product"}],"about":[{"href":"https:\/\/www.promostore.com.ar\/web\/wp-json\/wp\/v2\/types\/product"}],"replies":[{"embeddable":true,"href":"https:\/\/www.promostore.com.ar\/web\/wp-json\/wp\/v2\/comments?post=3971"}],"wp:featuredmedia":[{"embeddable":true,"href":"https:\/\/www.promostore.com.ar\/web\/wp-json\/wp\/v2\/media\/3972"}],"wp:attachment":[{"href":"https:\/\/www.promostore.com.ar\/web\/wp-json\/wp\/v2\/media?parent=3971"}],"wp:term":[{"taxonomy":"product_brand","embeddable":true,"href":"https:\/\/www.promostore.com.ar\/web\/wp-json\/wp\/v2\/product_brand?post=3971"},{"taxonomy":"product_cat","embeddable":true,"href":"https:\/\/www.promostore.com.ar\/web\/wp-json\/wp\/v2\/product_cat?post=3971"},{"taxonomy":"product_tag","embeddable":true,"href":"https:\/\/www.promostore.com.ar\/web\/wp-json\/wp\/v2\/product_tag?post=3971"}],"curies":[{"name":"wp","href":"https:\/\/api.w.org\/{rel}","templated":true}]}}